{"id":124,"date":"2018-05-15T18:01:16","date_gmt":"2018-05-15T21:01:16","guid":{"rendered":"https:\/\/wp.ufpel.edu.br\/eifi\/?page_id=124"},"modified":"2018-10-15T17:04:02","modified_gmt":"2018-10-15T20:04:02","slug":"inscricoes","status":"publish","type":"page","link":"https:\/\/wp.ufpel.edu.br\/eifi\/inscricoes\/","title":{"rendered":"Inscri\u00e7\u00f5es"},"content":{"rendered":"<p><strong>Abertas as inscri\u00e7\u00f5es para Ouvintes<\/strong><\/p>\n<p>Aten\u00e7\u00e3o: para inscri\u00e7\u00e3o na modalidade ouvinte, veja as instru\u00e7\u00f5es abaixo:<\/p>\n<ol>\n<li style=\"text-align: justify\">Efetuar o pagamento da taxa de inscri\u00e7\u00e3o, mediante dep\u00f3sito do respectivo valor na conta corrente do <strong><strong>Banco do Brasil,\u00a0Ag\u00eancia 0029-9,\u00a0conta 43.390-X, nome &#8220;Fundacao D M Silveira&#8221;, at\u00e9 o dia 23 de outubro de 2018.<\/strong><\/strong>&nbsp;<\/li>\n<li>Atentar para o valor da inscri\u00e7\u00e3o:<br \/>\nOuvinte &#8211; R$ 10,00<\/li>\n<li>Preencher o formul\u00e1rio abaixo, anexando o comprovante de pagamento (em formato pdf) e enviar \u00e0 secretaria do Encontro (bot\u00e3o &#8220;enviar&#8221;).<\/li>\n<\/ol>\n<div><\/div>\n<div>\n<div class=\"wpcf7 no-js\" id=\"wpcf7-f474-o1\" lang=\"pt-BR\" dir=\"ltr\" data-wpcf7-id=\"474\">\n<div class=\"screen-reader-response\"><p role=\"status\" aria-live=\"polite\" aria-atomic=\"true\"><\/p> <ul><\/ul><\/div>\n<form action=\"\/eifi\/wp-json\/wp\/v2\/pages\/124#wpcf7-f474-o1\" method=\"post\" class=\"wpcf7-form init\" aria-label=\"Formul\u00e1rios de contato\" enctype=\"multipart\/form-data\" novalidate=\"novalidate\" data-status=\"init\">\n<fieldset class=\"hidden-fields-container\"><input type=\"hidden\" name=\"_wpcf7\" value=\"474\" \/><input type=\"hidden\" name=\"_wpcf7_version\" value=\"6.1.4\" \/><input type=\"hidden\" name=\"_wpcf7_locale\" value=\"pt_BR\" \/><input type=\"hidden\" name=\"_wpcf7_unit_tag\" value=\"wpcf7-f474-o1\" \/><input type=\"hidden\" name=\"_wpcf7_container_post\" value=\"0\" \/><input type=\"hidden\" name=\"_wpcf7_posted_data_hash\" value=\"\" \/>\n<\/fieldset>\n<p><label> Nome Completo (obrigat\u00f3rio)<br \/>\nNome que constar\u00e1 no certificado<br \/>\n<span class=\"wpcf7-form-control-wrap\" data-name=\"your-name\"><input size=\"40\" maxlength=\"400\" class=\"wpcf7-form-control wpcf7-text wpcf7-validates-as-required\" aria-required=\"true\" aria-invalid=\"false\" value=\"\" type=\"text\" name=\"your-name\" \/><\/span> <\/label>\n<\/p>\n<p><label> Seu e-mail (obrigat\u00f3rio)<br \/>\n<span class=\"wpcf7-form-control-wrap\" data-name=\"your-email\"><input size=\"40\" maxlength=\"400\" class=\"wpcf7-form-control wpcf7-email wpcf7-validates-as-required wpcf7-text wpcf7-validates-as-email\" aria-required=\"true\" aria-invalid=\"false\" value=\"\" type=\"email\" name=\"your-email\" \/><\/span> <\/label>\n<\/p>\n<p><label> Sua mensagem<br \/>\nEscreva aqui apenas se for necess\u00e1rio algum esclarecimento<br \/>\n<span class=\"wpcf7-form-control-wrap\" data-name=\"your-message\"><textarea cols=\"40\" rows=\"10\" maxlength=\"2000\" class=\"wpcf7-form-control wpcf7-textarea\" aria-invalid=\"false\" name=\"your-message\"><\/textarea><\/span> <\/label>\n<\/p>\n<p><span class=\"wpcf7-form-control-wrap\" data-name=\"file-541\"><input size=\"40\" class=\"wpcf7-form-control wpcf7-file wpcf7-validates-as-required\" accept=\".pdf\" aria-required=\"true\" aria-invalid=\"false\" type=\"file\" name=\"file-541\" \/><\/span><br \/>\nApenas documento no formato \"pdf\"<br \/>\n<input class=\"wpcf7-form-control wpcf7-submit has-spinner\" type=\"submit\" value=\"Enviar\" \/>\n<\/p><p style=\"display: none !important;\" class=\"akismet-fields-container\" data-prefix=\"_wpcf7_ak_\"><label>&#916;<textarea name=\"_wpcf7_ak_hp_textarea\" cols=\"45\" rows=\"8\" maxlength=\"100\"><\/textarea><\/label><input type=\"hidden\" id=\"ak_js_1\" name=\"_wpcf7_ak_js\" value=\"173\"\/><script>document.getElementById( \"ak_js_1\" ).setAttribute( \"value\", ( new Date() ).getTime() );<\/script><\/p><div class=\"wpcf7-response-output\" aria-hidden=\"true\"><\/div>\n<\/form>\n<\/div>\n<\/div>\n<p>&nbsp;<\/p>\n<h6><\/h6>\n<p>&nbsp;<\/p>\n","protected":false},"excerpt":{"rendered":"<p>Abertas as inscri\u00e7\u00f5es para Ouvintes Aten\u00e7\u00e3o: para inscri\u00e7\u00e3o na modalidade ouvinte, veja as instru\u00e7\u00f5es abaixo: Efetuar o pagamento da taxa de inscri\u00e7\u00e3o, mediante dep\u00f3sito do respectivo valor na conta corrente do Banco do Brasil,\u00a0Ag\u00eancia 0029-9,\u00a0conta 43.390-X, nome &#8220;Fundacao D M Silveira&#8221;, at\u00e9 o dia 23 de outubro de 2018.&nbsp; Atentar para o valor da inscri\u00e7\u00e3o: [&hellip;]<\/p>\n","protected":false},"author":784,"featured_media":0,"parent":0,"menu_order":0,"comment_status":"closed","ping_status":"closed","template":"","meta":{"footnotes":""},"class_list":["post-124","page","type-page","status-publish","hentry"],"_links":{"self":[{"href":"https:\/\/wp.ufpel.edu.br\/eifi\/wp-json\/wp\/v2\/pages\/124","targetHints":{"allow":["GET"]}}],"collection":[{"href":"https:\/\/wp.ufpel.edu.br\/eifi\/wp-json\/wp\/v2\/pages"}],"about":[{"href":"https:\/\/wp.ufpel.edu.br\/eifi\/wp-json\/wp\/v2\/types\/page"}],"author":[{"embeddable":true,"href":"https:\/\/wp.ufpel.edu.br\/eifi\/wp-json\/wp\/v2\/users\/784"}],"replies":[{"embeddable":true,"href":"https:\/\/wp.ufpel.edu.br\/eifi\/wp-json\/wp\/v2\/comments?post=124"}],"version-history":[{"count":12,"href":"https:\/\/wp.ufpel.edu.br\/eifi\/wp-json\/wp\/v2\/pages\/124\/revisions"}],"predecessor-version":[{"id":475,"href":"https:\/\/wp.ufpel.edu.br\/eifi\/wp-json\/wp\/v2\/pages\/124\/revisions\/475"}],"wp:attachment":[{"href":"https:\/\/wp.ufpel.edu.br\/eifi\/wp-json\/wp\/v2\/media?parent=124"}],"curies":[{"name":"wp","href":"https:\/\/api.w.org\/{rel}","templated":true}]}}