{"id":120,"date":"2018-05-15T18:00:23","date_gmt":"2018-05-15T21:00:23","guid":{"rendered":"https:\/\/wp.ufpel.edu.br\/eifi\/?page_id=120"},"modified":"2018-09-10T15:21:37","modified_gmt":"2018-09-10T18:21:37","slug":"historia-regional","status":"publish","type":"page","link":"https:\/\/wp.ufpel.edu.br\/eifi\/historia-regional\/","title":{"rendered":"Hist\u00f3ria Regional"},"content":{"rendered":"<p><strong>Ana Inez Klein<\/strong> (UFPel) | <strong>Paulo Cesar Possamai<\/strong> (UFPel)<\/p>\n<p style=\"text-align: justify\">A partir da experi\u00eancia de trabalho desenvolvida no N\u00facleo de Pesquisa em Hist\u00f3ria Regional da UFPEL, este Simp\u00f3sio Tem\u00e1tico prop\u00f5e-se a debater trabalhos sobre a Hist\u00f3ria Regional com atua\u00e7\u00e3o reflexiva na Hist\u00f3ria Local, a diversidade te\u00f3rico-metodol\u00f3gica, sua inser\u00e7\u00e3o no ensino de Hist\u00f3ria e a organiza\u00e7\u00e3o de arquivos agregando estudos da historiografia sobre o tema; a produ\u00e7\u00e3o da hist\u00f3ria local e regional; a constru\u00e7\u00e3o de vis\u00f5es cr\u00edticas no ensino de Hist\u00f3ria e as pesquisas de hist\u00f3ria regional a partir do conhecimento e da organiza\u00e7\u00e3o das fontes existentes.<\/p>\n<p>&nbsp;<\/p>\n<h3 style=\"text-align: center\">Trabalhos Selecionados<\/h3>\n<p><strong>Sess\u00e3o 1 (25\/10\/2018)<\/strong><\/p>\n<p>MACHADO, Juliana Porto. Universidade Federal de Pelotas &#8211; FAPERGS\/CAPES.\u00a0<em>A cria\u00e7\u00e3o de guasqueria na fronteira.<\/em><\/p>\n<p>NICOLINI, Cristiano. UFSM.\u00a0<em>Hist\u00f3ria e mem\u00f3ria regional: uma experi\u00eancia no Museu Henrique Uebel (Teut\u00f4nia RS).<\/em><\/p>\n<p>CRUZ, Iago Silva da. Universidade Federal de Pelotas &#8211; CAPES.\u00a0<em>Invent\u00e1rios post mortem e fontes paroquiais: Discuss\u00e3o sobre suas possibilidades e limites para o estudo de redes de rela\u00e7\u00f5es sociais.<\/em><\/p>\n<p>VIEIRA, Airton Munhoz. UFPEL. <em>Representa\u00e7\u00f5es dos negros e ind\u00edgenas em um livro de admiss\u00e3o ao gin\u00e1sio produzido no Rio Grande do Sul (D\u00e9cada de 1960).\u00a0<\/em><\/p>\n<p>RETZLAFF, Kevin. UFPel.\u00a0<em>Diversificando Neg\u00f3cios: uma an\u00e1lise dos acionistas do Banco Pelotense em 1919.<\/em><\/p>\n<p>SABALLA, Viviane A. UFPel.\u00a0<em>Pelotas e Moderniza\u00e7\u00e3o:\u00a0 patrim\u00f4nio hist\u00f3rico-cultural \u00e0 servi\u00e7o do progresso.<\/em><\/p>\n<p>SERRALHEIRO, Cosme Alves. UFSM. SERRALHEIRO, Laryssa Celestino. FURG.\u00a0<em>Cultura maruja do estigma paradigm\u00e1tico: ensinar, civilizar e erradicar para servir! (1836-1840).<\/em><\/p>\n<p><strong>\u00a0<\/strong><\/p>\n<h6 style=\"text-align: right\"><em><strong>Para Inscrever-se enviar o resumo, conforme orienta\u00e7\u00f5es<br \/>\n<\/strong><\/em><em><strong>constantes na \u201caba orienta\u00e7\u00f5es\u201d,\u00a0para o e-mail<br \/>\nanaiklein@gmail.com<br \/>\n<\/strong><\/em><\/h6>\n<h2 style=\"text-align: right\">Hist\u00f3ria Regional: Teorias, Pesquisas, Ensino e Arquivos<\/h2>\n","protected":false},"excerpt":{"rendered":"<p>Ana Inez Klein (UFPel) | Paulo Cesar Possamai (UFPel) A partir da experi\u00eancia de trabalho desenvolvida no N\u00facleo de Pesquisa em Hist\u00f3ria Regional da UFPEL, este Simp\u00f3sio Tem\u00e1tico prop\u00f5e-se a debater trabalhos sobre a Hist\u00f3ria Regional com atua\u00e7\u00e3o reflexiva na Hist\u00f3ria Local, a diversidade te\u00f3rico-metodol\u00f3gica, sua inser\u00e7\u00e3o no ensino de Hist\u00f3ria e a organiza\u00e7\u00e3o de [&hellip;]<\/p>\n","protected":false},"author":784,"featured_media":0,"parent":0,"menu_order":0,"comment_status":"closed","ping_status":"closed","template":"","meta":{"footnotes":""},"class_list":["post-120","page","type-page","status-publish","hentry"],"_links":{"self":[{"href":"https:\/\/wp.ufpel.edu.br\/eifi\/wp-json\/wp\/v2\/pages\/120","targetHints":{"allow":["GET"]}}],"collection":[{"href":"https:\/\/wp.ufpel.edu.br\/eifi\/wp-json\/wp\/v2\/pages"}],"about":[{"href":"https:\/\/wp.ufpel.edu.br\/eifi\/wp-json\/wp\/v2\/types\/page"}],"author":[{"embeddable":true,"href":"https:\/\/wp.ufpel.edu.br\/eifi\/wp-json\/wp\/v2\/users\/784"}],"replies":[{"embeddable":true,"href":"https:\/\/wp.ufpel.edu.br\/eifi\/wp-json\/wp\/v2\/comments?post=120"}],"version-history":[{"count":9,"href":"https:\/\/wp.ufpel.edu.br\/eifi\/wp-json\/wp\/v2\/pages\/120\/revisions"}],"predecessor-version":[{"id":436,"href":"https:\/\/wp.ufpel.edu.br\/eifi\/wp-json\/wp\/v2\/pages\/120\/revisions\/436"}],"wp:attachment":[{"href":"https:\/\/wp.ufpel.edu.br\/eifi\/wp-json\/wp\/v2\/media?parent=120"}],"curies":[{"name":"wp","href":"https:\/\/api.w.org\/{rel}","templated":true}]}}