{"id":112,"date":"2018-05-15T17:51:37","date_gmt":"2018-05-15T20:51:37","guid":{"rendered":"https:\/\/wp.ufpel.edu.br\/eifi\/?page_id=112"},"modified":"2018-09-19T15:59:51","modified_gmt":"2018-09-19T18:59:51","slug":"lazer-e-turismo","status":"publish","type":"page","link":"https:\/\/wp.ufpel.edu.br\/eifi\/lazer-e-turismo\/","title":{"rendered":"Lazer e Turismo"},"content":{"rendered":"<p style=\"text-align: right\"><strong>Dalila M\u00fcller<\/strong> \u2013 UFPEL | <strong>Dalila Rosa Hallal<\/strong> \u2013 UFPEL<\/p>\n<p style=\"text-align: justify\">Este simp\u00f3sio tem\u00e1tico pretende discutir quest\u00f5es relativas ao lazer e ao turismo e sua rela\u00e7\u00e3o com a hist\u00f3ria, a mem\u00f3ria e a identidade, em uma perspectiva interdisciplinar. Essas rela\u00e7\u00f5es se constituem em tema de reflex\u00f5es de profissionais, estudantes e pesquisadores das mais diversas \u00e1reas do conhecimento e apresentam desafios ligados tanto a quest\u00f5es te\u00f3ricas, quanto metodol\u00f3gicas. Assim, este simp\u00f3sio busca reunir pesquisadores de diferentes \u00e1reas, possibilitando um espa\u00e7o de troca e amplia\u00e7\u00e3o das discuss\u00f5es em torno dessas rela\u00e7\u00f5es.<\/p>\n<p>&nbsp;<\/p>\n<h3 style=\"text-align: center\">Trabalhos Selecionados<\/h3>\n<p><strong>Sess\u00e3o 1 (25\/10\/2018).<\/strong><\/p>\n<p>FARINHA, Alessandra Buriol \u2013 Universidade Federal do Pampa; CERQUEIRA, Fabio Vergara &#8211; Universidade Federal de Pelotas.\u00a0<em>Lazer e Hospitalidade em S\u00e3o Jos\u00e9 do Norte no S\u00e9culo XIX: Quando a Devo\u00e7\u00e3o \u00e9 uma Festa.<\/em><\/p>\n<p>SOARES, Rodrigo Lemos. Universidade Federal de Pelotas &#8211; CAPES.\u00a0<em>Dan\u00e7ando no Terreiro: Educa\u00e7\u00e3o dos Corpos para as Giras na Quimbanda.<\/em><\/p>\n<p>DILMANN, Mauro. UFPEL.\u00a0<em>Metodologia de Pesquisa em Patrim\u00f4nio: Possibilidades de Compreens\u00e3o dos Sentidos Culturais dos Cemit\u00e9rios do Campo de Pelotas \u2013 Rio Grande do Sul.<\/em><\/p>\n<p>ECHART, Liara. Universidade do Estado de Santa Catarina.\u00a0<em>Sociabilidade e Lazer no Grande Hotel (Pelotas\/RS, 1928-1938).<\/em><\/p>\n<p>TEIXEIRA, Larissa Plamer.\u00a0Universidade Federal de Pelotas.\u00a0M\u00dcLLER, Dalila.\u00a0Universidade Federal de Pelotas.\u00a0<em>A fam\u00edlia Gotuzzo: sua rela\u00e7\u00e3o com o munic\u00edpio e o Hotel Alian\u00e7a \u2013 Pelotas\/RS.<\/em><\/p>\n<p>M\u00dcLLER, Dalila. Universidade Federal de Pelotas.\u00a0<em>Sociabilidade em Pelotas: os Jogos e os Bailes P\u00fablicos no Final do S\u00e9culo XIX.<\/em><\/p>\n<p>GARCIA, Nat\u00e1lia. UFPel.\u00a0<em>A Funda\u00e7\u00e3o do Sport Club Novo Hamburgo e o Futebol como Forma de Lazer na Localidade de Novo Hamburgo, no In\u00edcio do S\u00e9culo XX.<\/em><\/p>\n<p>ASTULLA, Leandra Serrano de Marins. Universidade Federal Fluminense.\u00a0<em>A Experi\u00eancia Tur\u00edstica no Jardim Bot\u00e2nico do Rio de Janeiro: um Lugar de Hist\u00f3ria, Mem\u00f3ria e Lazer?<\/em><\/p>\n<p>&nbsp;<\/p>\n<p><strong>Sess\u00e3o 2 (26\/10\/2018)<\/strong><\/p>\n<p>CALDAS, Liliane da Cruz. Universidade Federal de Pelotas; DEL PUERTO, Charlene Brum. Universidade Federal de Pelotas.\u00a0<em>Lazer e Acessibilidade em Pelotas\/RS: A\u00e7\u00f5es do Projeto Piloto &#8216;Pelotas Acess\u00edvel&#8217;.<\/em><\/p>\n<p>MADEIRA, E. D. C. \u2013 Instituto Federal Sul-Rio-grandense; PERES, M.S. L. \u2013 Instituto Federal Sul-Rio-grandense.\u00a0<em>Identidade de Pelotas: Mem\u00f3ria do Legado Cultural Conduzido pela Educa\u00e7\u00e3o Patrimonial.<\/em><\/p>\n<p>LEOTI, Alice. UNIPAMPA; PEREIRA, Lucimari Acosta. FURG.\u00a0<em>O Significado do Souvenir para o Turista.<\/em><\/p>\n<p>REIS, Aym\u00e9e Santos dos. Universidade Federal Fluminense. GUIMAR\u00c3ES, Valeria Lima.\u00a0<em>O Turismo do Pan-Americanismo \u00e0 Uni\u00e3o das Na\u00e7\u00f5es Sul-Americanas (UNASUL): Possibilidades e Limites para a Integra\u00e7\u00e3o.<\/em><\/p>\n<p>BERTON, Marina. UFPel. HALLAL, Dalila Rosa. UFPel.\u00a0<em>Bar do Z\u00e9:\u00a0do Armaz\u00e9m ao Bar. Pelotas\/RS.<\/em><\/p>\n<p>CHAGAS, Pierre. UFPel. HALLAL, Dalila Rosa. UFPel.\u00a0<em>Fronteira, Identidade e Alteridade: o Relato de Talita Ribeiro.<\/em><\/p>\n<p>&nbsp;<\/p>\n<h6 style=\"text-align: right\"><em><strong>Para Inscrever-se enviar o resumo, conforme orienta\u00e7\u00f5es<br \/>\n<\/strong><\/em><em><strong>constantes na \u201caba orienta\u00e7\u00f5es\u201d,\u00a0para o e-mail<br \/>\ndalilam2011@gmail.com<br \/>\n<\/strong><\/em><\/h6>\n<h2 style=\"text-align: right\">Lazer e Turismo: Hist\u00f3rias, Mem\u00f3rias e Identidade<\/h2>\n","protected":false},"excerpt":{"rendered":"<p>Dalila M\u00fcller \u2013 UFPEL | Dalila Rosa Hallal \u2013 UFPEL Este simp\u00f3sio tem\u00e1tico pretende discutir quest\u00f5es relativas ao lazer e ao turismo e sua rela\u00e7\u00e3o com a hist\u00f3ria, a mem\u00f3ria e a identidade, em uma perspectiva interdisciplinar. Essas rela\u00e7\u00f5es se constituem em tema de reflex\u00f5es de profissionais, estudantes e pesquisadores das mais diversas \u00e1reas do [&hellip;]<\/p>\n","protected":false},"author":784,"featured_media":0,"parent":0,"menu_order":0,"comment_status":"closed","ping_status":"closed","template":"","meta":{"footnotes":""},"class_list":["post-112","page","type-page","status-publish","hentry"],"_links":{"self":[{"href":"https:\/\/wp.ufpel.edu.br\/eifi\/wp-json\/wp\/v2\/pages\/112","targetHints":{"allow":["GET"]}}],"collection":[{"href":"https:\/\/wp.ufpel.edu.br\/eifi\/wp-json\/wp\/v2\/pages"}],"about":[{"href":"https:\/\/wp.ufpel.edu.br\/eifi\/wp-json\/wp\/v2\/types\/page"}],"author":[{"embeddable":true,"href":"https:\/\/wp.ufpel.edu.br\/eifi\/wp-json\/wp\/v2\/users\/784"}],"replies":[{"embeddable":true,"href":"https:\/\/wp.ufpel.edu.br\/eifi\/wp-json\/wp\/v2\/comments?post=112"}],"version-history":[{"count":8,"href":"https:\/\/wp.ufpel.edu.br\/eifi\/wp-json\/wp\/v2\/pages\/112\/revisions"}],"predecessor-version":[{"id":463,"href":"https:\/\/wp.ufpel.edu.br\/eifi\/wp-json\/wp\/v2\/pages\/112\/revisions\/463"}],"wp:attachment":[{"href":"https:\/\/wp.ufpel.edu.br\/eifi\/wp-json\/wp\/v2\/media?parent=112"}],"curies":[{"name":"wp","href":"https:\/\/api.w.org\/{rel}","templated":true}]}}