{"id":100,"date":"2018-05-15T17:36:54","date_gmt":"2018-05-15T20:36:54","guid":{"rendered":"https:\/\/wp.ufpel.edu.br\/eifi\/?page_id=100"},"modified":"2018-05-22T17:08:30","modified_gmt":"2018-05-22T20:08:30","slug":"simposios-tematicos","status":"publish","type":"page","link":"https:\/\/wp.ufpel.edu.br\/eifi\/simposios-tematicos\/","title":{"rendered":"Simp\u00f3sios Tem\u00e1ticos"},"content":{"rendered":"<p><span class=\"style7\"><span class=\"style5\"><span class=\"style3\">Orienta\u00e7\u00f5es para Apresenta\u00e7\u00e3o de Comunica\u00e7\u00e3o<\/span><\/span><\/span> <span class=\"style7\">(ser\u00e3o aceitos trabalhos em l\u00edngua portuguesa e espanhola)<\/span><\/p>\n<p><span class=\"style7\">Para a apresenta\u00e7\u00e3o de trabalhos nos Simp\u00f3sios Tem\u00e1ticos (ST) os interessados dever\u00e3o enviar o resumo\u00a0\u00a0da comunica\u00e7\u00e3o, a partir do dia<strong> 28 de maio de 2018 at\u00e9 o dia 13 de agosto de 2018<\/strong>, para o endere\u00e7o de e-mail constante no respectivo ST.<\/span><\/p>\n<p>Os resumos dever\u00e3o atender \u00e0 seguinte\u00a0 formata\u00e7\u00e3o: sobrenome do autor (mai\u00fasculas), nome, institui\u00e7\u00e3o, titula\u00e7\u00e3o (entre par\u00eanteses informando os n\u00edveis de titula\u00e7\u00e3o acad\u00eamica: graduado, mestrado, doutorado ou p\u00f3s-doutor; ag\u00eancia de fomento quando for o caso, t\u00edtulo da comunica\u00e7\u00e3o (em it\u00e1lico); texto, contendo de 10 a 15 linhas, em fonte Times New Roman, tamanho 11, espa\u00e7o simples, e-mail de contato (no corpo do texto, ao final do resumo).<\/p>\n<p><span class=\"style7\">Poder\u00e3o apresentar trabalhos nos ST&#8217;s, graduados, mestres\/mestrandos, doutores\/doutorandos e p\u00f3s-doutores\/doutorandos. Apenas no Simp\u00f3sio Jovens Pesquisadores, ser\u00e1 permitido a a presenta\u00e7\u00e3o de trabalhos de graduandos (somente).<\/span><\/p>\n<p>Ap\u00f3s aprovado pela Coordena\u00e7\u00e3o do ST, ser\u00e1 enviado um e-mail contendo a aprova\u00e7\u00e3o e as instru\u00e7\u00f5es para pagamento da taxa de inscri\u00e7\u00e3o.<\/p>\n<p><span class=\"style7\">Cada comunica\u00e7\u00e3o poder\u00e1 informar a autoria de no m\u00e1ximo 2 (dois) inscritos e ambos devem se inscrever e efetuar o pagamento da taxa de inscri\u00e7\u00e3o. \u00c9 permitida a apresenta\u00e7\u00e3o de, no m\u00e1ximo, dois trabalhos por autor (somente ser\u00e1 solicitado o pagamento de uma taxa de inscri\u00e7\u00e3o).<\/span><\/p>\n<p>A Comiss\u00e3o Organizadora n\u00e3o se responsabilizar\u00e1 pela sele\u00e7\u00e3o das propostas de comunica\u00e7\u00e3o. Tal tarefa cabe somente aos coordenadores dos simp\u00f3sios tem\u00e1ticos.<\/p>\n<p><span class=\"style7\">A Comiss\u00e3o Organizadora poder\u00e1, caso o simp\u00f3sio tem\u00e1tico escolhido n\u00e3o atinja o n\u00famero m\u00ednimo de 10 comunicadores ou ultrapasse o n\u00famero m\u00e1ximo de 20 comunicadores, encaminhar a proposta para outro simp\u00f3sio tem\u00e1tico.<\/span><\/p>\n<p>Somente receber\u00e1 certificado de apresenta\u00e7\u00e3o o inscrito que se fizer presente no momento da apresenta\u00e7\u00e3o do trabalho. No caso da aus\u00eancia do(s) inscrito(s), a comunica\u00e7\u00e3o N\u00c3O poder\u00e1 ser lida por terceiros, nem publicada nos Anais Eletr\u00f4nicos do Encontro.<\/p>\n<p>&nbsp;<\/p>\n","protected":false},"excerpt":{"rendered":"<p>Orienta\u00e7\u00f5es para Apresenta\u00e7\u00e3o de Comunica\u00e7\u00e3o (ser\u00e3o aceitos trabalhos em l\u00edngua portuguesa e espanhola) Para a apresenta\u00e7\u00e3o de trabalhos nos Simp\u00f3sios Tem\u00e1ticos (ST) os interessados dever\u00e3o enviar o resumo\u00a0\u00a0da comunica\u00e7\u00e3o, a partir do dia 28 de maio de 2018 at\u00e9 o dia 13 de agosto de 2018, para o endere\u00e7o de e-mail constante no respectivo ST. [&hellip;]<\/p>\n","protected":false},"author":784,"featured_media":0,"parent":0,"menu_order":0,"comment_status":"closed","ping_status":"closed","template":"","meta":{"footnotes":""},"class_list":["post-100","page","type-page","status-publish","hentry"],"_links":{"self":[{"href":"https:\/\/wp.ufpel.edu.br\/eifi\/wp-json\/wp\/v2\/pages\/100","targetHints":{"allow":["GET"]}}],"collection":[{"href":"https:\/\/wp.ufpel.edu.br\/eifi\/wp-json\/wp\/v2\/pages"}],"about":[{"href":"https:\/\/wp.ufpel.edu.br\/eifi\/wp-json\/wp\/v2\/types\/page"}],"author":[{"embeddable":true,"href":"https:\/\/wp.ufpel.edu.br\/eifi\/wp-json\/wp\/v2\/users\/784"}],"replies":[{"embeddable":true,"href":"https:\/\/wp.ufpel.edu.br\/eifi\/wp-json\/wp\/v2\/comments?post=100"}],"version-history":[{"count":5,"href":"https:\/\/wp.ufpel.edu.br\/eifi\/wp-json\/wp\/v2\/pages\/100\/revisions"}],"predecessor-version":[{"id":260,"href":"https:\/\/wp.ufpel.edu.br\/eifi\/wp-json\/wp\/v2\/pages\/100\/revisions\/260"}],"wp:attachment":[{"href":"https:\/\/wp.ufpel.edu.br\/eifi\/wp-json\/wp\/v2\/media?parent=100"}],"curies":[{"name":"wp","href":"https:\/\/api.w.org\/{rel}","templated":true}]}}