{"id":30,"date":"2017-12-22T17:31:18","date_gmt":"2017-12-22T19:31:18","guid":{"rendered":"https:\/\/wp.ufpel.edu.br\/eiccmu\/?page_id=30"},"modified":"2018-04-18T10:41:15","modified_gmt":"2018-04-18T13:41:15","slug":"o-evento","status":"publish","type":"page","link":"https:\/\/wp.ufpel.edu.br\/eiccmu\/","title":{"rendered":"apresenta\u00e7\u00e3o"},"content":{"rendered":"<p style=\"text-align: justify\">O Anais do Encontro Internacional Cidade, Contemporaneidade e Morfologia Urbana (EICCMU) \u00e9 uma publica\u00e7\u00e3o anual de evento, organizado pela Faculdade de Arquitetura e Urbanismo (FAUrb) da Universidade Federal de Pelotas, Rio Grande do Sul, Brasil. O evento foi organizado pelo Programa de P\u00f3s-gradua\u00e7\u00e3o em Arquitetura e Urbanismo (PROGRAU) Laborat\u00f3rio de Urbanismo (LabUrb), Faculdade de Arquitetura e Urbanismo (FAUrb) e Universidade Federal de Pelotas (UFPel).<\/p>\n<p style=\"text-align: justify\">O Anais do EICC tem como objetivo geral: publicar resumos expandidos para conhecer as manifesta\u00e7\u00f5es urbanas encontradas na cidade da contemporaneidade, a partir do cruzamento de fronteiras e do habitar novos territ\u00f3rios. Como objetivos espec\u00edficos enfatizamos: divulgar e auxiliar as pesquisas desenvolvidas pelo Laborat\u00f3rio de Urbanismo (LabUrb) da FAUrb\/UFPel, Programa de P\u00f3s-Gradua\u00e7\u00e3o em Arquitetura e Urbanismo (PROGRAU\/FAUrb\/UFPel), Linha de Pesquisa Urbanismo Contempor\u00e2neo, referentes a tem\u00e1tica do encontro; realizar a intera\u00e7\u00e3o entre os diversos grupos de pesquisa, nacionais e internacionais, participantes do evento; compreender por meio de oficinas, novas metodologias aplic\u00e1veis \u00e0s cidade\u00a0 na contemporaneidade.<\/p>\n<p style=\"text-align: justify\">S\u00e3o aceitos aceitos resumos expandidos (portugu\u00eas e espanhol), conforme chamadas especificas para evento anual com mesmo nome.<\/p>\n<p>&nbsp;<\/p>\n<p>&nbsp;<\/p>\n","protected":false},"excerpt":{"rendered":"<p>O Anais do Encontro Internacional Cidade, Contemporaneidade e Morfologia Urbana (EICCMU) \u00e9 uma publica\u00e7\u00e3o anual de evento, organizado pela Faculdade de Arquitetura e Urbanismo (FAUrb) da Universidade Federal de Pelotas, Rio Grande do Sul, Brasil. O evento foi organizado pelo Programa de P\u00f3s-gradua\u00e7\u00e3o em Arquitetura e Urbanismo (PROGRAU) Laborat\u00f3rio de Urbanismo (LabUrb), Faculdade de Arquitetura&hellip;<\/p>\n","protected":false},"author":716,"featured_media":0,"parent":0,"menu_order":0,"comment_status":"closed","ping_status":"closed","template":"","meta":{"footnotes":""},"class_list":["post-30","page","type-page","status-publish","hentry"],"_links":{"self":[{"href":"https:\/\/wp.ufpel.edu.br\/eiccmu\/wp-json\/wp\/v2\/pages\/30","targetHints":{"allow":["GET"]}}],"collection":[{"href":"https:\/\/wp.ufpel.edu.br\/eiccmu\/wp-json\/wp\/v2\/pages"}],"about":[{"href":"https:\/\/wp.ufpel.edu.br\/eiccmu\/wp-json\/wp\/v2\/types\/page"}],"author":[{"embeddable":true,"href":"https:\/\/wp.ufpel.edu.br\/eiccmu\/wp-json\/wp\/v2\/users\/716"}],"replies":[{"embeddable":true,"href":"https:\/\/wp.ufpel.edu.br\/eiccmu\/wp-json\/wp\/v2\/comments?post=30"}],"version-history":[{"count":9,"href":"https:\/\/wp.ufpel.edu.br\/eiccmu\/wp-json\/wp\/v2\/pages\/30\/revisions"}],"predecessor-version":[{"id":104,"href":"https:\/\/wp.ufpel.edu.br\/eiccmu\/wp-json\/wp\/v2\/pages\/30\/revisions\/104"}],"wp:attachment":[{"href":"https:\/\/wp.ufpel.edu.br\/eiccmu\/wp-json\/wp\/v2\/media?parent=30"}],"curies":[{"name":"wp","href":"https:\/\/api.w.org\/{rel}","templated":true}]}}