{"id":2,"date":"2017-12-20T08:31:53","date_gmt":"2017-12-20T10:31:53","guid":{"rendered":"https:\/\/wp.ufpel.edu.br\/eiccmu\/?page_id=2"},"modified":"2018-04-25T12:55:45","modified_gmt":"2018-04-25T15:55:45","slug":"pagina-exemplo","status":"publish","type":"page","link":"https:\/\/wp.ufpel.edu.br\/eiccmu\/pagina-exemplo\/","title":{"rendered":"expediente"},"content":{"rendered":"<p><strong>Faculdade de Arquitetura e Urbanismo <\/strong><\/p>\n<p>Diretor: Maur\u00edcio Couto Polidori \/Vice-Diretora: Isabel Tourinho Salamoni<\/p>\n<p>&nbsp;<\/p>\n<p><strong>Laborat\u00f3rio de Urbanismo da FAUrb (LabUrb) <\/strong><\/p>\n<p>Coordenador: Eduardo Rocha\/Vice-Coordenadora: Ana Paula Polidori Zechlinski<\/p>\n<p>&nbsp;<\/p>\n<p><strong>Programa de P\u00f3s-Gradua\u00e7\u00e3o em Arquitetura e Urbanismo (PROGRAU-UFPel) <\/strong><\/p>\n<p>Coordenadora: Nirce Saffer Medvedovski \/Vice-Coordenador: Eduardo Grala da Cunha<\/p>\n<p>&nbsp;<\/p>\n<p><strong>Organizadores <\/strong><\/p>\n<p>Eduardo Rocha<\/p>\n<p>Rafaela Barros de Pinho<\/p>\n<p>Ta\u00eds Beltrame dos Santos<\/p>\n<p><strong>\u00a0<\/strong><\/p>\n<p><strong>Periodicidade\u00a0<\/strong><\/p>\n<p>Anual<\/p>\n<p>&nbsp;<\/p>\n<p><strong>Idiomas<\/strong><\/p>\n<p>Portugu\u00eas\/Espanhol\/Ingl\u00eas<\/p>\n<p>&nbsp;<\/p>\n<p><strong>Comiss\u00e3o Editorial <\/strong><\/p>\n<p>Ana Paula Polidori Zechlinski (FAUrb\/UFPel-Brasil)<\/p>\n<p>Andr\u00e9 Torres de Oliveira Carrasco (FAUrb\/UFPel-Brasil)<\/p>\n<p>Celma Paese (UNIRITTER-Brasil)<\/p>\n<p>C\u00e9lia Helena Castro Gonsales (FAUrb\/UFPel-Brasil)<\/p>\n<p>Eduardo Rocha (FAUrb\/UFPel-Brasil)<\/p>\n<p>Emanuela Di Felice (FAUrb\/UFPel-Brasil)<\/p>\n<p>Fernanda Tomiello (UCPel-Brasil)<\/p>\n<p>Hayde\u00e9 Beatriz Escudero (UNPSJB-Argentina)<\/p>\n<p>Juan Manuel Diez Tetamanti (UNPSJB-Argentina)<\/p>\n<p>Liziane de Oliveira Jorge (FAUrb\/UFPel-Brasil)<\/p>\n<p>Mauricio Couto Polidori (FAUrb\/UFPel-Brasil)<\/p>\n<p>Ot\u00e1vio Martins Peres (FAUrb\/UFPel-Brasil)<\/p>\n<p>&nbsp;<\/p>\n<p><strong style=\"font-size: 13px\">Diagrama\u00e7\u00e3o, projeto gr\u00e1fico e capa<\/strong><\/p>\n<p>Eduardo Rocha<\/p>\n<p>Rafaela Barros de Pinho<\/p>\n<p>Ta\u00eds Beltrame dos Santos<\/p>\n<p>&nbsp;<\/p>\n<p><strong>Logradouro completo<\/strong><\/p>\n<p>Rua Benjamin Constat, 1359 \u2013 Bairro Porto \u2013 Pelotas CEP 96010-020<\/p>\n<p>Fone: 55 53 32845511<\/p>\n<p>E-mail:\u00a0<em>laburb<\/em>@<em>ufpel<\/em>.edu.br<\/p>\n<p>&nbsp;<\/p>\n<p><strong>ISSN 2595-1912<\/strong><\/p>\n<p><strong>\u00a0<\/strong><\/p>\n","protected":false},"excerpt":{"rendered":"<p>Faculdade de Arquitetura e Urbanismo Diretor: Maur\u00edcio Couto Polidori \/Vice-Diretora: Isabel Tourinho Salamoni &nbsp; Laborat\u00f3rio de Urbanismo da FAUrb (LabUrb) Coordenador: Eduardo Rocha\/Vice-Coordenadora: Ana Paula Polidori Zechlinski &nbsp; Programa de P\u00f3s-Gradua\u00e7\u00e3o em Arquitetura e Urbanismo (PROGRAU-UFPel) Coordenadora: Nirce Saffer Medvedovski \/Vice-Coordenador: Eduardo Grala da Cunha &nbsp; Organizadores Eduardo Rocha Rafaela Barros de Pinho Ta\u00eds Beltrame&hellip;<\/p>\n","protected":false},"author":716,"featured_media":0,"parent":0,"menu_order":0,"comment_status":"closed","ping_status":"closed","template":"","meta":{"footnotes":""},"class_list":["post-2","page","type-page","status-publish","hentry"],"_links":{"self":[{"href":"https:\/\/wp.ufpel.edu.br\/eiccmu\/wp-json\/wp\/v2\/pages\/2","targetHints":{"allow":["GET"]}}],"collection":[{"href":"https:\/\/wp.ufpel.edu.br\/eiccmu\/wp-json\/wp\/v2\/pages"}],"about":[{"href":"https:\/\/wp.ufpel.edu.br\/eiccmu\/wp-json\/wp\/v2\/types\/page"}],"author":[{"embeddable":true,"href":"https:\/\/wp.ufpel.edu.br\/eiccmu\/wp-json\/wp\/v2\/users\/716"}],"replies":[{"embeddable":true,"href":"https:\/\/wp.ufpel.edu.br\/eiccmu\/wp-json\/wp\/v2\/comments?post=2"}],"version-history":[{"count":11,"href":"https:\/\/wp.ufpel.edu.br\/eiccmu\/wp-json\/wp\/v2\/pages\/2\/revisions"}],"predecessor-version":[{"id":153,"href":"https:\/\/wp.ufpel.edu.br\/eiccmu\/wp-json\/wp\/v2\/pages\/2\/revisions\/153"}],"wp:attachment":[{"href":"https:\/\/wp.ufpel.edu.br\/eiccmu\/wp-json\/wp\/v2\/media?parent=2"}],"curies":[{"name":"wp","href":"https:\/\/api.w.org\/{rel}","templated":true}]}}