{"id":44,"date":"2019-03-13T23:18:40","date_gmt":"2019-03-14T02:18:40","guid":{"rendered":"https:\/\/wp.ufpel.edu.br\/egsc\/?page_id=44"},"modified":"2019-03-18T12:31:27","modified_gmt":"2019-03-18T15:31:27","slug":"apresentacao","status":"publish","type":"page","link":"https:\/\/wp.ufpel.edu.br\/egsc\/apresentacao\/","title":{"rendered":"Apresenta\u00e7\u00e3o"},"content":{"rendered":"<p style=\"text-align: justify\">\u00a0 \u00a0 \u00a0O N\u00facleo de Estudos em G\u00eanero, Sexualidade e Comunica\u00e7\u00e3o (EGSC) tem como pressuposto a compreens\u00e3o e a discuss\u00e3o sobre a teoria de g\u00eanero. Tal aspecto se fundamenta na dicotomia presente na sociedade, a partir da divis\u00e3o biol\u00f3gica entre homens e mulheres. Ressalta-se que, ao aprofundar o conceito de g\u00eanero, \u00e9 fundamental explorar a contribui\u00e7\u00e3o dos estudos feministas.<\/p>\n<p style=\"text-align: justify\">\u00a0 \u00a0 \u00a0 \u00a0 \u00a0 A preocupa\u00e7\u00e3o do n\u00facleo \u00e9 considerar os estudos de g\u00eanero, enquanto rela\u00e7\u00f5es sociais fundadas sobre as diferen\u00e7as entre homens e mulheres e o poder das estruturas na forma\u00e7\u00e3o da a\u00e7\u00e3o individual. Com os estudos de g\u00eanero, mulher e homem constituem-se em categorias de an\u00e1lise que funcionam, desde que compreendidas de forma relacional, mediante uma perspectiva sociocultural. Conforme essa vis\u00e3o, estudar as rela\u00e7\u00f5es de g\u00eanero e sexualidade na \u00e1rea da comunica\u00e7\u00e3o envolve n\u00e3o s\u00f3 considerar os aspectos relacionais, mas tamb\u00e9m investigar as rela\u00e7\u00f5es de poder que se estabelecem por meio da difus\u00e3o do conhecimento e dos sentidos produzidos socialmente sobre o que deve ser entendido como feminino ou masculino.<\/p>\n<p style=\"text-align: justify\">\u00a0 \u00a0 Assim, as pesquisas desse grupo se centram nas quest\u00f5es feministas, raciais, pol\u00edticas, culturais, identidades culturais, g\u00eanero e sexualidade, viol\u00eancia, representa\u00e7\u00f5es e estere\u00f3tipos. Tamb\u00e9m s\u00e3o discutidos temas e investiga\u00e7\u00f5es que abarcam a teoria <em>queer<\/em>, estudos culturais, comunica\u00e7\u00e3o e cultura. Nesse sentido, as principais teorias que respaldam os estudos de g\u00eanero apresentam um car\u00e1ter te\u00f3rico-metodol\u00f3gico interdisciplinar, na medida em que propicia o desenvolvimento de diferentes m\u00e9todos e t\u00e9cnicas de pesquisa. Por fim, dos muitos caminhos para percorrer, as publica\u00e7\u00f5es est\u00e3o inseridas na perspectiva de incentivar, o campo da comunica\u00e7\u00e3o, em especial do jornalismo, para a produ\u00e7\u00e3o de conhecimento, reflex\u00e3o e desenvolvimento emp\u00edrico da pesquisa na categoria g\u00eanero.<\/p>\n","protected":false},"excerpt":{"rendered":"<p>\u00a0 \u00a0 \u00a0O N\u00facleo de Estudos em G\u00eanero, Sexualidade e Comunica\u00e7\u00e3o (EGSC) tem como pressuposto a compreens\u00e3o e a discuss\u00e3o sobre a teoria de g\u00eanero. Tal aspecto se fundamenta na dicotomia presente na sociedade, a partir da divis\u00e3o biol\u00f3gica entre homens e mulheres. Ressalta-se que, ao aprofundar o conceito de g\u00eanero, \u00e9 fundamental explorar a &hellip; <\/p>\n<p><a class=\"more-link btn\" href=\"https:\/\/wp.ufpel.edu.br\/egsc\/apresentacao\/\">Continue lendo<\/a><\/p>\n","protected":false},"author":875,"featured_media":0,"parent":0,"menu_order":0,"comment_status":"closed","ping_status":"closed","template":"template-twocolumnsleft.php","meta":{"footnotes":""},"class_list":["post-44","page","type-page","status-publish","hentry","nodate","item-wrap"],"_links":{"self":[{"href":"https:\/\/wp.ufpel.edu.br\/egsc\/wp-json\/wp\/v2\/pages\/44","targetHints":{"allow":["GET"]}}],"collection":[{"href":"https:\/\/wp.ufpel.edu.br\/egsc\/wp-json\/wp\/v2\/pages"}],"about":[{"href":"https:\/\/wp.ufpel.edu.br\/egsc\/wp-json\/wp\/v2\/types\/page"}],"author":[{"embeddable":true,"href":"https:\/\/wp.ufpel.edu.br\/egsc\/wp-json\/wp\/v2\/users\/875"}],"replies":[{"embeddable":true,"href":"https:\/\/wp.ufpel.edu.br\/egsc\/wp-json\/wp\/v2\/comments?post=44"}],"version-history":[{"count":4,"href":"https:\/\/wp.ufpel.edu.br\/egsc\/wp-json\/wp\/v2\/pages\/44\/revisions"}],"predecessor-version":[{"id":143,"href":"https:\/\/wp.ufpel.edu.br\/egsc\/wp-json\/wp\/v2\/pages\/44\/revisions\/143"}],"wp:attachment":[{"href":"https:\/\/wp.ufpel.edu.br\/egsc\/wp-json\/wp\/v2\/media?parent=44"}],"curies":[{"name":"wp","href":"https:\/\/api.w.org\/{rel}","templated":true}]}}