{"id":26,"date":"2019-03-13T22:32:03","date_gmt":"2019-03-14T01:32:03","guid":{"rendered":"https:\/\/wp.ufpel.edu.br\/egsc\/?page_id=26"},"modified":"2019-03-18T11:20:30","modified_gmt":"2019-03-18T14:20:30","slug":"trabalhospublicados","status":"publish","type":"page","link":"https:\/\/wp.ufpel.edu.br\/egsc\/trabalhospublicados\/","title":{"rendered":"Trabalhos Publicados"},"content":{"rendered":"<p style=\"text-align: justify\">AMARAL, Marina.; RIBEIRO, Marislei. Cultura da M\u00eddia e Representa\u00e7\u00e3o Feminina: Entrela\u00e7ando Redes entre Brasil e Portugal. In: I Congresso Internacional de Pesquisa em Cultura e Sociedade. Pelotas, RS, 2018. Dispon\u00edvel em:<\/p>\n<p>SILVA, Micael; RIBEIRO, Marislei. <em>As donas: an\u00e1lise discursiva das m\u00fasicas de empoderamento \u00e0s minorias.<\/em> III Congresso Latino-americano de Estudos Human\u00edsticos Multidisciplinares. Jaguar\u00e3o, RS, 2018. Dispon\u00edvel em:<\/p>\n<p style=\"text-align: justify\">SILVA, Micael; RIBEIRO, Marislei. <em>An\u00e1lise dos discursos no Instagram sobre os pap\u00e9is de g\u00eanero atribu\u00eddos aos brinquedos.<\/em> III Congresso Latino-americano de Estudos Human\u00edsticos Multidisciplinares. Jaguar\u00e3o, RS, 2018. Dispon\u00edvel em:<\/p>\n<p>SILVA, Micael; RIBEIRO, Marislei. <em>An\u00e1lise dos discursos no Instagram sobre os pap\u00e9is de g\u00eanero atribu\u00eddos aos brinquedos. IV Encontro Human\u00edstico Multidisciplinar. Pelotas, RS, 2018. Dispon\u00edvel em:<\/em><\/p>\n<p style=\"text-align: justify\">SILVA, Micael; RIBEIRO, Marislei. <em>An\u00e1lise dos discursos no Instagram sobre os pap\u00e9is de g\u00eanero atribu\u00eddos aos brinquedos.<\/em> IV Encontro Human\u00edstico Multidisciplinar. Pelotas, RS, 2018. Dispon\u00edvel em:<\/p>\n<p style=\"text-align: justify\">SILVA, Micael; RIBEIRO, Marislei. <em>A viol\u00eancia discursiva enfrentada pelos LGBTs no esporte: uma an\u00e1lise a partir do programa \u201cProfiss\u00e3o Rep\u00f3rter\u201d.<\/em> XXVII Congresso de Inicia\u00e7\u00e3o Cient\u00edfica (CIC). Rio Grande, RS, 2018. Dispon\u00edvel em: <a href=\"https:\/\/mpu.furg.br\/anais-mpu-2018-congresso-de-iniciacao-cientifica\">https:\/\/mpu.furg.br\/anais-mpu-2018-congresso-de-iniciacao-cientifica<\/a>.<\/p>\n<p style=\"text-align: justify\">SILVA, Micael; RIBEIRO, Marislei. <em>De menina ou de menino: an\u00e1lise dos discursos a partir do caso Theo Scholles Lima.<\/em> II Simp\u00f3sio de G\u00eanero e Diversidade: Interseccionalidades e Epistemologias do Sul. Jaguar\u00e3o, RS, 2018. Dispon\u00edvel em:<\/p>\n<p style=\"text-align: justify\">SILVA, Micael; RIBEIRO, Marislei. <em>Luccino e Ot\u00e1vio: uma an\u00e1lise do conte\u00fado sobre o casal LGBT+ da telenovela Orgulho e Paix\u00e3o<\/em>. VII Encontro Regional Sul de Hist\u00f3ria da M\u00eddia. Santa Maria, RS, 2018. Dispon\u00edvel em:<\/p>\n<p style=\"text-align: justify\">SILVA, Micael; RIBEIRO, Marislei. <em>O ser LGBT+ no esporte: uma an\u00e1lise discursiva a partir do programa Profiss\u00e3o Rep\u00f3rter.<\/em> In: XXVII Congresso de Inicia\u00e7\u00e3o Cient\u00edfica (CIC). Pelotas, RS, 2018. Dispon\u00edvel em: <a href=\"http:\/\/cti.ufpel.edu.br\/siepe\/arquivos\/2018\/SA_00719.pdf\">http:\/\/cti.ufpel.edu.br\/siepe\/arquivos\/2018\/SA_00719.pdf<\/a>.<\/p>\n<p style=\"text-align: justify\">RIBEIRO, Marislei; RIBEIRO, Marislei. Problemas de G\u00eaneros: A Representa\u00e7\u00e3o da Mulher nos Pa\u00edses Brasil e Portugal sob o Amparo dos Estudos Culturais. In: I Congresso Internacional de Pesquisa em Cultura e Sociedade. Pelotas, RS 2018. Dispon\u00edvel em:<\/p>\n<p style=\"text-align: justify\">\n","protected":false},"excerpt":{"rendered":"<p>AMARAL, Marina.; RIBEIRO, Marislei. Cultura da M\u00eddia e Representa\u00e7\u00e3o Feminina: Entrela\u00e7ando Redes entre Brasil e Portugal. In: I Congresso Internacional de Pesquisa em Cultura e Sociedade. Pelotas, RS, 2018. Dispon\u00edvel em: SILVA, Micael; RIBEIRO, Marislei. As donas: an\u00e1lise discursiva das m\u00fasicas de empoderamento \u00e0s minorias. III Congresso Latino-americano de Estudos Human\u00edsticos Multidisciplinares. Jaguar\u00e3o, RS, 2018. &hellip; <\/p>\n<p><a class=\"more-link btn\" href=\"https:\/\/wp.ufpel.edu.br\/egsc\/trabalhospublicados\/\">Continue lendo<\/a><\/p>\n","protected":false},"author":875,"featured_media":0,"parent":0,"menu_order":0,"comment_status":"closed","ping_status":"closed","template":"template-twocolumnsleft.php","meta":{"footnotes":""},"class_list":["post-26","page","type-page","status-publish","hentry","nodate","item-wrap"],"_links":{"self":[{"href":"https:\/\/wp.ufpel.edu.br\/egsc\/wp-json\/wp\/v2\/pages\/26","targetHints":{"allow":["GET"]}}],"collection":[{"href":"https:\/\/wp.ufpel.edu.br\/egsc\/wp-json\/wp\/v2\/pages"}],"about":[{"href":"https:\/\/wp.ufpel.edu.br\/egsc\/wp-json\/wp\/v2\/types\/page"}],"author":[{"embeddable":true,"href":"https:\/\/wp.ufpel.edu.br\/egsc\/wp-json\/wp\/v2\/users\/875"}],"replies":[{"embeddable":true,"href":"https:\/\/wp.ufpel.edu.br\/egsc\/wp-json\/wp\/v2\/comments?post=26"}],"version-history":[{"count":5,"href":"https:\/\/wp.ufpel.edu.br\/egsc\/wp-json\/wp\/v2\/pages\/26\/revisions"}],"predecessor-version":[{"id":132,"href":"https:\/\/wp.ufpel.edu.br\/egsc\/wp-json\/wp\/v2\/pages\/26\/revisions\/132"}],"wp:attachment":[{"href":"https:\/\/wp.ufpel.edu.br\/egsc\/wp-json\/wp\/v2\/media?parent=26"}],"curies":[{"name":"wp","href":"https:\/\/api.w.org\/{rel}","templated":true}]}}