{"id":23,"date":"2019-03-13T22:30:47","date_gmt":"2019-03-14T01:30:47","guid":{"rendered":"https:\/\/wp.ufpel.edu.br\/egsc\/?page_id=23"},"modified":"2019-09-09T13:23:50","modified_gmt":"2019-09-09T16:23:50","slug":"membros","status":"publish","type":"page","link":"https:\/\/wp.ufpel.edu.br\/egsc\/membros\/","title":{"rendered":"Membros"},"content":{"rendered":"<p style=\"text-align: justify\"><img loading=\"lazy\" decoding=\"async\" class=\"alignnone wp-image-125\" src=\"https:\/\/wp.ufpel.edu.br\/egsc\/files\/2019\/03\/Membros-3-400x240.png\" alt=\"\" width=\"745\" height=\"447\" srcset=\"https:\/\/wp.ufpel.edu.br\/egsc\/files\/2019\/03\/Membros-3-400x240.png 400w, https:\/\/wp.ufpel.edu.br\/egsc\/files\/2019\/03\/Membros-3-768x461.png 768w, https:\/\/wp.ufpel.edu.br\/egsc\/files\/2019\/03\/Membros-3.png 1000w\" sizes=\"auto, (max-width: 745px) 100vw, 745px\" \/><\/p>\n<p style=\"text-align: justify\"><a href=\"mailto:marislei.ribeiro@cead.ufpel.edu.br\">marislei.ribeiro@cead.ufpel.edu.br<\/a> | <a href=\"http:\/\/lattes.cnpq.br\/5207826249043969\">http:\/\/lattes.cnpq.br\/5207826249043969<\/a><\/p>\n<p style=\"text-align: justify\">Universidade Federal de Pelotas, professora do Curso de Jornalismo, P\u00f3s-Doutora em Estudos Culturais, pela Universidade de Aveiro\/Portugal. Doutora em Comunica\u00e7\u00e3o pela Famecos, Pontif\u00edcia Universidade Cat\u00f3lica do Rio Grande do Sul (PUC\/RS). Coordenadora do N\u00facleo de Pesquisa em G\u00eanero, Sexualidade e Comunica\u00e7\u00e3o\/ CNPQ.\u00a0 Membro do Grupo de Pesquisa \u2013 Estudos Culturais e Audiovisualidades da Universidade Federal de Santa Maria.<\/p>\n<p><img loading=\"lazy\" decoding=\"async\" class=\"alignnone wp-image-160\" src=\"https:\/\/wp.ufpel.edu.br\/egsc\/files\/2019\/03\/Membros-4-400x240.png\" alt=\"\" width=\"733\" height=\"440\" srcset=\"https:\/\/wp.ufpel.edu.br\/egsc\/files\/2019\/03\/Membros-4-400x240.png 400w, https:\/\/wp.ufpel.edu.br\/egsc\/files\/2019\/03\/Membros-4-768x461.png 768w, https:\/\/wp.ufpel.edu.br\/egsc\/files\/2019\/03\/Membros-4.png 1000w\" sizes=\"auto, (max-width: 733px) 100vw, 733px\" \/><\/p>\n<p><a href=\"mailto:marinatomaz40@gmail.com\">marinatomaz40@gmail.com<\/a> | <a href=\"http:\/\/lattes.cnpq.br\/0355073008865329\">http:\/\/lattes.cnpq.br\/0355073008865329<\/a><\/p>\n<p>Universidade Federal de Pelotas, graduando do oitavo semestre de Jornalismo e pesquisadora do N\u00facleo de Pesquisa em G\u00eanero, Sexualidade e Comunica\u00e7\u00e3o\/ CNPQ.<\/p>\n<p><img loading=\"lazy\" decoding=\"async\" class=\"alignnone wp-image-161\" src=\"https:\/\/wp.ufpel.edu.br\/egsc\/files\/2019\/03\/Membros-1-1-400x240.png\" alt=\"\" width=\"737\" height=\"442\" srcset=\"https:\/\/wp.ufpel.edu.br\/egsc\/files\/2019\/03\/Membros-1-1-400x240.png 400w, https:\/\/wp.ufpel.edu.br\/egsc\/files\/2019\/03\/Membros-1-1-768x461.png 768w, https:\/\/wp.ufpel.edu.br\/egsc\/files\/2019\/03\/Membros-1-1.png 1000w\" sizes=\"auto, (max-width: 737px) 100vw, 737px\" \/><\/p>\n<p><a href=\"mailto:carloalbins@gmail.com\">carloalbins@gmail.com<\/a> | <a href=\"http:\/\/lattes.cnpq.br\/3595743285538809\">http:\/\/lattes.cnpq.br\/3595743285538809<\/a><\/p>\n<p>Universidade Federal de Pelotas,\u00a0 graduando do oitavo semestre de Jornalismo e pesquisador do N\u00facleo de Pesquisa em G\u00eanero, Sexualidade e Comunica\u00e7\u00e3o\/ CNPQ.<\/p>\n<p>&nbsp;<\/p>\n","protected":false},"excerpt":{"rendered":"<p>marislei.ribeiro@cead.ufpel.edu.br | http:\/\/lattes.cnpq.br\/5207826249043969 Universidade Federal de Pelotas, professora do Curso de Jornalismo, P\u00f3s-Doutora em Estudos Culturais, pela Universidade de Aveiro\/Portugal. Doutora em Comunica\u00e7\u00e3o pela Famecos, Pontif\u00edcia Universidade Cat\u00f3lica do Rio Grande do Sul (PUC\/RS). Coordenadora do N\u00facleo de Pesquisa em G\u00eanero, Sexualidade e Comunica\u00e7\u00e3o\/ CNPQ.\u00a0 Membro do Grupo de Pesquisa \u2013 Estudos Culturais e Audiovisualidades &hellip; <\/p>\n<p><a class=\"more-link btn\" href=\"https:\/\/wp.ufpel.edu.br\/egsc\/membros\/\">Continue lendo<\/a><\/p>\n","protected":false},"author":875,"featured_media":0,"parent":0,"menu_order":0,"comment_status":"closed","ping_status":"closed","template":"template-twocolumnsleft.php","meta":{"footnotes":""},"class_list":["post-23","page","type-page","status-publish","hentry","nodate","item-wrap"],"_links":{"self":[{"href":"https:\/\/wp.ufpel.edu.br\/egsc\/wp-json\/wp\/v2\/pages\/23","targetHints":{"allow":["GET"]}}],"collection":[{"href":"https:\/\/wp.ufpel.edu.br\/egsc\/wp-json\/wp\/v2\/pages"}],"about":[{"href":"https:\/\/wp.ufpel.edu.br\/egsc\/wp-json\/wp\/v2\/types\/page"}],"author":[{"embeddable":true,"href":"https:\/\/wp.ufpel.edu.br\/egsc\/wp-json\/wp\/v2\/users\/875"}],"replies":[{"embeddable":true,"href":"https:\/\/wp.ufpel.edu.br\/egsc\/wp-json\/wp\/v2\/comments?post=23"}],"version-history":[{"count":12,"href":"https:\/\/wp.ufpel.edu.br\/egsc\/wp-json\/wp\/v2\/pages\/23\/revisions"}],"predecessor-version":[{"id":205,"href":"https:\/\/wp.ufpel.edu.br\/egsc\/wp-json\/wp\/v2\/pages\/23\/revisions\/205"}],"wp:attachment":[{"href":"https:\/\/wp.ufpel.edu.br\/egsc\/wp-json\/wp\/v2\/media?parent=23"}],"curies":[{"name":"wp","href":"https:\/\/api.w.org\/{rel}","templated":true}]}}