{"id":133,"date":"2019-03-18T12:29:49","date_gmt":"2019-03-18T15:29:49","guid":{"rendered":"https:\/\/wp.ufpel.edu.br\/egsc\/?page_id=133"},"modified":"2019-03-31T01:54:46","modified_gmt":"2019-03-31T04:54:46","slug":"universidade-federal-de-pelotas-ufpel","status":"publish","type":"page","link":"https:\/\/wp.ufpel.edu.br\/egsc\/universidade-federal-de-pelotas-ufpel\/","title":{"rendered":"Universidade Federal de Pelotas"},"content":{"rendered":"<p style=\"text-align: justify\">\u00a0 \u00a0 \u00a0 A Universidade Federal de Pelotas, UFPel, foi criada em 8 de agosto de 1969 e comp\u00f5e o quadro das Institui\u00e7\u00f5es de Ensino Superior do pa\u00eds, tendo por ambiente de atua\u00e7\u00e3o o educacional. Por se tratar de Institui\u00e7\u00e3o de Ensino P\u00fablico, vinculada diretamente ao Minist\u00e9rio da Educa\u00e7\u00e3o, constitui-se como unidade de car\u00e1ter n\u00e3o competitivo, tendo suas atividades pautadas pela qualidade acad\u00eamica e pelo compromisso social.<\/p>\n<p style=\"text-align: justify\">\u00a0 \u00a0Os compromissos assumidos pela Universidade est\u00e3o pautados pela qualidade na forma\u00e7\u00e3o de profissionais, na produ\u00e7\u00e3o de conhecimento e nas rela\u00e7\u00f5es com a comunidade, visando a contribuir para o desenvolvimento cultural, cient\u00edfico e socioecon\u00f4mico da regi\u00e3o e pa\u00eds.\u00a0 Atualmente, conta com cerca de 22 unidades acad\u00eamicas, desenvolvendo atividades de ensino, extens\u00e3o e pesquisa em cinco \u00e1reas: Ci\u00eancias Exatas e da Terra; Ci\u00eancias Biol\u00f3gicas; Engenharias; Ci\u00eancias da Sa\u00fade; Ci\u00eancias Agr\u00e1rias; Ci\u00eancias Sociais Aplicadas; Ci\u00eancias Humanas; Lingu\u00edstica, Letras e Artes.<\/p>\n<h4><strong>\u00a0 \u00a0 \u00a0 \u00a0Miss\u00e3o<\/strong><\/h4>\n<p>Promover a forma\u00e7\u00e3o integral e permanente do profissional, construindo o conhecimento e a cultura, comprometidos com os valores da vida com a constru\u00e7\u00e3o e o progresso da sociedade.<\/p>\n<h4><strong>\u00a0 \u00a0 \u00a0 \u00a0Vis\u00e3o<\/strong><\/h4>\n<p style=\"text-align: justify\">\u00a0 \u00a0 A UFPel ser\u00e1 reconhecida como universidade de refer\u00eancia pelo comprometimento com a forma\u00e7\u00e3o inovadora e empreendedora capaz de prestar para a sociedade servi\u00e7os de qualidade, com dinamismo e criatividade.<\/p>\n<p style=\"text-align: justify\"><strong>\u00a0 \u00a0 \u00a0 \u00a0Mais informa\u00e7\u00f5es:<\/strong> <a href=\"http:\/\/portal.ufpel.edu.br\/\">http:\/\/portal.ufpel.edu.br\/<\/a><\/p>\n<h4 style=\"text-align: justify\"><strong>\u00a0 \u00a0 \u00a0 Bacharelado em Jornalismo<\/strong><\/h4>\n<p style=\"text-align: justify\">\u00a0 \u00a0 \u00a0 O Curso de Jornalismo da UFPel caracteriza-se por promover uma forma\u00e7\u00e3o capaz de dotar o profissional jornalista de compet\u00eancias te\u00f3rica, t\u00e9cnica, tecnol\u00f3gica, \u00e9tica e est\u00e9tica para atuar criticamente e criativamente na profiss\u00e3o, de modo respons\u00e1vel, contribuindo para o seu aprimoramento em conson\u00e2ncia com as exig\u00eancias contempor\u00e2neas e na perspectiva de ampliar a atua\u00e7\u00e3o profissional a novos campos, reconhecendo as especificidades do contexto regional de integra\u00e7\u00e3o dos pa\u00edses do Mercosul. Para isso, busca desenvolver a autonomia, a criatividade e o esp\u00edrito de iniciativa, articulando teoria e pr\u00e1tica por meio de atividades de ensino, pesquisa e extens\u00e3o. Com base numa forma\u00e7\u00e3o elementar em jornalismo e comunica\u00e7\u00e3o, o curso oferece ao estudante condi\u00e7\u00f5es de estabelecer seu pr\u00f3prio percurso formativo em quatro \u00e1reas de atua\u00e7\u00e3o no jornalismo: impresso, r\u00e1dio, televis\u00e3o e web. Caracteriza-se, ainda, pela exig\u00eancia de dom\u00ednio da l\u00edngua portuguesa e pelo desenvolvimento da capacidade de leitura e interpreta\u00e7\u00e3o dos fatos presentes, reconhecendo a hierarquia dos acontecimentos e suas rela\u00e7\u00f5es com o passado e o futuro.<\/p>\n<h4 style=\"text-align: justify\"><strong>\u00a0 \u00a0 \u00a0 \u00a0 Perfil do egresso<\/strong><\/h4>\n<p style=\"text-align: justify\">\u00a0 \u00a0 \u00a0 \u00a0O egresso do Curso de Jornalismo \u00e9 o jornalista profissional diplomado, com forma\u00e7\u00e3o universit\u00e1ria ao mesmo tempo generalista, humanista, cr\u00edtica e reflexiva. Como produtor intelectual e agente da cidadania, o jornalista formado pela UFPel ter\u00e1 desenvolvido compet\u00eancias para atuar em quaisquer \u00e1reas do jornalismo, ciente de que sua forma\u00e7\u00e3o \u00e9 um processo cont\u00ednuo e constante. Ter\u00e1 aprendido a articular as t\u00e9cnicas do of\u00edcio com a reflex\u00e3o cr\u00edtica sobre sua pr\u00e1tica, dando conta da complexidade e do pluralismo caracter\u00edsticos da sociedade e da cultura contempor\u00e2neas, sendo tamb\u00e9m capaz de contribuir para o aprimoramento e desenvolvimento da sua profiss\u00e3o. \u00c9 elementar que tenha dom\u00ednio do uso da l\u00edngua portuguesa em suas diferentes modalidades, na express\u00e3o tanto oral como escrita em diversos contextos sociais.<\/p>\n<h4 style=\"text-align: justify\"><strong>\u00a0 \u00a0 \u00a0 \u00a0\u00c1rea de atua\u00e7\u00e3o profissional<\/strong><\/h4>\n<p style=\"text-align: justify\">\u00a0 \u00a0 \u00a0O bacharel em Jornalismo poder\u00e1 atuar em reda\u00e7\u00f5es de ve\u00edculos impressos (jornais, revistas, editoras, etc.), em emissoras de r\u00e1dio e de televis\u00e3o, em webjornalismo e em atividades de assessoria de imprensa a empresas p\u00fablicas ou privadas, a organiza\u00e7\u00f5es governamentais e n\u00e3o-governamentais, bem como em associa\u00e7\u00f5es, sindicatos e entidades afins.<\/p>\n<p style=\"text-align: justify\"><strong>\u00a0 \u00a0 \u00a0 \u00a0 Mais informa\u00e7\u00f5es: <\/strong><a href=\"https:\/\/wp.ufpel.edu.br\/jornalismo\/\">https:\/\/wp.ufpel.edu.br\/jornalismo\/<\/a><\/p>\n","protected":false},"excerpt":{"rendered":"<p>\u00a0 \u00a0 \u00a0 A Universidade Federal de Pelotas, UFPel, foi criada em 8 de agosto de 1969 e comp\u00f5e o quadro das Institui\u00e7\u00f5es de Ensino Superior do pa\u00eds, tendo por ambiente de atua\u00e7\u00e3o o educacional. Por se tratar de Institui\u00e7\u00e3o de Ensino P\u00fablico, vinculada diretamente ao Minist\u00e9rio da Educa\u00e7\u00e3o, constitui-se como unidade de car\u00e1ter n\u00e3o &hellip; <\/p>\n<p><a class=\"more-link btn\" href=\"https:\/\/wp.ufpel.edu.br\/egsc\/universidade-federal-de-pelotas-ufpel\/\">Continue lendo<\/a><\/p>\n","protected":false},"author":875,"featured_media":0,"parent":0,"menu_order":0,"comment_status":"closed","ping_status":"closed","template":"","meta":{"footnotes":""},"class_list":["post-133","page","type-page","status-publish","hentry","nodate","item-wrap"],"_links":{"self":[{"href":"https:\/\/wp.ufpel.edu.br\/egsc\/wp-json\/wp\/v2\/pages\/133","targetHints":{"allow":["GET"]}}],"collection":[{"href":"https:\/\/wp.ufpel.edu.br\/egsc\/wp-json\/wp\/v2\/pages"}],"about":[{"href":"https:\/\/wp.ufpel.edu.br\/egsc\/wp-json\/wp\/v2\/types\/page"}],"author":[{"embeddable":true,"href":"https:\/\/wp.ufpel.edu.br\/egsc\/wp-json\/wp\/v2\/users\/875"}],"replies":[{"embeddable":true,"href":"https:\/\/wp.ufpel.edu.br\/egsc\/wp-json\/wp\/v2\/comments?post=133"}],"version-history":[{"count":10,"href":"https:\/\/wp.ufpel.edu.br\/egsc\/wp-json\/wp\/v2\/pages\/133\/revisions"}],"predecessor-version":[{"id":159,"href":"https:\/\/wp.ufpel.edu.br\/egsc\/wp-json\/wp\/v2\/pages\/133\/revisions\/159"}],"wp:attachment":[{"href":"https:\/\/wp.ufpel.edu.br\/egsc\/wp-json\/wp\/v2\/media?parent=133"}],"curies":[{"name":"wp","href":"https:\/\/api.w.org\/{rel}","templated":true}]}}