{"id":366,"date":"2016-10-18T14:45:18","date_gmt":"2016-10-18T16:45:18","guid":{"rendered":"https:\/\/wp.ufpel.edu.br\/egresso\/?page_id=366"},"modified":"2016-10-18T14:45:18","modified_gmt":"2016-10-18T16:45:18","slug":"continuar-pesquisa","status":"publish","type":"page","link":"https:\/\/wp.ufpel.edu.br\/egresso\/continuar-pesquisa\/","title":{"rendered":"Continuar Pesquisa"},"content":{"rendered":"<p>Para responder uma pesquisa completa sobre sua Forma\u00e7\u00e3o Acad\u00eamica por favor clique <a href=\"https:\/\/wp.ufpel.edu.br\/egresso\/pesquisa-academica\/\" target=\"_blank\">aqui<\/a>.<\/p>\n","protected":false},"excerpt":{"rendered":"<p>Para responder uma pesquisa completa sobre sua Forma\u00e7\u00e3o Acad\u00eamica por favor clique aqui.<\/p>\n","protected":false},"author":704,"featured_media":0,"parent":0,"menu_order":0,"comment_status":"closed","ping_status":"closed","template":"","meta":{"jetpack_post_was_ever_published":false,"footnotes":""},"class_list":["post-366","page","type-page","status-publish","hentry"],"jetpack_sharing_enabled":true,"jetpack_shortlink":"https:\/\/wp.me\/P7YTr9-5U","_links":{"self":[{"href":"https:\/\/wp.ufpel.edu.br\/egresso\/wp-json\/wp\/v2\/pages\/366","targetHints":{"allow":["GET"]}}],"collection":[{"href":"https:\/\/wp.ufpel.edu.br\/egresso\/wp-json\/wp\/v2\/pages"}],"about":[{"href":"https:\/\/wp.ufpel.edu.br\/egresso\/wp-json\/wp\/v2\/types\/page"}],"author":[{"embeddable":true,"href":"https:\/\/wp.ufpel.edu.br\/egresso\/wp-json\/wp\/v2\/users\/704"}],"replies":[{"embeddable":true,"href":"https:\/\/wp.ufpel.edu.br\/egresso\/wp-json\/wp\/v2\/comments?post=366"}],"version-history":[{"count":1,"href":"https:\/\/wp.ufpel.edu.br\/egresso\/wp-json\/wp\/v2\/pages\/366\/revisions"}],"predecessor-version":[{"id":368,"href":"https:\/\/wp.ufpel.edu.br\/egresso\/wp-json\/wp\/v2\/pages\/366\/revisions\/368"}],"wp:attachment":[{"href":"https:\/\/wp.ufpel.edu.br\/egresso\/wp-json\/wp\/v2\/media?parent=366"}],"curies":[{"name":"wp","href":"https:\/\/api.w.org\/{rel}","templated":true}]}}