{"id":355,"date":"2016-10-18T14:11:50","date_gmt":"2016-10-18T16:11:50","guid":{"rendered":"https:\/\/wp.ufpel.edu.br\/egresso\/?page_id=355"},"modified":"2016-10-19T11:16:45","modified_gmt":"2016-10-19T13:16:45","slug":"egressos-de-destaque","status":"publish","type":"page","link":"https:\/\/wp.ufpel.edu.br\/egresso\/egressos-de-destaque\/","title":{"rendered":"Egressos de Destaque"},"content":{"rendered":"<p>&nbsp;<\/p>\n<p><span style=\"font-family: arial, helvetica, sans-serif\">Os &#8220;Egressos de Destaque&#8221; ser\u00e3o indicados pelos diretores das Unidades Acad\u00eamicas da Universidade. Com os dados da &#8220;Pesquisa do Egresso&#8221; os cursos poder\u00e3o realizar atualiza\u00e7\u00f5es peri\u00f3dicas nesta p\u00e1gina.<\/span><\/p>\n","protected":false},"excerpt":{"rendered":"<p>&nbsp; Os &#8220;Egressos de Destaque&#8221; ser\u00e3o indicados pelos diretores das Unidades Acad\u00eamicas da Universidade. Com os dados da &#8220;Pesquisa do Egresso&#8221; os cursos poder\u00e3o realizar atualiza\u00e7\u00f5es peri\u00f3dicas nesta p\u00e1gina.<\/p>\n","protected":false},"author":704,"featured_media":0,"parent":0,"menu_order":0,"comment_status":"closed","ping_status":"closed","template":"","meta":{"jetpack_post_was_ever_published":false,"footnotes":""},"class_list":["post-355","page","type-page","status-publish","hentry"],"jetpack_sharing_enabled":true,"jetpack_shortlink":"https:\/\/wp.me\/P7YTr9-5J","_links":{"self":[{"href":"https:\/\/wp.ufpel.edu.br\/egresso\/wp-json\/wp\/v2\/pages\/355","targetHints":{"allow":["GET"]}}],"collection":[{"href":"https:\/\/wp.ufpel.edu.br\/egresso\/wp-json\/wp\/v2\/pages"}],"about":[{"href":"https:\/\/wp.ufpel.edu.br\/egresso\/wp-json\/wp\/v2\/types\/page"}],"author":[{"embeddable":true,"href":"https:\/\/wp.ufpel.edu.br\/egresso\/wp-json\/wp\/v2\/users\/704"}],"replies":[{"embeddable":true,"href":"https:\/\/wp.ufpel.edu.br\/egresso\/wp-json\/wp\/v2\/comments?post=355"}],"version-history":[{"count":3,"href":"https:\/\/wp.ufpel.edu.br\/egresso\/wp-json\/wp\/v2\/pages\/355\/revisions"}],"predecessor-version":[{"id":415,"href":"https:\/\/wp.ufpel.edu.br\/egresso\/wp-json\/wp\/v2\/pages\/355\/revisions\/415"}],"wp:attachment":[{"href":"https:\/\/wp.ufpel.edu.br\/egresso\/wp-json\/wp\/v2\/media?parent=355"}],"curies":[{"name":"wp","href":"https:\/\/api.w.org\/{rel}","templated":true}]}}