{"id":122,"date":"2016-10-10T14:48:08","date_gmt":"2016-10-10T17:48:08","guid":{"rendered":"https:\/\/wp.ufpel.edu.br\/egresso\/?page_id=122"},"modified":"2017-01-19T09:50:58","modified_gmt":"2017-01-19T11:50:58","slug":"pos-graduacao","status":"publish","type":"page","link":"https:\/\/wp.ufpel.edu.br\/egresso\/depoimentos\/pos-graduacao\/","title":{"rendered":"P\u00f3s-Gradua\u00e7\u00e3o"},"content":{"rendered":"<div class=\"depo-box\"><img class=\"textwarp\" src=\"\/\/wp.ufpel.edu.br\/egresso\/files\/2017\/01\/ale3-e1484822973855.jpg\" alt=\"\" width=\"138\" height=\"138\" \/><br \/>\n<span class=\"depo-nome\">Alexandra Domingues<\/span><br \/>\n<span class=\"depo-curso\">P\u00f3s Gradua\u00e7\u00e3o em Educa\u00e7\u00e3o<\/span><\/p>\n<div class=\"depo-box-depo\"><span class=\"depo-text\">&#8220;A UFPEL colaborou com a minha trajet\u00f3ria profissional garantindo minha forma\u00e7\u00e3o acad\u00eamica dentro de uma institui\u00e7\u00e3o p\u00fablica e de qualidade.&#8221;<\/span><\/div>\n<\/div>\n<div class=\"depo-box\"><img class=\"textwarp\" src=\"https:\/\/wp.ufpel.edu.br\/egresso\/files\/2016\/10\/Cristian-e1476886414305.jpg\" alt=\"\" width=\"138\" height=\"138\" \/><br \/>\n<span class=\"depo-nome\">Cristiann Wissmann Matos<\/span><br \/>\n<span class=\"depo-curso\">P\u00f3s Gradua\u00e7\u00e3o em Filosofia<\/span><\/p>\n<div class=\"depo-box-depo\"><span class=\"depo-text\">&#8220;Minha gradua\u00e7\u00e3o e p\u00f3s-gradua\u00e7\u00e3o na Universidade Federal de Pelotas possibilitou um terreno f\u00e9rtil para o desenvolvimento e aperfei\u00e7oamento de meus projetos profissionais. Al\u00e9m de ampliar minha perspectiva dentro do curso que escolhi a institui\u00e7\u00e3o desempenhou um papel muito importante no meu desenvolvimento intelectual. A oportunidade de interagir com grandes professores em um ambiente rec\u00edproco de aprendizagem tem sido uma das experi\u00eancias mais significativas que a UFPel me proporcionou.&#8221;<\/span><\/div>\n<\/div>\n<div class=\"depo-box\"><img class=\"textwarp\" src=\"https:\/\/wp.ufpel.edu.br\/egresso\/files\/2016\/10\/katia-berni-e1476886528557.jpg\" alt=\"\" width=\"138\" height=\"138\" \/><br \/>\n<span class=\"depo-nome\">Katia Denise Costa Berni <\/span><br \/>\n<span class=\"depo-curso\">P\u00f3s Gradua\u00e7\u00e3o em Educa\u00e7\u00e3o F\u00edsica<\/span><\/p>\n<div class=\"depo-box-depo\"><span class=\"depo-text\">&#8220;A UFPel foi um marco na minha vida! Sou filha de pais semi-analfabetos e com certeza ter uma forma\u00e7\u00e3o em n\u00edvel superior mudou a minha trajet\u00f3ria de vida, proporcionando a condi\u00e7\u00e3o de ter um bom emprego e poder criar e formar minhas duas filhas (que eu j\u00e1 tinha quando decidi voltar a estudar). A forma\u00e7\u00e3o foi t\u00e3o significativa que, ainda com muitas dificuldades n\u00e3o abandonei os estudos e atualmente estou concluindo o Doutorado em Educa\u00e7\u00e3o.<br \/>\nDesejo que a institui\u00e7\u00e3o p\u00fablica e de qualidade como a UFPel siga formando alunos de baixa renda como eu era.&#8221;<\/span><\/div>\n<\/div>\n<div class=\"depo-box\"><img class=\"textwarp\" src=\"https:\/\/wp.ufpel.edu.br\/egresso\/files\/2016\/10\/template-green.jpg\" width=\"121\" height=\"163\" \/><br \/>\n<span class=\"depo-nome\">Paula de Oliveira Moitinho Rippel<\/span><br \/>\n<span class=\"depo-curso\">Gest\u00e3o P\u00fablica e Desenvolvimento Regional<\/span><\/p>\n<div class=\"depo-box-depo\"><span class=\"depo-text\">&#8220;Ap\u00f3s passar pela gradua\u00e7\u00e3o e tamb\u00e9m pela p\u00f3s-gradua\u00e7\u00e3o lato sensu na UFPel, tenho absoluta convic\u00e7\u00e3o que todos os ensinamentos me ajudaram a me tornar a profissional que sou hoje.<br \/>\nDevo muito aos docentes que participaram da minha forma\u00e7\u00e3o superior.&#8221;<\/span><\/div>\n<\/div>\n<p><!--nextpage--><\/p>\n<div class=\"depo-box\"><img class=\"textwarp\" src=\"https:\/\/wp.ufpel.edu.br\/egresso\/files\/2016\/10\/img_20160923_224850649-e1477052009491.jpg\" width=\"146\" height=\"146\" \/><br \/>\n<span class=\"depo-nome\">Tamara Oswald<\/span><br \/>\n<span class=\"depo-curso\">P\u00f3s Gradua\u00e7\u00e3o em Hist\u00f3ria<\/span><\/p>\n<div class=\"depo-box-depo\"><span class=\"depo-text\">&#8220;O curso de Hist\u00f3ria, tanto licenciatura quanto bacharelado e tamb\u00e9m o Mestrado s\u00e3o cursos extremamente humanizados e acess\u00edveis, que me tornaram uma pessoa e profissional mais humana e consciente para com o mundo. Tive \u00f3timos colegas e professores e, com certeza, se houvesse a oferta de Doutorado em Hist\u00f3ria, certamente participaria da sele\u00e7\u00e3o.&#8221;<\/span><\/div>\n<\/div>\n<div class=\"depo-box\"><img class=\"textwarp\" src=\"https:\/\/wp.ufpel.edu.br\/egresso\/files\/2016\/10\/template-green.jpg\" width=\"146\" height=\"146\" \/><br \/>\n<span class=\"depo-nome\">Vanessa Neumann Silva<\/span><br \/>\n<span class=\"depo-curso\">P\u00f3s Gradua\u00e7\u00e3o em Ci\u00eancia e Tecnologia de Sementes<\/span><\/p>\n<div class=\"depo-box-depo\"><span class=\"depo-text\">&#8220;A UFPel foi minha casa durante 7 anos, foi a base da minha forma\u00e7\u00e3o, tenho muito orgulho de ser egressa dessa institui\u00e7\u00e3o, foi l\u00e1 que pude aprender muito do que sei hoje, tanto relativo a quest\u00f5es t\u00e9cnicas como aprender a trabalhar em equipe e v\u00e1rios outros aspectos importantes para um cidad\u00e3o. A UFPel foi fundamental na minha vida e sou muito grata por ter tido a chance de estudar nesta Universidade.&#8221;<\/span><\/div>\n<\/div>\n","protected":false},"excerpt":{"rendered":"<p>Alexandra Domingues P\u00f3s Gradua\u00e7\u00e3o em Educa\u00e7\u00e3o &#8220;A UFPEL colaborou com a minha trajet\u00f3ria profissional garantindo minha forma\u00e7\u00e3o acad\u00eamica dentro de uma institui\u00e7\u00e3o p\u00fablica e de qualidade.&#8221; Cristiann Wissmann Matos P\u00f3s Gradua\u00e7\u00e3o em Filosofia &#8220;Minha gradua\u00e7\u00e3o e p\u00f3s-gradua\u00e7\u00e3o na Universidade Federal de Pelotas possibilitou um terreno f\u00e9rtil para o desenvolvimento e aperfei\u00e7oamento de meus projetos profissionais. [&hellip;]<\/p>\n","protected":false},"author":704,"featured_media":0,"parent":116,"menu_order":0,"comment_status":"closed","ping_status":"closed","template":"","meta":{"jetpack_post_was_ever_published":false,"footnotes":""},"class_list":["post-122","page","type-page","status-publish","hentry"],"jetpack_sharing_enabled":true,"jetpack_shortlink":"https:\/\/wp.me\/P7YTr9-1Y","_links":{"self":[{"href":"https:\/\/wp.ufpel.edu.br\/egresso\/wp-json\/wp\/v2\/pages\/122","targetHints":{"allow":["GET"]}}],"collection":[{"href":"https:\/\/wp.ufpel.edu.br\/egresso\/wp-json\/wp\/v2\/pages"}],"about":[{"href":"https:\/\/wp.ufpel.edu.br\/egresso\/wp-json\/wp\/v2\/types\/page"}],"author":[{"embeddable":true,"href":"https:\/\/wp.ufpel.edu.br\/egresso\/wp-json\/wp\/v2\/users\/704"}],"replies":[{"embeddable":true,"href":"https:\/\/wp.ufpel.edu.br\/egresso\/wp-json\/wp\/v2\/comments?post=122"}],"version-history":[{"count":31,"href":"https:\/\/wp.ufpel.edu.br\/egresso\/wp-json\/wp\/v2\/pages\/122\/revisions"}],"predecessor-version":[{"id":301,"href":"https:\/\/wp.ufpel.edu.br\/egresso\/wp-json\/wp\/v2\/pages\/122\/revisions\/301"}],"up":[{"embeddable":true,"href":"https:\/\/wp.ufpel.edu.br\/egresso\/wp-json\/wp\/v2\/pages\/116"}],"wp:attachment":[{"href":"https:\/\/wp.ufpel.edu.br\/egresso\/wp-json\/wp\/v2\/media?parent=122"}],"curies":[{"name":"wp","href":"https:\/\/api.w.org\/{rel}","templated":true}]}}