{"id":119,"date":"2016-10-10T14:47:54","date_gmt":"2016-10-10T17:47:54","guid":{"rendered":"https:\/\/wp.ufpel.edu.br\/egresso\/?page_id=119"},"modified":"2017-01-19T09:22:13","modified_gmt":"2017-01-19T11:22:13","slug":"graduacao","status":"publish","type":"page","link":"https:\/\/wp.ufpel.edu.br\/egresso\/depoimentos\/graduacao\/","title":{"rendered":"Gradua\u00e7\u00e3o"},"content":{"rendered":"<div class=\"depo-box\"><img class=\"textwarp\" src=\"https:\/\/wp.ufpel.edu.br\/egresso\/files\/2016\/10\/20160527_1908481-e1476808090954-154x159.jpg\" \/><br \/>\n<span class=\"depo-nome\">Alessandra Soares Lemes Moraes<\/span><br \/>\n<span class=\"depo-curso\">Gest\u00e3o P\u00fablica<\/span><\/p>\n<div class=\"depo-box-depo\"><span class=\"depo-text\">&#8220;Atrav\u00e9s do curso de Gest\u00e3o p\u00fablica pude comprovar na teoria tudo que j\u00e1 utilizava na pr\u00e1tica de minhas atividades profissionais, tive oportunidade de trocar conhecimentos com pessoas que j\u00e1 trabalhavam na \u00e1rea a mais tempo.&#8221;<\/span><\/div>\n<\/div>\n<div class=\"depo-box\"><img class=\"textwarp\" src=\"https:\/\/wp.ufpel.edu.br\/egresso\/files\/2016\/10\/fabio-e1476882813394.jpg\" \/><br \/>\n<span class=\"depo-nome\">F\u00e1bio Kellermann Schramm<\/span><br \/>\n<span class=\"depo-curso\">Arquitetura e Urbanismo<\/span><\/p>\n<div class=\"depo-box-depo\"><span class=\"depo-text\">&#8220;O per\u00edodo de estudos na UFPel foi decisivo para minha forma\u00e7\u00e3o profissional e humana, sobretudo pelas oportunidades de intera\u00e7\u00e3o e experimenta\u00e7\u00e3o, por meio das atividades de pesquisa e extens\u00e3o. Em especial, por ter sido bolsista PET, acredito que esta experi\u00eancia contribuiu fortemente para o desempenho de minhas atividades atuais, pelas experi\u00eancias e viv\u00eancias proporcionadas por este programa.<br \/>\nAcho que meu curso cumpriu seu papel pois me ensinou a aprender, a constantemente buscar aprimoramento e a enfrentar os in\u00fameros desafios que a vida profissional me imp\u00f5e.<br \/>\nFinalmente, tornei-me docente na UFPel, tamb\u00e9m como uma forma de retribuir \u00e0 Universidade e \u00e0 sociedade a educa\u00e7\u00e3o de qualidade, sobretudo gratuita, que recebi durante minha gradua\u00e7\u00e3o e pela qual devemos lutar pela manuten\u00e7\u00e3o.&#8221;<\/span><\/div>\n<\/div>\n<div class=\"depo-box\"><img class=\"textwarp\" src=\"https:\/\/wp.ufpel.edu.br\/egresso\/files\/2016\/10\/img_8323-2-2-e1476883506931.jpg\" \/><br \/>\n<span class=\"depo-nome\">Jonathan Costa da Silva<\/span><br \/>\n<span class=\"depo-curso\">Jornalismo<\/span><\/p>\n<div class=\"depo-box-depo\"><span class=\"depo-text\">&#8220;Ingressei na UFPel como aluno do CAVG, no ensino m\u00e9dio, desde l\u00e1, foram mais de 12 anos como aluno regular da universidade, seja no ensino m\u00e9dio ou nas duas faculdades a qual cursei. A UFPel, universidade p\u00fablica e de qualidade, al\u00e9m de me formar profissionalmente, foi importante na minha constru\u00e7\u00e3o de car\u00e1ter e do meu papel social, ao participar efetivamente da vida pol\u00edtica da institui\u00e7\u00e3o.&#8221;<\/span><\/div>\n<\/div>\n<div class=\"depo-box\"><img class=\"textwarp\" src=\"https:\/\/wp.ufpel.edu.br\/egresso\/files\/2016\/10\/14gp078-8978_mod-e1476883392289.jpg\" \/><br \/>\n<span class=\"depo-nome\">Maicon Gularte Moreira<\/span><br \/>\n<span class=\"depo-curso\">Turismo<\/span><\/p>\n<div class=\"depo-box-depo\"><span class=\"depo-text\">&#8220;A UFPel contribuiu muito com minha trajet\u00f3ria profissional e, mesmo sendo egresso, ainda contribui. Ap\u00f3s sair da institui\u00e7\u00e3o fui cursar o mestrado em uma institui\u00e7\u00e3o privada e pude perceber a import\u00e2ncia da universidade p\u00fablica em nosso pa\u00eds. Ainda que a estrutura das institui\u00e7\u00f5es privadas tenha algumas vantagens, nada substitui as rela\u00e7\u00f5es humanizadas que se constroem e s\u00e3o constru\u00eddas no ambiente de uma universidade p\u00fablica. Na UFPel aprendi a me relacionar com as pessoas e com o mundo, aprendi a import\u00e2ncia da pol\u00edtica e dos movimentos sociais para a constru\u00e7\u00e3o de um mundo com mais dignidade, amadureci como profissional e tamb\u00e9m como ser humano e fiz amigos que carrego comigo at\u00e9 hoje.&#8221;<\/span><\/div>\n<\/div>\n<p><!--nextpage--><\/p>\n<div class=\"depo-box\"><img class=\"textwarp\" src=\"https:\/\/wp.ufpel.edu.br\/egresso\/files\/2016\/10\/1476849859819130-e1477052826334.jpg\" width=\"121\" height=\"163\" \/><br \/>\n<span class=\"depo-nome\">Maria Sibilla Dieckmann Siqueira<\/span><br \/>\n<span class=\"depo-curso\">Administra\u00e7\u00e3o<\/span><\/p>\n<div class=\"depo-box-depo\"><span class=\"depo-text\">&#8220;A UFPEL colaborou com o meu crescimento intelectual, permitindo que eu possa atuar na \u00e1rea, fornecendo consultorias e participando do desenvolvimento local e regional.&#8221;<\/span><\/div>\n<\/div>\n<div class=\"depo-box\"><img class=\"textwarp\" src=\"https:\/\/wp.ufpel.edu.br\/egresso\/files\/2016\/10\/template-green.jpg\" width=\"121\" height=\"163\" \/><br \/>\n<span class=\"depo-nome\">Fernanda Pinto dos Santos Matthes<\/span><br \/>\n<span class=\"depo-curso\">Turismo<\/span><\/p>\n<div class=\"depo-box-depo\"><span class=\"depo-text\">&#8220;A UFPel, principalmente atrav\u00e9s do Curso de Bacharelado em Turismo, foi uma Universidade que me ensinou n\u00e3o apenas sobre t\u00e9cnicas e mercado de trabalho, mas sobre cidadania, educa\u00e7\u00e3o, direitos e deveres como profissional e cidad\u00e3. Aprendi a questionar o mundo e a entender meu papel nestas interpreta\u00e7\u00f5es, como uma agente de mudan\u00e7a social. Gosto de pensar que a UFPel me formou muito mais para a vida do que apenas para cumprir uma atividade profissional.&#8221;<\/span><\/div>\n<\/div>\n<div class=\"depo-box\"><img class=\"textwarp\" src=\"https:\/\/wp.ufpel.edu.br\/egresso\/files\/2016\/10\/template-green.jpg\" width=\"146\" height=\"146\" \/><br \/>\n<span class=\"depo-nome\">Jo\u00e3o Daniel Dorneles Ramos<\/span><br \/>\n<span class=\"depo-curso\">Ci\u00eancias Sociais<\/span><\/p>\n<div class=\"depo-box-depo\"><span class=\"depo-text\">&#8220;A UFPEL contribuiu bastante com minha forma\u00e7\u00e3o enquanto pessoa por dois motivos: eu ter morado na Casa do Estudante Universit\u00e1rio, o que foi importante por conhecer diferentes pessoas e apreender a respeitar as diferen\u00e7as e, ainda, por ter me proporcionado, algumas vezes, ir a eventos cient\u00edficos e sociais para tanto apresentar trabalhos como para discutir os rumos da educa\u00e7\u00e3o em nossa sociedade.&#8221;<\/span><\/div>\n<\/div>\n<div class=\"depo-box\"><img class=\"textwarp\" src=\"https:\/\/wp.ufpel.edu.br\/egresso\/files\/2016\/10\/template-green.jpg\" width=\"146\" height=\"146\" \/><br \/>\n<span class=\"depo-nome\">Marcelo Crestani Mota<\/span><br \/>\n<span class=\"depo-curso\">Engenharia Agr\u00edcola<\/span><\/p>\n<div class=\"depo-box-depo\"><span class=\"depo-text\">&#8220;A UFPel me forjou como profissional e me proporcionou a possibilidade de seguir na carreira acad\u00eamica. Atrav\u00e9s dela tive acesso a cursos de orat\u00f3ria, visitas t\u00e9cnicas, est\u00e1gios e oportunidade de realizar trabalhos de pesquisa, ensino e extens\u00e3o. Al\u00e9m de ter tido a oportunidade de ter trabalhado com profissionais do mais alto n\u00edvel e que me ajudaram durante a minha trajet\u00f3ria acad\u00eamica e profissional.&#8221;<\/span><\/div>\n<\/div>\n<p><!--nextpage--><\/p>\n<div class=\"depo-box\"><img class=\"textwarp\" src=\"https:\/\/wp.ufpel.edu.br\/egresso\/files\/2016\/10\/template-green.jpg\" width=\"146\" height=\"146\" \/><br \/>\n<span class=\"depo-nome\">Breno Xavier Gon\u00e7alves<\/span><br \/>\n<span class=\"depo-curso\">Agronomia<\/span><\/p>\n<div class=\"depo-box-depo\"><span class=\"depo-text\">&#8220;A UFPEL, por ser uma Universidade tradicional, onde se encontram professores de alto n\u00edvel intelectual, permitiu que eu tivesse contato com esses profissionais, os quais levo como exemplo profissional e pessoal. Al\u00e9m disso, sua estrutura de laborat\u00f3rios muito bem equipados possibilitou que eu tivesse acesso \u00e0 muitas t\u00e9cnicas, o que agregou muito na minha experi\u00eancia como acad\u00eamico.&#8221;<\/span><\/div>\n<\/div>\n<div class=\"depo-box\"><img class=\"textwarp\" src=\"https:\/\/wp.ufpel.edu.br\/egresso\/files\/2017\/01\/lucas-e1484824901538.png\" width=\"146\" height=\"146\" \/><br \/>\n<span class=\"depo-nome\">Lucas Barros Bonine<\/span><br \/>\n<span class=\"depo-curso\">Ci\u00eancia da Computa\u00e7\u00e3o<\/span><\/p>\n<div class=\"depo-box-depo\"><span class=\"depo-text\"><br \/>\n  &#8220;Para mim foi bastante proveitoso o est\u00e1gio de extens\u00e3o que desempenhei em parceria com o curso de Administra\u00e7\u00e3o onde pude desenvolver um sistema completo que atendia as necessidades do cliente, que no caso eram os gestores do projeto. Parcerias como estas deveriam ocorrer com mais frequ\u00eancia, pois o ambiente de trabalho exige contato com profissionais de outras \u00e1reas!&#8221;<\/span><\/div>\n<\/div>\n","protected":false},"excerpt":{"rendered":"<p>Alessandra Soares Lemes Moraes Gest\u00e3o P\u00fablica &#8220;Atrav\u00e9s do curso de Gest\u00e3o p\u00fablica pude comprovar na teoria tudo que j\u00e1 utilizava na pr\u00e1tica de minhas atividades profissionais, tive oportunidade de trocar conhecimentos com pessoas que j\u00e1 trabalhavam na \u00e1rea a mais tempo.&#8221; F\u00e1bio Kellermann Schramm Arquitetura e Urbanismo &#8220;O per\u00edodo de estudos na UFPel foi decisivo [&hellip;]<\/p>\n","protected":false},"author":704,"featured_media":0,"parent":116,"menu_order":0,"comment_status":"closed","ping_status":"closed","template":"","meta":{"jetpack_post_was_ever_published":false,"footnotes":""},"class_list":["post-119","page","type-page","status-publish","hentry"],"jetpack_sharing_enabled":true,"jetpack_shortlink":"https:\/\/wp.me\/P7YTr9-1V","_links":{"self":[{"href":"https:\/\/wp.ufpel.edu.br\/egresso\/wp-json\/wp\/v2\/pages\/119","targetHints":{"allow":["GET"]}}],"collection":[{"href":"https:\/\/wp.ufpel.edu.br\/egresso\/wp-json\/wp\/v2\/pages"}],"about":[{"href":"https:\/\/wp.ufpel.edu.br\/egresso\/wp-json\/wp\/v2\/types\/page"}],"author":[{"embeddable":true,"href":"https:\/\/wp.ufpel.edu.br\/egresso\/wp-json\/wp\/v2\/users\/704"}],"replies":[{"embeddable":true,"href":"https:\/\/wp.ufpel.edu.br\/egresso\/wp-json\/wp\/v2\/comments?post=119"}],"version-history":[{"count":60,"href":"https:\/\/wp.ufpel.edu.br\/egresso\/wp-json\/wp\/v2\/pages\/119\/revisions"}],"predecessor-version":[{"id":695,"href":"https:\/\/wp.ufpel.edu.br\/egresso\/wp-json\/wp\/v2\/pages\/119\/revisions\/695"}],"up":[{"embeddable":true,"href":"https:\/\/wp.ufpel.edu.br\/egresso\/wp-json\/wp\/v2\/pages\/116"}],"wp:attachment":[{"href":"https:\/\/wp.ufpel.edu.br\/egresso\/wp-json\/wp\/v2\/media?parent=119"}],"curies":[{"name":"wp","href":"https:\/\/api.w.org\/{rel}","templated":true}]}}