{"id":116,"date":"2016-10-10T14:47:36","date_gmt":"2016-10-10T17:47:36","guid":{"rendered":"https:\/\/wp.ufpel.edu.br\/egresso\/?page_id=116"},"modified":"2016-10-14T11:40:46","modified_gmt":"2016-10-14T14:40:46","slug":"depoimentos","status":"publish","type":"page","link":"https:\/\/wp.ufpel.edu.br\/egresso\/depoimentos\/","title":{"rendered":"Depoimentos"},"content":{"rendered":"<p>Veja os depoimentos dos egressos.<\/p>\n<p>&nbsp;<\/p>\n<p><a href=\"https:\/\/wp.ufpel.edu.br\/egresso\/graduacao\/\" class=\"no-dec\"><span id=\"link-btn\">Gradua\u00e7\u00e3o<\/span><\/a><\/p>\n<p>&nbsp;<\/p>\n<p><a href=\"https:\/\/wp.ufpel.edu.br\/egresso\/pos-graduacao\/\" class=\"no-dec\"><span id=\"link-btn\">P\u00f3s-Gradua\u00e7\u00e3o<\/span><\/a><\/p>\n","protected":false},"excerpt":{"rendered":"<p>Veja os depoimentos dos egressos. &nbsp; Gradua\u00e7\u00e3o &nbsp; P\u00f3s-Gradua\u00e7\u00e3o<\/p>\n","protected":false},"author":704,"featured_media":0,"parent":0,"menu_order":0,"comment_status":"closed","ping_status":"closed","template":"","meta":{"jetpack_post_was_ever_published":false,"footnotes":""},"class_list":["post-116","page","type-page","status-publish","hentry"],"jetpack_sharing_enabled":true,"jetpack_shortlink":"https:\/\/wp.me\/P7YTr9-1S","_links":{"self":[{"href":"https:\/\/wp.ufpel.edu.br\/egresso\/wp-json\/wp\/v2\/pages\/116","targetHints":{"allow":["GET"]}}],"collection":[{"href":"https:\/\/wp.ufpel.edu.br\/egresso\/wp-json\/wp\/v2\/pages"}],"about":[{"href":"https:\/\/wp.ufpel.edu.br\/egresso\/wp-json\/wp\/v2\/types\/page"}],"author":[{"embeddable":true,"href":"https:\/\/wp.ufpel.edu.br\/egresso\/wp-json\/wp\/v2\/users\/704"}],"replies":[{"embeddable":true,"href":"https:\/\/wp.ufpel.edu.br\/egresso\/wp-json\/wp\/v2\/comments?post=116"}],"version-history":[{"count":14,"href":"https:\/\/wp.ufpel.edu.br\/egresso\/wp-json\/wp\/v2\/pages\/116\/revisions"}],"predecessor-version":[{"id":341,"href":"https:\/\/wp.ufpel.edu.br\/egresso\/wp-json\/wp\/v2\/pages\/116\/revisions\/341"}],"wp:attachment":[{"href":"https:\/\/wp.ufpel.edu.br\/egresso\/wp-json\/wp\/v2\/media?parent=116"}],"curies":[{"name":"wp","href":"https:\/\/api.w.org\/{rel}","templated":true}]}}