{"id":80,"date":"2018-05-17T15:45:24","date_gmt":"2018-05-17T18:45:24","guid":{"rendered":"https:\/\/wp.ufpel.edu.br\/egpdr\/?page_id=80"},"modified":"2025-08-28T14:21:57","modified_gmt":"2025-08-28T17:21:57","slug":"contato","status":"publish","type":"page","link":"https:\/\/wp.ufpel.edu.br\/egpdr\/contato\/","title":{"rendered":"Contato"},"content":{"rendered":"<p><strong>Prof\u00aa. Dra. Luciana Florentino Novo<\/strong><br \/>\nCoordenadora do Curso<\/p>\n<p><a class=\"Yh1nIb asUmFb AL18ce\" href=\"mailto:luciana_novo@yahoo.com.br\" target=\"_blank\" rel=\"noopener noreferrer\" data-tooltip=\"Do perfil do usu\u00e1rio do Google\" data-tooltip-position=\"top\">luciana_novo@yahoo.com.br<\/a><\/p>\n<p>&nbsp;<\/p>\n<p><strong>E-mail do Curso: <\/strong><a href=\"mailto:especializacaogpdrufpel@gmail.com\">especializacaogpdrufpel@gmail.com<\/a><\/p>\n<p>&nbsp;<\/p>\n<p><strong>Secretaria Acad\u00eamica (Secretaria do Curso de Especializa\u00e7\u00e3o em Gest\u00e3o P\u00fablica e Desenvolvimento Regional)<\/strong><br \/>\n(53) 3284-3857<\/p>\n<p>&nbsp;<\/p>\n<p><strong>Endere\u00e7o da Secretaria:<\/strong>\u00a0Rua Gomes Carneiro, n\u00ba 01, sala 416 \u2013\u00a0 Campus Porto \u2013 CEP:\u00a096010-610 \u2013 4\u00ba andar<\/p>\n<p>&nbsp;<\/p>\n<p><strong>Hor\u00e1rio de Atendimento:\u00a0<\/strong>De segunda a sexta-feira, das 9h \u00e0s 21h<\/p>\n<p>&nbsp;<\/p>\n<p>&nbsp;<\/p>\n","protected":false},"excerpt":{"rendered":"<p>Prof\u00aa. Dra. Luciana Florentino Novo Coordenadora do Curso luciana_novo@yahoo.com.br &nbsp; E-mail do Curso: especializacaogpdrufpel@gmail.com &nbsp; Secretaria Acad\u00eamica (Secretaria do Curso de Especializa\u00e7\u00e3o em Gest\u00e3o P\u00fablica e Desenvolvimento Regional) (53) 3284-3857 &nbsp; Endere\u00e7o da Secretaria:\u00a0Rua Gomes Carneiro, n\u00ba 01, sala 416 \u2013\u00a0 Campus Porto \u2013 CEP:\u00a096010-610 \u2013 4\u00ba andar &nbsp; Hor\u00e1rio de Atendimento:\u00a0De segunda a sexta-feira, [&hellip;]<\/p>\n","protected":false},"author":349,"featured_media":0,"parent":0,"menu_order":0,"comment_status":"closed","ping_status":"closed","template":"","meta":{"footnotes":""},"class_list":["post-80","page","type-page","status-publish","hentry"],"_links":{"self":[{"href":"https:\/\/wp.ufpel.edu.br\/egpdr\/wp-json\/wp\/v2\/pages\/80","targetHints":{"allow":["GET"]}}],"collection":[{"href":"https:\/\/wp.ufpel.edu.br\/egpdr\/wp-json\/wp\/v2\/pages"}],"about":[{"href":"https:\/\/wp.ufpel.edu.br\/egpdr\/wp-json\/wp\/v2\/types\/page"}],"author":[{"embeddable":true,"href":"https:\/\/wp.ufpel.edu.br\/egpdr\/wp-json\/wp\/v2\/users\/349"}],"replies":[{"embeddable":true,"href":"https:\/\/wp.ufpel.edu.br\/egpdr\/wp-json\/wp\/v2\/comments?post=80"}],"version-history":[{"count":3,"href":"https:\/\/wp.ufpel.edu.br\/egpdr\/wp-json\/wp\/v2\/pages\/80\/revisions"}],"predecessor-version":[{"id":612,"href":"https:\/\/wp.ufpel.edu.br\/egpdr\/wp-json\/wp\/v2\/pages\/80\/revisions\/612"}],"wp:attachment":[{"href":"https:\/\/wp.ufpel.edu.br\/egpdr\/wp-json\/wp\/v2\/media?parent=80"}],"curies":[{"name":"wp","href":"https:\/\/api.w.org\/{rel}","templated":true}]}}