{"id":527,"date":"2024-07-23T10:40:42","date_gmt":"2024-07-23T13:40:42","guid":{"rendered":"https:\/\/wp.ufpel.edu.br\/egpdr\/?page_id=527"},"modified":"2024-08-23T12:50:52","modified_gmt":"2024-08-23T15:50:52","slug":"formulario-de-inscricao-processo-seletivo-2024-1-aluno-regular","status":"publish","type":"page","link":"https:\/\/wp.ufpel.edu.br\/egpdr\/formulario-de-inscricao-processo-seletivo-2024-1-aluno-regular\/","title":{"rendered":"Formul\u00e1rio de inscri\u00e7\u00e3o &#8211; Processo Seletivo 2024-2 &#8211; Aluno Regular"},"content":{"rendered":"<p><a href=\"https:\/\/wp.ufpel.edu.br\/egpdr\/files\/2024\/07\/EDITAL-N\u00b0-119-2024.pdf\">EDITAL N\u00b0 119-2024<\/a><\/p>\n<p><a href=\"https:\/\/wp.ufpel.edu.br\/egpdr\/files\/2022\/02\/Formulario-de-Inscricao-EGPDR.docx\">Formul\u00e1rio de Inscri\u00e7\u00e3o &#8211; Processo Seletivo 2024-2 &#8211; Aluno Regular<\/a><\/p>\n<p><a href=\"https:\/\/wp.ufpel.edu.br\/egpdr\/2024\/07\/29\/anexos-edital-2024\/\">Anexos<\/a><\/p>\n<p><a href=\"https:\/\/wp.ufpel.edu.br\/egpdr\/files\/2024\/08\/Edital-de-Retificacao-EGPDR-1.pdf\">Edital de Retifica\u00e7\u00e3o EGPDR 1<\/a><\/p>\n","protected":false},"excerpt":{"rendered":"<p>EDITAL N\u00b0 119-2024 Formul\u00e1rio de Inscri\u00e7\u00e3o &#8211; Processo Seletivo 2024-2 &#8211; Aluno Regular Anexos Edital de Retifica\u00e7\u00e3o EGPDR 1<\/p>\n","protected":false},"author":349,"featured_media":0,"parent":0,"menu_order":0,"comment_status":"closed","ping_status":"closed","template":"","meta":{"footnotes":""},"class_list":["post-527","page","type-page","status-publish","hentry"],"_links":{"self":[{"href":"https:\/\/wp.ufpel.edu.br\/egpdr\/wp-json\/wp\/v2\/pages\/527","targetHints":{"allow":["GET"]}}],"collection":[{"href":"https:\/\/wp.ufpel.edu.br\/egpdr\/wp-json\/wp\/v2\/pages"}],"about":[{"href":"https:\/\/wp.ufpel.edu.br\/egpdr\/wp-json\/wp\/v2\/types\/page"}],"author":[{"embeddable":true,"href":"https:\/\/wp.ufpel.edu.br\/egpdr\/wp-json\/wp\/v2\/users\/349"}],"replies":[{"embeddable":true,"href":"https:\/\/wp.ufpel.edu.br\/egpdr\/wp-json\/wp\/v2\/comments?post=527"}],"version-history":[{"count":5,"href":"https:\/\/wp.ufpel.edu.br\/egpdr\/wp-json\/wp\/v2\/pages\/527\/revisions"}],"predecessor-version":[{"id":558,"href":"https:\/\/wp.ufpel.edu.br\/egpdr\/wp-json\/wp\/v2\/pages\/527\/revisions\/558"}],"wp:attachment":[{"href":"https:\/\/wp.ufpel.edu.br\/egpdr\/wp-json\/wp\/v2\/media?parent=527"}],"curies":[{"name":"wp","href":"https:\/\/api.w.org\/{rel}","templated":true}]}}