{"id":360,"date":"2022-02-18T13:23:34","date_gmt":"2022-02-18T16:23:34","guid":{"rendered":"https:\/\/wp.ufpel.edu.br\/egpdr\/?page_id=360"},"modified":"2022-02-18T13:24:17","modified_gmt":"2022-02-18T16:24:17","slug":"formulario-de-inscricao-processo-seletivo-2022-1-aluno-regular","status":"publish","type":"page","link":"https:\/\/wp.ufpel.edu.br\/egpdr\/formulario-de-inscricao-processo-seletivo-2022-1-aluno-regular\/","title":{"rendered":"Formul\u00e1rio de inscri\u00e7\u00e3o &#8211; Processo Seletivo 2022-1 &#8211; Aluno Regular"},"content":{"rendered":"<p><a href=\"https:\/\/wp.ufpel.edu.br\/egpdr\/files\/2022\/02\/Formulario-de-Inscricao-EGPDR.docx\">Formul\u00e1rio de Inscri\u00e7\u00e3o &#8211; Processo Seletivo 2022-1 &#8211; Aluno Regular<\/a><\/p>\n","protected":false},"excerpt":{"rendered":"<p>Formul\u00e1rio de Inscri\u00e7\u00e3o &#8211; Processo Seletivo 2022-1 &#8211; Aluno Regular<\/p>\n","protected":false},"author":349,"featured_media":0,"parent":0,"menu_order":0,"comment_status":"closed","ping_status":"closed","template":"","meta":{"footnotes":""},"class_list":["post-360","page","type-page","status-publish","hentry"],"_links":{"self":[{"href":"https:\/\/wp.ufpel.edu.br\/egpdr\/wp-json\/wp\/v2\/pages\/360","targetHints":{"allow":["GET"]}}],"collection":[{"href":"https:\/\/wp.ufpel.edu.br\/egpdr\/wp-json\/wp\/v2\/pages"}],"about":[{"href":"https:\/\/wp.ufpel.edu.br\/egpdr\/wp-json\/wp\/v2\/types\/page"}],"author":[{"embeddable":true,"href":"https:\/\/wp.ufpel.edu.br\/egpdr\/wp-json\/wp\/v2\/users\/349"}],"replies":[{"embeddable":true,"href":"https:\/\/wp.ufpel.edu.br\/egpdr\/wp-json\/wp\/v2\/comments?post=360"}],"version-history":[{"count":2,"href":"https:\/\/wp.ufpel.edu.br\/egpdr\/wp-json\/wp\/v2\/pages\/360\/revisions"}],"predecessor-version":[{"id":364,"href":"https:\/\/wp.ufpel.edu.br\/egpdr\/wp-json\/wp\/v2\/pages\/360\/revisions\/364"}],"wp:attachment":[{"href":"https:\/\/wp.ufpel.edu.br\/egpdr\/wp-json\/wp\/v2\/media?parent=360"}],"curies":[{"name":"wp","href":"https:\/\/api.w.org\/{rel}","templated":true}]}}