{"id":190,"date":"2019-10-15T10:19:11","date_gmt":"2019-10-15T13:19:11","guid":{"rendered":"https:\/\/wp.ufpel.edu.br\/egpdr\/?page_id=190"},"modified":"2024-08-06T11:17:48","modified_gmt":"2024-08-06T14:17:48","slug":"documentos","status":"publish","type":"page","link":"https:\/\/wp.ufpel.edu.br\/egpdr\/documentos\/","title":{"rendered":"Documentos"},"content":{"rendered":"<h3><strong>Documentos do Curso de Especializa\u00e7\u00e3o em Gest\u00e3o P\u00fablica e Desenvolvimento Regiona<\/strong>l<\/h3>\n<p><a href=\"https:\/\/wp.ufpel.edu.br\/egpdr\/files\/2019\/10\/Projeto-especializacao_ADM_junho09.pdf\">Projeto de cria\u00e7\u00e3o do curso De P\u00d3S-GRADUA\u00c7\u00c3O <em>Lato Sensu<\/em> \u201cGest\u00e3o P\u00fablica e Desenvolvimento Regional\u201d<\/a><\/p>\n<p><a href=\"https:\/\/wp.ufpel.edu.br\/egpdr\/files\/2019\/10\/PPC-Especializa\u00e7\u00e3o-em-Gest\u00e3o-P\u00fablica-e-Desenvolvimento-Regional.pdf\">Revis\u00e3o do Projeto Pol\u00edtico Pedag\u00f3gico do Curso de Especializa\u00e7\u00e3o em \u201cGest\u00e3o P\u00fablica e Desenvolvimento Regional\u201d<\/a><\/p>\n<p><a href=\"https:\/\/wp.ufpel.edu.br\/egpdr\/files\/2019\/12\/Regimento-Geral-dos-Cursos-de-P\u00f3s-Gradua\u00e7\u00e3o-Lato-Sensu.doc\">Regimento Geral dos Cursos de P\u00f3s-Gradua\u00e7\u00e3o <em>Lato Sensu<\/em><\/a><\/p>\n<p><a href=\"http:\/\/sisbi.ufpel.edu.br\/?p=reqFicha\">Solicita\u00e7\u00e3o de Ficha Catalogr\u00e1fica<\/a><\/p>\n<p><a href=\"https:\/\/wp.ufpel.edu.br\/egpdr\/files\/2024\/08\/Termo_de_autorizacao_para_inserir_TCC_e_TCCP_nas_bases_de_dados_da_UFPel_atualizado.pdf\">Termo de autoriza\u00e7\u00e3o para publica\u00e7\u00e3o dos trabalhos acad\u00eamicos (NOVO)<\/a><\/p>\n<p><a href=\"https:\/\/wp.ufpel.edu.br\/egpdr\/files\/2022\/08\/Formulario-Solicitacao-de-Aproveitamento-Pos.doc\">Formul\u00e1rio Solicita\u00e7\u00e3o de Aproveitamento P\u00f3s<\/a><\/p>\n<p><a href=\"https:\/\/wp.ufpel.edu.br\/egpdr\/files\/2023\/03\/TRANCAMENTO-DE-MATRICULA-ATUALIZADO.doc\">TRANCAMENTO-DE-MATRICULA-ATUALIZADO<\/a><\/p>\n","protected":false},"excerpt":{"rendered":"<p>Documentos do Curso de Especializa\u00e7\u00e3o em Gest\u00e3o P\u00fablica e Desenvolvimento Regional Projeto de cria\u00e7\u00e3o do curso De P\u00d3S-GRADUA\u00c7\u00c3O Lato Sensu \u201cGest\u00e3o P\u00fablica e Desenvolvimento Regional\u201d Revis\u00e3o do Projeto Pol\u00edtico Pedag\u00f3gico do Curso de Especializa\u00e7\u00e3o em \u201cGest\u00e3o P\u00fablica e Desenvolvimento Regional\u201d Regimento Geral dos Cursos de P\u00f3s-Gradua\u00e7\u00e3o Lato Sensu Solicita\u00e7\u00e3o de Ficha Catalogr\u00e1fica Termo de autoriza\u00e7\u00e3o [&hellip;]<\/p>\n","protected":false},"author":349,"featured_media":0,"parent":0,"menu_order":0,"comment_status":"closed","ping_status":"closed","template":"","meta":{"footnotes":""},"class_list":["post-190","page","type-page","status-publish","hentry"],"_links":{"self":[{"href":"https:\/\/wp.ufpel.edu.br\/egpdr\/wp-json\/wp\/v2\/pages\/190","targetHints":{"allow":["GET"]}}],"collection":[{"href":"https:\/\/wp.ufpel.edu.br\/egpdr\/wp-json\/wp\/v2\/pages"}],"about":[{"href":"https:\/\/wp.ufpel.edu.br\/egpdr\/wp-json\/wp\/v2\/types\/page"}],"author":[{"embeddable":true,"href":"https:\/\/wp.ufpel.edu.br\/egpdr\/wp-json\/wp\/v2\/users\/349"}],"replies":[{"embeddable":true,"href":"https:\/\/wp.ufpel.edu.br\/egpdr\/wp-json\/wp\/v2\/comments?post=190"}],"version-history":[{"count":12,"href":"https:\/\/wp.ufpel.edu.br\/egpdr\/wp-json\/wp\/v2\/pages\/190\/revisions"}],"predecessor-version":[{"id":551,"href":"https:\/\/wp.ufpel.edu.br\/egpdr\/wp-json\/wp\/v2\/pages\/190\/revisions\/551"}],"wp:attachment":[{"href":"https:\/\/wp.ufpel.edu.br\/egpdr\/wp-json\/wp\/v2\/media?parent=190"}],"curies":[{"name":"wp","href":"https:\/\/api.w.org\/{rel}","templated":true}]}}