{"id":97,"date":"2020-12-19T08:31:10","date_gmt":"2020-12-19T11:31:10","guid":{"rendered":"https:\/\/wp.ufpel.edu.br\/egem2021\/?page_id=97"},"modified":"2021-07-11T17:45:00","modified_gmt":"2021-07-11T20:45:00","slug":"comite-cientifico-pareceristas","status":"publish","type":"page","link":"https:\/\/wp.ufpel.edu.br\/egem2021\/comite-cientifico-pareceristas\/","title":{"rendered":"Comit\u00ea Cient\u00edfico &#8211; Pareceristas"},"content":{"rendered":"<p style=\"text-align: center\"><span style=\"color: #000000;font-size: 14pt\"><strong>COMIT\u00ca CIENT\u00cdFICO &#8211; PARECERISTAS\u00a0AD HOC<\/strong><\/span><\/p>\n<p style=\"text-align: center\"><em><span style=\"color: #000080\">Aiana Silveira Bilhalva<\/span><\/em><\/p>\n<p style=\"text-align: center\"><em><span style=\"color: #000080\">Aline Picoli Sonza<\/span><\/em><\/p>\n<p style=\"text-align: center\"><em><span style=\"color: #000080\">Alvino Alves Sant\u2019Ana<\/span><\/em><\/p>\n<p style=\"text-align: center\"><em><span style=\"color: #000080\">Amanda Pranke<\/span><\/em><\/p>\n<p style=\"text-align: center\"><em><span style=\"color: #000080\">Ana Marli Bulegon\u00a0<\/span><\/em><\/p>\n<p style=\"text-align: center\"><em><span style=\"color: #000080\">Ana Paula de Souza Colling<\/span><\/em><\/p>\n<p style=\"text-align: center\"><em><span style=\"color: #000080\">\u00c2ngela Maria Hartmann<\/span><\/em><\/p>\n<p style=\"text-align: center\"><em><span style=\"color: #000080\">Barbara Winiarski Diesel Novaes<\/span><\/em><\/p>\n<p style=\"text-align: center\"><em><span style=\"color: #000080\">Carla Denize Ott Felcher<\/span><\/em><\/p>\n<p style=\"text-align: center\"><em><span style=\"color: #000080\">Charl\u00e2ni Ferreira Batista Rafael<\/span><\/em><\/p>\n<p style=\"text-align: center\"><em><span style=\"color: #000080\">Clarissa Coragem Ballejo<\/span><\/em><\/p>\n<p style=\"text-align: center\"><em><span style=\"color: #000080\">Claudia Glavam Duarte<\/span><\/em><\/p>\n<p style=\"text-align: center\"><em><span style=\"color: #000080\">Claudia Lisete Oliveira Groenwald<\/span><\/em><\/p>\n<p style=\"text-align: center\"><em><span style=\"color: #000080\">Cl\u00e1udio Jos\u00e9 de Oliveira<\/span><\/em><\/p>\n<p style=\"text-align: center\"><em><span style=\"color: #000080\">Crisna Daniela Krause Bierhalz<\/span><\/em><\/p>\n<p style=\"text-align: center\"><em><span style=\"color: #000080\">Cristiane Antonia Hauschild<\/span><\/em><\/p>\n<p style=\"text-align: center\"><em><span style=\"color: #000080\">Cristiano Oliveira<\/span><\/em><\/p>\n<p style=\"text-align: center\"><em><span style=\"color: #000080\">Daniela Stevanin Hoffmann<\/span><\/em><\/p>\n<p style=\"text-align: center\"><em><span style=\"color: #000080\">Danieli Dias da Silva<\/span><\/em><\/p>\n<p style=\"text-align: center\"><em><span style=\"color: #000080\">Danielle dos Santos Rodrigues<\/span><\/em><\/p>\n<p style=\"text-align: center\"><em><span style=\"color: #000080\">Debora da Silva Soares<\/span><\/em><\/p>\n<p style=\"text-align: center\"><em><span style=\"color: #000080\">D\u00e9bora Luana Kurz<\/span><\/em><\/p>\n<p style=\"text-align: center\"><em><span style=\"color: #000080\">Denise Knost da Silva<\/span><\/em><\/p>\n<p style=\"text-align: center\"><em><span style=\"color: #000080\">Denise Nascimento Silveira<\/span><\/em><\/p>\n<p style=\"text-align: center\"><em><span style=\"color: #000080\">Eleni Bisognin<\/span><\/em><\/p>\n<p style=\"text-align: center\"><em><span style=\"color: #000080\">Elisabete Zardo B\u00farigo<\/span><\/em><\/p>\n<p style=\"text-align: center\"><em><span style=\"color: #000080\">Fabiana Caldeira Damasco<\/span><\/em><\/p>\n<p style=\"text-align: center\"><em><span style=\"color: #000080\">Fabiane Fischer Figueiredo<\/span><\/em><\/p>\n<p style=\"text-align: center\"><em><span style=\"color: #000080\">Fabr\u00edcio Monte Freitas<\/span><\/em><\/p>\n<p style=\"text-align: center\"><em><span style=\"color: #000080\">Fernanda Wanderer<\/span><\/em><\/p>\n<p style=\"text-align: center\"><em><span style=\"color: #000080\">Fernando Ripe<\/span><\/em><\/p>\n<p style=\"text-align: center\"><em><span style=\"color: #000080\">Gabriel de Oliveira Soares<\/span><\/em><\/p>\n<p style=\"text-align: center\"><em><span style=\"color: #000080\">Greyce dos Santos Rodrigues<\/span><\/em><\/p>\n<p style=\"text-align: center\"><em><span style=\"color: #000080\">Helenara Machado de Souza<\/span><\/em><\/p>\n<p style=\"text-align: center\"><em><span style=\"color: #000080\">Isabel Koltermann Battisti<\/span><\/em><\/p>\n<p style=\"text-align: center\"><em><span style=\"color: #000080\">Jonata Souza dos Santos<\/span><\/em><\/p>\n<p style=\"text-align: center\"><em><span style=\"color: #000080\">Jos\u00e9 Carlos Pinto Leivas<\/span><\/em><\/p>\n<p style=\"text-align: center\"><em><span style=\"color: #000080\">Juliana Batista Pereira dos Santos<\/span><\/em><\/p>\n<p style=\"text-align: center\"><em><span style=\"color: #000080\">Jussara Fonseca<\/span><\/em><\/p>\n<p style=\"text-align: center\"><em><span style=\"color: #000080\">Karin Ritter Jelinek<\/span><\/em><\/p>\n<p style=\"text-align: center\"><em><span style=\"color: #000080\">Laura Pippi Fraga<\/span><\/em><\/p>\n<p style=\"text-align: center\"><em><span style=\"color: #000080\">Leandra Anversa Fioreze<\/span><\/em><\/p>\n<p style=\"text-align: center\"><em><span style=\"color: #000080\">Lidiane Maciel Pereira<\/span><\/em><\/p>\n<p style=\"text-align: center\"><em><span style=\"color: #000080\">Lori Viali<\/span><\/em><\/p>\n<p style=\"text-align: center\"><em><span style=\"color: #000080\">Luana Leal Alves<\/span><\/em><\/p>\n<p style=\"text-align: center\"><em><span style=\"color: #000080\">Luciano Teles Bueno<\/span><\/em><\/p>\n<p style=\"text-align: center\"><em><span style=\"color: #000080\">Luciele Martins Gon\u00e7alves Descovi<\/span><\/em><\/p>\n<p style=\"text-align: center\"><em><span style=\"color: #000080\">Magnus Cesar Ody<\/span><\/em><\/p>\n<p style=\"text-align: center\"><em><span style=\"color: #000080\">Malcus Cassiano Khum<\/span><\/em><\/p>\n<p style=\"text-align: center\"><em><span style=\"color: #000080\">M\u00e1rcia Jussara Hepp Rehfeldt<\/span><\/em><\/p>\n<p style=\"text-align: center\"><em><span style=\"color: #000080\">M\u00e1rcia Rodrigues Notare<\/span><\/em><\/p>\n<p style=\"text-align: center\"><em><span style=\"color: #000080\">M\u00e1rcia Souza da Fonseca<\/span><\/em><\/p>\n<p style=\"text-align: center\"><em><span style=\"color: #000080\">Marcos Denilson Guimar\u00e3es<\/span><\/em><\/p>\n<p style=\"text-align: center\"><em><span style=\"color: #000080\">Marcos Vinicius Fernandes Calazans<\/span><\/em><\/p>\n<p style=\"text-align: center\"><em><span style=\"color: #000080\">Marcus Basso<\/span><\/em><\/p>\n<p style=\"text-align: center\"><em><span style=\"color: #000080\">Maria Arlita da Silveira Soares<\/span><\/em><\/p>\n<p style=\"text-align: center\"><em><span style=\"color: #000080\">Maria Cec\u00edlia Bueno Fischer<\/span><\/em><\/p>\n<p style=\"text-align: center\"><em><span style=\"color: #000080\">Marilaine de Fraga Sant\u2019Ana<\/span><\/em><\/p>\n<p style=\"text-align: center\"><em><span style=\"color: #000080\">Marli Teresinha Quartieri<\/span><\/em><\/p>\n<p style=\"text-align: center\"><em><span style=\"color: #000080\">Marlise Geller<\/span><\/em><\/p>\n<p style=\"text-align: center\"><em><span style=\"color: #000080\">Maur\u00edcio Ramos Lutz<\/span><\/em><\/p>\n<p style=\"text-align: center\"><em><span style=\"color: #000080\">Neura maria De Rossi Giusti<\/span><\/em><\/p>\n<p style=\"text-align: center\"><em><span style=\"color: #000080\">Patricia Perlin<\/span><\/em><\/p>\n<p style=\"text-align: center\"><em><span style=\"color: #000080\">Rafael Montoito<\/span><\/em><\/p>\n<p style=\"text-align: center\"><em><span style=\"color: #000080\">Regina Ehlers Bathelt<\/span><\/em><\/p>\n<p style=\"text-align: center\"><em><span style=\"color: #000080\">Ricardo Fajardo<\/span><\/em><\/p>\n<p style=\"text-align: center\"><em><span style=\"color: #000080\">Rita de Cassia Pist\u00f3ia Mariani<\/span><\/em><\/p>\n<p style=\"text-align: center\"><em><span style=\"color: #000080\">Rita de Cassia Ramos<\/span><\/em><\/p>\n<p style=\"text-align: center\"><em><span style=\"color: #000080\">Rodrigo Dalla Vecchia<\/span><\/em><\/p>\n<p style=\"text-align: center\"><em><span style=\"color: #000080\">Rodrigo Sychocki da Silva<\/span><\/em><\/p>\n<p style=\"text-align: center\"><em><span style=\"color: #000080\">Sabrina Bobsin Salazar<\/span><\/em><\/p>\n<p style=\"text-align: center\"><em><span style=\"color: #000080\">Sicero Agostinho Miranda<\/span><\/em><\/p>\n<p style=\"text-align: center\"><em><span style=\"color: #000080\">Simone Pozebon<\/span><\/em><\/p>\n<p style=\"text-align: center\"><em><span style=\"color: #000080\">Simone Regina dos Reis<\/span><\/em><\/p>\n<p style=\"text-align: center\"><em><span style=\"color: #000080\">Suzi Sam\u00e1 Pinto<\/span><\/em><\/p>\n<p style=\"text-align: center\"><em><span style=\"color: #000080\">Tanise Paula\u00a0 Novello<\/span><\/em><\/p>\n<p style=\"text-align: center\"><em><span style=\"color: #000080\">Vanda Leci Bueno Gaut\u00e9rio<\/span><\/em><\/p>\n<p style=\"text-align: center\"><em><span style=\"color: #000080\">Vandoir Stormowski<\/span><\/em><\/p>\n<p style=\"text-align: center\"><em><span style=\"color: #000080\">Vaneza de Carli Tribulo<\/span><\/em><\/p>\n<p style=\"text-align: center\"><em><span style=\"color: #000080\">Zenar Pedro Schein<\/span><\/em><\/p>\n","protected":false},"excerpt":{"rendered":"<p>COMIT\u00ca CIENT\u00cdFICO &#8211; PARECERISTAS\u00a0AD HOC Aiana Silveira Bilhalva Aline Picoli Sonza Alvino Alves Sant\u2019Ana Amanda Pranke Ana Marli Bulegon\u00a0 Ana Paula de Souza Colling \u00c2ngela Maria Hartmann Barbara Winiarski Diesel Novaes Carla Denize Ott Felcher Charl\u00e2ni Ferreira Batista Rafael Clarissa Coragem Ballejo Claudia Glavam Duarte Claudia Lisete Oliveira Groenwald Cl\u00e1udio Jos\u00e9 de Oliveira Crisna Daniela [&hellip;]<\/p>\n","protected":false},"author":1106,"featured_media":0,"parent":0,"menu_order":0,"comment_status":"closed","ping_status":"closed","template":"","meta":{"footnotes":""},"class_list":["post-97","page","type-page","status-publish","hentry"],"_links":{"self":[{"href":"https:\/\/wp.ufpel.edu.br\/egem2021\/wp-json\/wp\/v2\/pages\/97","targetHints":{"allow":["GET"]}}],"collection":[{"href":"https:\/\/wp.ufpel.edu.br\/egem2021\/wp-json\/wp\/v2\/pages"}],"about":[{"href":"https:\/\/wp.ufpel.edu.br\/egem2021\/wp-json\/wp\/v2\/types\/page"}],"author":[{"embeddable":true,"href":"https:\/\/wp.ufpel.edu.br\/egem2021\/wp-json\/wp\/v2\/users\/1106"}],"replies":[{"embeddable":true,"href":"https:\/\/wp.ufpel.edu.br\/egem2021\/wp-json\/wp\/v2\/comments?post=97"}],"version-history":[{"count":4,"href":"https:\/\/wp.ufpel.edu.br\/egem2021\/wp-json\/wp\/v2\/pages\/97\/revisions"}],"predecessor-version":[{"id":507,"href":"https:\/\/wp.ufpel.edu.br\/egem2021\/wp-json\/wp\/v2\/pages\/97\/revisions\/507"}],"wp:attachment":[{"href":"https:\/\/wp.ufpel.edu.br\/egem2021\/wp-json\/wp\/v2\/media?parent=97"}],"curies":[{"name":"wp","href":"https:\/\/api.w.org\/{rel}","templated":true}]}}