{"id":75,"date":"2020-12-16T15:34:44","date_gmt":"2020-12-16T18:34:44","guid":{"rendered":"https:\/\/wp.ufpel.edu.br\/egem2021\/?page_id=75"},"modified":"2021-07-23T11:07:52","modified_gmt":"2021-07-23T14:07:52","slug":"programacao","status":"publish","type":"page","link":"https:\/\/wp.ufpel.edu.br\/egem2021\/programacao\/","title":{"rendered":"Programa\u00e7\u00e3o"},"content":{"rendered":"<p style=\"text-align: center\"><span style=\"font-size: 14pt;color: #000000\"><strong>XIV EGEM \u2013 Encontro Ga\u00facho de Educa\u00e7\u00e3o Matem\u00e1tica<\/strong><\/span><\/p>\n<p style=\"text-align: center\"><span style=\"font-size: 18pt;color: #000000\"><strong>Programa\u00e7\u00e3o<\/strong><\/span><\/p>\n<p>&nbsp;<\/p>\n<p style=\"text-align: center\"><span style=\"background-color: #7bd194;color: #000000\"><strong>21\/julho \u2013 quarta-feira \u2013 TARDE<\/strong><\/span><\/p>\n<p>&nbsp;<\/p>\n<p style=\"text-align: left\"><span style=\"color: #000000;background-color: #99cc00\"><strong><span style=\"background-color: #99cc00\">Link: <\/span> \u00a0<a style=\"color: #000000;background-color: #99cc00\" href=\"https:\/\/www.youtube.com\/watch?v=HAtku3nqeiI\"> https:\/\/www.youtube.com\/watch?v=HAtku3nqeiI<\/a><\/strong><\/span><\/p>\n<p><span style=\"color: #000000\"><strong>14h \u00e0s 14h 30min<\/strong>: Sess\u00e3o de Abertura<\/span><\/p>\n<p><span style=\"color: #000000\"><strong>14h 30min<\/strong> <strong>\u00e0s 14h 45min<\/strong>: Momento Cultural 1\u00a0<\/span><\/p>\n<p><span style=\"color: #000000\"><strong>14h 45min \u00e0s 16h<\/strong>: Palestra de abertura<em>: Educa\u00e7\u00e3o Matem\u00e1tica do presente e do futuro: resist\u00eancias e perspectivas<\/em><\/span><\/p>\n<p style=\"text-align: left;padding-left: 40px\"><span style=\"color: #000000\"><em>Prof. Dr. Marcelo Almeida Bairral<\/em> (Presidente da SBEM Nacional)<\/span><\/p>\n<p>&nbsp;<\/p>\n<p style=\"text-align: left\"><span style=\"background-color: #99cc00\"><strong>Link: \u00a0<a style=\"background-color: #99cc00\" href=\"https:\/\/www.youtube.com\/watch?v=xwf3Isuwj_s\">https:\/\/www.youtube.com\/watch?v=xwf3Isuwj_s<\/a><\/strong><\/span><\/p>\n<p><span style=\"color: #000000\"><strong>16h \u00e0s 17h<\/strong>: Bate-papo Eixo 1 &#8211; Coordenadoras do Eixo<\/span><\/p>\n<p style=\"padding-left: 40px\"><em><span style=\"color: #000000\">Profa. Dra. Cl\u00e1udia Lisete Oliveira Groenwald<\/span><\/em><\/p>\n<p style=\"padding-left: 40px\"><em><span style=\"color: #000000\">Profa. Dra. Daniela Stevanin Hoffmann<\/span><\/em><\/p>\n<p>&nbsp;<\/p>\n<p style=\"text-align: center\"><span style=\"color: #000000\"><strong>\u00a0<\/strong><strong>Intervalo das 17h \u00e0s 18h<\/strong><\/span><\/p>\n<p style=\"text-align: center\"><span style=\"color: #000000\"><strong>\u00a0<\/strong><span style=\"background-color: #7bd194\"><strong>21\/julho \u2013 quarta-feira \u2013 NOITE<\/strong><\/span><\/span><\/p>\n<p>&nbsp;<\/p>\n<p><span style=\"background-color: #00ff00\"><span style=\"background-color: #99cc00\"><strong>Link: \u00a0<\/strong><\/span><strong><a style=\"background-color: #00ff00\" href=\"https:\/\/www.youtube.com\/watch?v=d9dvwG9iG-w\"><span style=\"background-color: #99cc00\">https:\/\/www.youtube.com\/watch?v=d9dvwG9iG-w<\/span><\/a><\/strong><\/span><\/p>\n<p><span style=\"color: #000000\">18h<strong> \u00e0s 19h 45min<\/strong>: Mesa Redonda 1: <em>O ensino, a aprendizagem e a forma\u00e7\u00e3o para ensinar Matem\u00e1tica<\/em><\/span><\/p>\n<p style=\"padding-left: 40px\"><span style=\"color: #000000\"><em> Prof. Dr. Jo\u00e3o Alberto da Silva<\/em><\/span><\/p>\n<p style=\"padding-left: 40px\"><em><span style=\"color: #000000\">Profa. Dra. Patr\u00edcia S\u00e2ndalo Pereira<\/span><\/em><\/p>\n<p>&nbsp;<\/p>\n<p><span style=\"background-color: #99cc00\"><strong>Link: \u00a0 \u00a0 <a style=\"background-color: #99cc00\" href=\"https:\/\/www.youtube.com\/watch?v=qNG1W1_GXQw\">https:\/\/www.youtube.com\/watch?v=qNG1W1_GXQw<\/a><\/strong><\/span><\/p>\n<p><span style=\"color: #000000\"><strong>20h \u00e0s 21h<\/strong>: Bate-papo Eixo 2 &#8211; Coordenadores do Eixo<\/span><\/p>\n<p style=\"padding-left: 40px\"><span style=\"color: #000000\"><em>Profa. Dra. Anemari Roesler Luersen Vieira Lopes<\/em><\/span><\/p>\n<p style=\"padding-left: 40px\"><span style=\"color: #000000\"><em>Prof. Dr. Ant\u00f4nio Maur\u00edcio Medeiros Alves<\/em><\/span><\/p>\n<p><span style=\"color: #000000\"><strong>21h \u00e0s 22h<\/strong>: Bate-papo Eixo 4 &#8211; Coordenadores do Eixo<\/span><\/p>\n<p style=\"padding-left: 40px\"><em><span style=\"color: #000000\">Prof. Dr. Marcus Vin\u00edcius de Azevedo Basso<\/span><\/em><\/p>\n<p style=\"padding-left: 40px\"><em><span style=\"color: #000000\">Profa. Dra. Tanise Paula Novello<\/span><\/em><\/p>\n<p>&nbsp;<\/p>\n<p style=\"text-align: center\"><span style=\"background-color: #99ccff;color: #000000\"><strong>22\/julho \u2013 quinta-feira \u2013 TARDE<\/strong><\/span><\/p>\n<p>&nbsp;<\/p>\n<p><span style=\"background-color: #00ffff\"><strong>Link: <span style=\"color: #000000\"><a style=\"color: #000000\" href=\"https:\/\/www.youtube.com\/watch?v=Vma2nClSh38\">https:\/\/www.youtube.com\/watch?v=Vma2nClSh38<\/a><\/span><\/strong><\/span><\/p>\n<p><span style=\"color: #000000\"><strong>14h \u00e0s 14h 15min<\/strong>: Momento Cultural 2 \u00a0\u00a0<\/span><\/p>\n<p style=\"padding-left: 40px\"><span style=\"color: #000000\"><em>Vox Virtual &#8211; Acalanto (Chico Buarque) <\/em><\/span><\/p>\n<p style=\"padding-left: 40px\"><span style=\"color: #000000\"><em>Coral da UFPel &#8211; Paulo Freire Vive<\/em><\/span><\/p>\n<p><span style=\"color: #000000\"><strong>\u00a0<\/strong><strong>14h 15min \u00e0s 15h 15min<\/strong>: Apresenta\u00e7\u00e3o e Mostra das Feiras de Matem\u00e1tica no RS \u2013 EI, EF e Educa\u00e7\u00e3o Especial<\/span><\/p>\n<p><em><span style=\"color: #000000\">\u00a0 \u00a0 \u00a0 \u00a0 \u00a0 Profa. Me. Cl\u00e1udia Piva<\/span><\/em><\/p>\n<p><em><span style=\"color: #000000\">\u00a0 \u00a0 \u00a0 \u00a0 \u00a0 Profa. Dra. Isabel Koltermann Battisti<\/span><\/em><\/p>\n<p>&nbsp;<\/p>\n<p><span style=\"background-color: #00ffff\"><strong>Link: \u00a0\u00a0<a href=\"https:\/\/www.youtube.com\/watch?v=38Jqb_Qutp4\">https:\/\/www.youtube.com\/watch?v=38Jqb_Qutp4<\/a><\/strong><\/span><\/p>\n<p><span style=\"color: #000000\"><strong>\u00a0<\/strong><strong>15h 15min \u00e0s 17h<\/strong>: Mesa Redonda 2: <em>A hist\u00f3ria, o curr\u00edculo e a cultura na Educa\u00e7\u00e3o Matem\u00e1tica <\/em><\/span><\/p>\n<p style=\"padding-left: 40px\"><em><span style=\"color: #000000\">Profa. Dra. Circe Mary Silva da Silva Dynnikov<\/span><\/em><\/p>\n<p style=\"padding-left: 40px\"><em><span style=\"color: #000000\">Profa. Dra. Elisabete Burigo\u00a0<\/span><\/em><\/p>\n<p style=\"text-align: center\"><span style=\"color: #000000\"><strong>Intervalo das 17h \u00e0s 18h<\/strong><\/span><\/p>\n<p style=\"text-align: center\"><span style=\"background-color: #99ccff;color: #000000\"><strong>22\/julho \u2013 quinta-feira \u2013 NOITE<\/strong><\/span><\/p>\n<p>&nbsp;<\/p>\n<p><strong><span style=\"background-color: #00ffff\">Link: \u00a0 <a href=\"https:\/\/www.youtube.com\/watch?v=Sm1JfKLG1O0\">https:\/\/www.youtube.com\/watch?v=Sm1JfKLG1O0<\/a><\/span><\/strong><\/p>\n<p><span style=\"color: #000000\"><strong>18h \u00e0s 19h 45min<\/strong>: Mesa Redonda 3: <em>A visualidade e a concretude no ensino da Matem\u00e1tica<\/em><\/span><\/p>\n<p style=\"padding-left: 40px\"><em><span style=\"color: #000000\">Profa. Dra. Andreia Dalcin<\/span><\/em><\/p>\n<p style=\"padding-left: 40px\"><em><span style=\"color: #000000\">Profa. Dra. Tatiana Bolivar Lebedeff\u00a0\u00a0<\/span><\/em><\/p>\n<p>&nbsp;<\/p>\n<p><span style=\"background-color: #00ffff\"><strong>Link: <a href=\"https:\/\/www.youtube.com\/watch?v=ei6sTDW2AZQ\">https:\/\/www.youtube.com\/watch?v=ei6sTDW2AZQ<\/a><\/strong><\/span><\/p>\n<p><span style=\"color: #000000\"><strong>20h \u00e0s 20h 40min<\/strong>: Bate-papo Eixo 6 &#8211; Coordenadoras do Eixo<\/span><\/p>\n<p style=\"padding-left: 40px\"><em><span style=\"color: #000000\">Profa. Dra. Karin Ritter Jelinek<\/span><\/em><\/p>\n<p style=\"padding-left: 40px\"><em><span style=\"color: #000000\">Profa. Dra. Marlise Geller<\/span><\/em><\/p>\n<p><span style=\"color: #000000\"><strong>20h 40min \u00e0s 21h 20min<\/strong>: Bate-papo Eixo 5 &#8211; Coordenadores do Eixo<\/span><\/p>\n<p style=\"padding-left: 40px\"><em><span style=\"color: #000000\">Profa. Dra. Ieda Maria Giongo<\/span><\/em><\/p>\n<p style=\"padding-left: 40px\"><em><span style=\"color: #000000\">Prof. Dr. Jo\u00e3o Pereira Moraes<\/span><\/em><\/p>\n<p><span style=\"color: #000000\"><strong>21h 20min \u00e0s 22h<\/strong>: Bate-papo Eixo 3 &#8211; Coordenadores do Eixo<\/span><\/p>\n<p style=\"padding-left: 40px\"><em><span style=\"color: #000000\">Profa. Dra. Isabel Lara<\/span><\/em><\/p>\n<p style=\"padding-left: 40px\"><em><span style=\"color: #000000\">Prof. Dr. Diogo Franco Rios<\/span><\/em><\/p>\n<p><span style=\"color: #000000\"><strong>\u00a0<\/strong><\/span><\/p>\n<p style=\"text-align: center\"><span style=\"background-color: #ffff99;color: #000000\"><strong>23\/julho \u2013 sexta-feira \u2013 TARDE<\/strong><\/span><\/p>\n<p>&nbsp;<\/p>\n<p>Link: \u00a0 <a href=\"https:\/\/www.youtube.com\/watch?v=qapFrNoe0Rk\"><span style=\"background-color: #ffff00\">https:\/\/www.youtube.com\/watch?v=qapFrNoe0Rk<\/span><\/a><\/p>\n<p><span style=\"color: #000000\"><strong>14h \u00e0s 14h 15min<\/strong>: Momento Cultural 3<\/span><\/p>\n<p style=\"padding-left: 40px\"><em><span style=\"color: #000000\">Prof. Doutorando Jo\u00e3o Carlos Roedel Hirdes<\/span><\/em><\/p>\n<p><span style=\"color: #000000\"><strong>14h 15min \u00e0s 15h 15min<\/strong>: Apresenta\u00e7\u00e3o e Mostra das Feiras de Matem\u00e1tica no RS \u2013 EM, ES e\u00a0 Professor<\/span><\/p>\n<p><em><span style=\"color: #000000\">\u00a0 \u00a0 \u00a0 \u00a0 \u00a0Profa. Me. Cl\u00e1udia Piva<\/span><\/em><\/p>\n<p><em><span style=\"color: #000000\">\u00a0 \u00a0 \u00a0 \u00a0 \u00a0Profa. Dra. Isabel Koltermann Battisti<\/span><\/em><\/p>\n<p>&nbsp;<\/p>\n<p>Link: <a href=\"https:\/\/www.youtube.com\/watch?v=RjH6POsPEXs\"><span style=\"background-color: #ffff00\">https:\/\/www.youtube.com\/watch?v=RjH6POsPEXs<\/span><\/a><\/p>\n<p><span style=\"color: #000000\"><strong>15h 15min \u00e0s 17h<\/strong>: Mesa Redonda 4: <em>As viv\u00eancias e as experi\u00eancias na escola com a Educa\u00e7\u00e3o Matem\u00e1tica<\/em><\/span><\/p>\n<p><em>\u00a0 \u00a0 \u00a0 \u00a0 \u00a0Profa. Me. D\u00e9bora da Silva de Lara &#8211; Escola Educa\u00e7\u00e3o B\u00e1sica<\/em><\/p>\n<p><em>\u00a0 \u00a0 \u00a0 \u00a0 \u00a0Prof. Me. Ivan Nunes Gon\u00e7alves &#8211; Escola Educa\u00e7\u00e3o B\u00e1sica<\/em><\/p>\n<p>&nbsp;<\/p>\n<p style=\"text-align: center\"><span style=\"color: #000000\"> <strong>Intervalo das 17h \u00e0s 18h<\/strong><\/span><\/p>\n<p style=\"text-align: center\"><span style=\"background-color: #ffff99;color: #000000\"><strong>\u00a0<\/strong><strong>23\/julho \u2013 sexta-feira \u2013 NOITE<\/strong><\/span><\/p>\n<p>&nbsp;<\/p>\n<p>Link: \u00a0<a href=\"https:\/\/www.youtube.com\/watch?v=30fXpCJByGY\"><span style=\"background-color: #ffff00\"> https:\/\/www.youtube.com\/watch?v=30fXpCJByGY<\/span><\/a><\/p>\n<p><span style=\"color: #000000\"><strong>\u00a0<\/strong><strong>18h \u00e0s 19h<\/strong>: Palestra de encerramento: <em>Os desafios e as perspectivas para a \u00e1rea de Educa\u00e7\u00e3o Matem\u00e1tica<\/em><\/span><\/p>\n<p style=\"padding-left: 40px\"><em><span style=\"color: #000000\">Profa. Dra. T\u00e2nia Cabral\u00a0<\/span><\/em><\/p>\n<p><span style=\"color: #000000\"><strong>19h \u00e0s 19h 30min<\/strong>: Encerramento do XIV EGEM<\/span><\/p>\n<p>&nbsp;<\/p>\n<p>Link: <a href=\"https:\/\/www.youtube.com\/watch?v=Q_c_HGp6jnM\"><span style=\"background-color: #ffff00\">https:\/\/www.youtube.com\/watch?v=Q_c_HGp6jnM<\/span><\/a><\/p>\n<p><span style=\"color: #000000\"><strong>19h 30min \u00e0s 22h<\/strong>: Assembleia da SBEM\/RS<\/span><\/p>\n<p>&nbsp;<\/p>\n<p><em><span style=\"color: #ff0000\">N\u00e3o haver\u00e1 sess\u00e3o de apresenta\u00e7\u00e3o de trabalhos, visto que os textos e v\u00eddeos est\u00e3o dispon\u00edveis \u00a0no menu ANAIS do site. \u00a0A ideia \u00e9 que nos momentos de <strong>Bate-papo<\/strong> de cada eixo seja feita uma conversa sobre os trabalhos enviados!<\/span><\/em><\/p>\n","protected":false},"excerpt":{"rendered":"<p>XIV EGEM \u2013 Encontro Ga\u00facho de Educa\u00e7\u00e3o Matem\u00e1tica Programa\u00e7\u00e3o &nbsp; 21\/julho \u2013 quarta-feira \u2013 TARDE &nbsp; Link: \u00a0 https:\/\/www.youtube.com\/watch?v=HAtku3nqeiI 14h \u00e0s 14h 30min: Sess\u00e3o de Abertura 14h 30min \u00e0s 14h 45min: Momento Cultural 1\u00a0 14h 45min \u00e0s 16h: Palestra de abertura: Educa\u00e7\u00e3o Matem\u00e1tica do presente e do futuro: resist\u00eancias e perspectivas Prof. Dr. Marcelo Almeida [&hellip;]<\/p>\n","protected":false},"author":1106,"featured_media":0,"parent":0,"menu_order":0,"comment_status":"closed","ping_status":"closed","template":"","meta":{"footnotes":""},"class_list":["post-75","page","type-page","status-publish","hentry"],"_links":{"self":[{"href":"https:\/\/wp.ufpel.edu.br\/egem2021\/wp-json\/wp\/v2\/pages\/75","targetHints":{"allow":["GET"]}}],"collection":[{"href":"https:\/\/wp.ufpel.edu.br\/egem2021\/wp-json\/wp\/v2\/pages"}],"about":[{"href":"https:\/\/wp.ufpel.edu.br\/egem2021\/wp-json\/wp\/v2\/types\/page"}],"author":[{"embeddable":true,"href":"https:\/\/wp.ufpel.edu.br\/egem2021\/wp-json\/wp\/v2\/users\/1106"}],"replies":[{"embeddable":true,"href":"https:\/\/wp.ufpel.edu.br\/egem2021\/wp-json\/wp\/v2\/comments?post=75"}],"version-history":[{"count":21,"href":"https:\/\/wp.ufpel.edu.br\/egem2021\/wp-json\/wp\/v2\/pages\/75\/revisions"}],"predecessor-version":[{"id":768,"href":"https:\/\/wp.ufpel.edu.br\/egem2021\/wp-json\/wp\/v2\/pages\/75\/revisions\/768"}],"wp:attachment":[{"href":"https:\/\/wp.ufpel.edu.br\/egem2021\/wp-json\/wp\/v2\/media?parent=75"}],"curies":[{"name":"wp","href":"https:\/\/api.w.org\/{rel}","templated":true}]}}