{"id":6,"date":"2020-12-16T10:38:46","date_gmt":"2020-12-16T13:38:46","guid":{"rendered":"https:\/\/wp.ufpel.edu.br\/egem2021\/?page_id=6"},"modified":"2021-01-30T15:10:58","modified_gmt":"2021-01-30T18:10:58","slug":"apresentacao","status":"publish","type":"page","link":"https:\/\/wp.ufpel.edu.br\/egem2021\/apresentacao\/","title":{"rendered":"Apresenta\u00e7\u00e3o"},"content":{"rendered":"<p style=\"text-align: center\"><span style=\"font-size: 24pt;color: #000080\"><strong>XIV Encontro Ga\u00facho de Educa\u00e7\u00e3o Matem\u00e1tica\u00a0<\/strong><\/span><\/p>\n<p style=\"text-align: center\"><span style=\"font-size: 24pt;color: #000080\"><strong>&#8211; EGEM &#8211;<\/strong><\/span><\/p>\n<p><span style=\"font-size: 18pt;color: #000000\"><strong>Data<\/strong>: 21 a 23 de julho<\/span><\/p>\n<p><span style=\"font-size: 18pt;color: #000000\"><strong>Local<\/strong>: On-line<\/span><\/p>\n<p><span style=\"font-size: 18pt;color: #000000\"><strong>Hor\u00e1rios<\/strong>: 14h \u00e0s 17h; 18h \u00e0s 22h<\/span><\/p>\n<p><span style=\"font-size: 18pt;color: #000000\"><strong>Tema<\/strong>: <em>A Educa\u00e7\u00e3o Matem\u00e1tica do presente e do futuro: resist\u00eancias e perspectivas<\/em><\/span><\/p>\n<p><strong>\u00a0<\/strong><\/p>\n<p><span style=\"font-size: 14pt;color: #000000\"><strong>Objetivo geral:<\/strong><\/span><\/p>\n<p><span style=\"font-size: 14pt;color: #000000\">Problematizar, discutir e analisar as a\u00e7\u00f5es da \u00e1rea de Educa\u00e7\u00e3o Matem\u00e1tica na atualidade e os desafios e as perspectivas para o futuro.<\/span><\/p>\n<p><span style=\"font-size: 14pt;color: #000000\"><strong>\u00a0<\/strong><\/span><\/p>\n<p><span style=\"font-size: 14pt;color: #000000\"><strong>Objetivos espec\u00edficos:<\/strong><\/span><\/p>\n<ul>\n<li><span style=\"font-size: 14pt;color: #000000\">Proporcionar espa\u00e7os e tempos para encontros e discuss\u00f5es de alunos e de profissionais da \u00e1rea de Educa\u00e7\u00e3o Matem\u00e1tica;<\/span><\/li>\n<li><span style=\"font-size: 14pt;color: #000000\">Levantar e discutir as problem\u00e1ticas em rela\u00e7\u00e3o \u00e0 \u00e1rea, \u00e0s pr\u00e1ticas profissionais e de pesquisa;<\/span><\/li>\n<li><span style=\"font-size: 14pt;color: #000000\">Apontar algumas possibilidades para os pr\u00f3ximos anos para a \u00e1rea de Educa\u00e7\u00e3o Matem\u00e1tica no Rio Grande do Sul.<\/span><\/li>\n<\/ul>\n<p><span style=\"font-size: 14pt;color: #000000\"><strong>\u00a0<\/strong><\/span><\/p>\n<p><span style=\"font-size: 14pt;color: #000000\"><strong>Justificativa<\/strong>: O Encontro Ga\u00facho de Educa\u00e7\u00e3o Matem\u00e1tica (EGEM) \u00e9 um evento organizado a cada tr\u00eas anos pela Sociedade Brasileira de Educa\u00e7\u00e3o Matem\u00e1tica (SBEM\/RS) em parceria com uma\u00a0 institui\u00e7\u00e3o de Ensino Superior do RS. Os encontros ga\u00fachos ocorrem desde o ano de 1989, sendo o primeiro na Universidade do Vale do Rio dos Sinos (UNISINOS) e o \u00faltimo, no ano de 2018, na Universidade Federal de Santa Maria (UFSM).<\/span><\/p>\n<p><span style=\"font-size: 14pt;color: #000000\">Neste ano de 2021, o evento ser\u00e1 sediado pela Universidade Federal de Pelotas (UFPel), organizado pelo Programa de P\u00f3s-Gradua\u00e7\u00e3o em Educa\u00e7\u00e3o Matem\u00e1tica (PPGEMAT), do Instituto de F\u00edsica e Matem\u00e1tica, de modo virtual, devido as restri\u00e7\u00f5es ocasionadas pelo Covid-19. \u00a0O XIV EGEM tem apoio do Programa de P\u00f3s-Gradua\u00e7\u00e3o em Ensino de Ci\u00eancias e Matem\u00e1tica (PPGECM) &#8211; mestrado profissional, e dos Cursos de Licenciatura em Matem\u00e1tica Diurno, Noturno e a Dist\u00e2ncia da institui\u00e7\u00e3o.<\/span><\/p>\n<p><span style=\"font-size: 14pt;color: #000000\">O EGEM representa o fechamento de um per\u00edodo de tr\u00eas anos, da diretoria da SBEM\/RS, por isso, constitui-se em um momento importante de discuss\u00f5es para os licenciandos, os professores da escola e da universidade, os alunos da p\u00f3s-gradua\u00e7\u00e3o, pesquisadores, bolsistas e outros interessados na Educa\u00e7\u00e3o Matem\u00e1tica.<\/span><\/p>\n<p><span style=\"font-size: 14pt;color: #000000\">A proposta do XIV EGEM \u00e9 de oportunizar a discuss\u00e3o da seguinte tem\u00e1tica: \u201c<em>Educa\u00e7\u00e3o Matem\u00e1tica do presente e do futuro: resist\u00eancias e perspectivas<\/em>\u201d. Consideramos que a tem\u00e1tica envolve a \u00e1rea de Educa\u00e7\u00e3o Matem\u00e1tica, na sua amplitude, trazendo a hist\u00f3ria para falar do presente, as suas rupturas, perman\u00eancias e possibilidades para enfrentarmos o presente e delinearmos o futuro, com a\u00e7\u00f5es de resist\u00eancia e de coragem.<\/span><\/p>\n<p style=\"text-align: right\"><span style=\"font-size: 14pt;color: #000000\">\u00a0\u00a0Esperamos contar com a sua presen\u00e7a!<\/span><\/p>\n<p style=\"text-align: right\"><span style=\"font-size: 14pt;color: #000000\">A Comiss\u00e3o Organizadora<\/span><\/p>\n","protected":false},"excerpt":{"rendered":"<p>XIV Encontro Ga\u00facho de Educa\u00e7\u00e3o Matem\u00e1tica\u00a0 &#8211; EGEM &#8211; Data: 21 a 23 de julho Local: On-line Hor\u00e1rios: 14h \u00e0s 17h; 18h \u00e0s 22h Tema: A Educa\u00e7\u00e3o Matem\u00e1tica do presente e do futuro: resist\u00eancias e perspectivas \u00a0 Objetivo geral: Problematizar, discutir e analisar as a\u00e7\u00f5es da \u00e1rea de Educa\u00e7\u00e3o Matem\u00e1tica na atualidade e os desafios [&hellip;]<\/p>\n","protected":false},"author":1106,"featured_media":0,"parent":0,"menu_order":0,"comment_status":"closed","ping_status":"closed","template":"","meta":{"footnotes":""},"class_list":["post-6","page","type-page","status-publish","hentry"],"_links":{"self":[{"href":"https:\/\/wp.ufpel.edu.br\/egem2021\/wp-json\/wp\/v2\/pages\/6","targetHints":{"allow":["GET"]}}],"collection":[{"href":"https:\/\/wp.ufpel.edu.br\/egem2021\/wp-json\/wp\/v2\/pages"}],"about":[{"href":"https:\/\/wp.ufpel.edu.br\/egem2021\/wp-json\/wp\/v2\/types\/page"}],"author":[{"embeddable":true,"href":"https:\/\/wp.ufpel.edu.br\/egem2021\/wp-json\/wp\/v2\/users\/1106"}],"replies":[{"embeddable":true,"href":"https:\/\/wp.ufpel.edu.br\/egem2021\/wp-json\/wp\/v2\/comments?post=6"}],"version-history":[{"count":6,"href":"https:\/\/wp.ufpel.edu.br\/egem2021\/wp-json\/wp\/v2\/pages\/6\/revisions"}],"predecessor-version":[{"id":228,"href":"https:\/\/wp.ufpel.edu.br\/egem2021\/wp-json\/wp\/v2\/pages\/6\/revisions\/228"}],"wp:attachment":[{"href":"https:\/\/wp.ufpel.edu.br\/egem2021\/wp-json\/wp\/v2\/media?parent=6"}],"curies":[{"name":"wp","href":"https:\/\/api.w.org\/{rel}","templated":true}]}}