{"id":56,"date":"2020-12-16T11:37:07","date_gmt":"2020-12-16T14:37:07","guid":{"rendered":"https:\/\/wp.ufpel.edu.br\/egem2021\/?page_id=56"},"modified":"2021-01-22T11:26:30","modified_gmt":"2021-01-22T14:26:30","slug":"comissoes","status":"publish","type":"page","link":"https:\/\/wp.ufpel.edu.br\/egem2021\/comissoes\/","title":{"rendered":"Comiss\u00e3o Organizadora Local e SBEM-RS"},"content":{"rendered":"<p><span style=\"color: #000000;font-size: 14pt;font-family: georgia, palatino, serif\"><strong>COMISS\u00c3O ORGANIZADORA LOCAL<\/strong><\/span><\/p>\n<p><span style=\"color: #000000;font-size: 12pt\">Profa. Dra. Tha\u00eds Philipsen Gr\u00fctzmann \u2013 UFPel<\/span><\/p>\n<p><span style=\"color: #000000;font-size: 12pt\">Profa. Dra. Marta Cristina Cezar Pozzobon \u2013 UFPel<\/span><\/p>\n<p><span style=\"color: #000000;font-size: 12pt\">Profa. Dra. Rozane da Silveira Alves \u2013 UFPel<\/span><\/p>\n<p><span style=\"color: #000000;font-size: 12pt\">Prof. Dr. Ant\u00f4nio Maur\u00edcio Medeiros Alves \u2013 UFPel<\/span><\/p>\n<p><span style=\"color: #000000;font-size: 12pt\">Profa. Dra. Daniela Stevanin Hoffmann\u00a0\u2013 UFPel<\/span><\/p>\n<p><span style=\"color: #000000;font-size: 12pt\">Prof. Dr. Diogo Franco Rios \u2013 UFPel<\/span><\/p>\n<p><span style=\"color: #000000;font-size: 12pt\">Cintia Fagundes Corr\u00eaa \u2013 Secretaria PPGEMAT\/UFPel<\/span><\/p>\n<p>&nbsp;<\/p>\n<p><span style=\"color: #000000\">Mestrando Cau\u00ea Duarte \u2013 PPGEMAT\/UFPel<\/span><\/p>\n<p><span style=\"color: #000000\">Mestrando Jer\u00f4nimo Medina Madruga \u2013 PPGEMAT\/UFPel<\/span><\/p>\n<p><span style=\"color: #000000\">Mestranda Lucia Renata dos Santos Silveira \u2013 PPGEMAT\/UFPel<\/span><\/p>\n<p><span style=\"color: #000000\">Mestrando Marcos Aur\u00e9lio da Silva Martins \u2013 PPGEMAT\/UFPel<\/span><\/p>\n<p><span style=\"color: #000000\">Mestranda Patr\u00edcia Michie Umetsubo Gon\u00e7alves \u2013 PPGEMAT\/UFPel<\/span><\/p>\n<p><span style=\"color: #000000\">Mestranda Raquel Padilha Silveira \u2013 PPGEMAT\/UFPel<\/span><\/p>\n<p><span style=\"color: #000000\">Mestrando Rodrigo Padilha Silveira \u2013 PPGEMAT\/UFPel<\/span><\/p>\n<p>&nbsp;<\/p>\n<p><span style=\"color: #000000;font-size: 14pt;font-family: georgia, palatino, serif\"><strong>COMISS\u00c3O ORGANIZADORA SBEM-RS<\/strong><\/span><\/p>\n<p><span style=\"color: #000000;font-size: 12pt\">Prof. Dr. Jos\u00e9 Carlos Pinto Leivas &#8211; Diretor SBEM-RS<\/span><\/p>\n<p><span style=\"color: #000000;font-size: 12pt\">Prof. Dr. Marcus Vin\u00edcius de Azevedo Basso &#8211; Vice-Diretor SBEM-RS<\/span><\/p>\n<p><span style=\"color: #000000\">Profa. Dra. Suzi Sam\u00e1 Pinto &#8211; 1\u00ba Secret\u00e1ria SBEM-RS<\/span><\/p>\n<p><span style=\"color: #000000\">Prof. Dr. Alvino Alves Sant&#8217;Ana &#8211; 1\u00ba Tesoureiro SBEM-RS<\/span><\/p>\n","protected":false},"excerpt":{"rendered":"<p>COMISS\u00c3O ORGANIZADORA LOCAL Profa. Dra. Tha\u00eds Philipsen Gr\u00fctzmann \u2013 UFPel Profa. Dra. Marta Cristina Cezar Pozzobon \u2013 UFPel Profa. Dra. Rozane da Silveira Alves \u2013 UFPel Prof. Dr. Ant\u00f4nio Maur\u00edcio Medeiros Alves \u2013 UFPel Profa. Dra. Daniela Stevanin Hoffmann\u00a0\u2013 UFPel Prof. Dr. Diogo Franco Rios \u2013 UFPel Cintia Fagundes Corr\u00eaa \u2013 Secretaria PPGEMAT\/UFPel &nbsp; Mestrando [&hellip;]<\/p>\n","protected":false},"author":1106,"featured_media":0,"parent":0,"menu_order":0,"comment_status":"closed","ping_status":"closed","template":"","meta":{"footnotes":""},"class_list":["post-56","page","type-page","status-publish","hentry"],"_links":{"self":[{"href":"https:\/\/wp.ufpel.edu.br\/egem2021\/wp-json\/wp\/v2\/pages\/56","targetHints":{"allow":["GET"]}}],"collection":[{"href":"https:\/\/wp.ufpel.edu.br\/egem2021\/wp-json\/wp\/v2\/pages"}],"about":[{"href":"https:\/\/wp.ufpel.edu.br\/egem2021\/wp-json\/wp\/v2\/types\/page"}],"author":[{"embeddable":true,"href":"https:\/\/wp.ufpel.edu.br\/egem2021\/wp-json\/wp\/v2\/users\/1106"}],"replies":[{"embeddable":true,"href":"https:\/\/wp.ufpel.edu.br\/egem2021\/wp-json\/wp\/v2\/comments?post=56"}],"version-history":[{"count":9,"href":"https:\/\/wp.ufpel.edu.br\/egem2021\/wp-json\/wp\/v2\/pages\/56\/revisions"}],"predecessor-version":[{"id":144,"href":"https:\/\/wp.ufpel.edu.br\/egem2021\/wp-json\/wp\/v2\/pages\/56\/revisions\/144"}],"wp:attachment":[{"href":"https:\/\/wp.ufpel.edu.br\/egem2021\/wp-json\/wp\/v2\/media?parent=56"}],"curies":[{"name":"wp","href":"https:\/\/api.w.org\/{rel}","templated":true}]}}