{"id":33,"date":"2020-12-16T10:37:31","date_gmt":"2020-12-16T13:37:31","guid":{"rendered":"https:\/\/wp.ufpel.edu.br\/egem2021\/?page_id=33"},"modified":"2021-01-22T11:20:24","modified_gmt":"2021-01-22T14:20:24","slug":"identidade-visual","status":"publish","type":"page","link":"https:\/\/wp.ufpel.edu.br\/egem2021\/identidade-visual\/","title":{"rendered":"Identidade Visual"},"content":{"rendered":"<p style=\"text-align: center\"><span style=\"color: #000000;font-size: 14pt\">A Identidade Visual do XIV EGEM \u00e9 cria\u00e7\u00e3o da acad\u00eamica <em>Mayummi Arag\u00e3o Campos<\/em>, do Curso de Cinema e Audiovisual da UFPel.<\/span><\/p>\n<p><img class=\"alignnone size-medium wp-image-141 aligncenter\" src=\"https:\/\/wp.ufpel.edu.br\/egem2021\/files\/2021\/01\/Logo-EGEM-oficial-quali-melhor-400x296.jpeg\" alt=\"\" width=\"400\" height=\"296\" srcset=\"https:\/\/wp.ufpel.edu.br\/egem2021\/files\/2021\/01\/Logo-EGEM-oficial-quali-melhor-400x296.jpeg 400w, https:\/\/wp.ufpel.edu.br\/egem2021\/files\/2021\/01\/Logo-EGEM-oficial-quali-melhor-1024x758.jpeg 1024w, https:\/\/wp.ufpel.edu.br\/egem2021\/files\/2021\/01\/Logo-EGEM-oficial-quali-melhor-768x569.jpeg 768w, https:\/\/wp.ufpel.edu.br\/egem2021\/files\/2021\/01\/Logo-EGEM-oficial-quali-melhor.jpeg 1280w\" sizes=\"(max-width: 400px) 100vw, 400px\" \/><\/p>\n<p>&nbsp;<\/p>\n","protected":false},"excerpt":{"rendered":"<p>A Identidade Visual do XIV EGEM \u00e9 cria\u00e7\u00e3o da acad\u00eamica Mayummi Arag\u00e3o Campos, do Curso de Cinema e Audiovisual da UFPel. &nbsp;<\/p>\n","protected":false},"author":1106,"featured_media":0,"parent":0,"menu_order":0,"comment_status":"closed","ping_status":"closed","template":"","meta":{"footnotes":""},"class_list":["post-33","page","type-page","status-publish","hentry"],"_links":{"self":[{"href":"https:\/\/wp.ufpel.edu.br\/egem2021\/wp-json\/wp\/v2\/pages\/33","targetHints":{"allow":["GET"]}}],"collection":[{"href":"https:\/\/wp.ufpel.edu.br\/egem2021\/wp-json\/wp\/v2\/pages"}],"about":[{"href":"https:\/\/wp.ufpel.edu.br\/egem2021\/wp-json\/wp\/v2\/types\/page"}],"author":[{"embeddable":true,"href":"https:\/\/wp.ufpel.edu.br\/egem2021\/wp-json\/wp\/v2\/users\/1106"}],"replies":[{"embeddable":true,"href":"https:\/\/wp.ufpel.edu.br\/egem2021\/wp-json\/wp\/v2\/comments?post=33"}],"version-history":[{"count":2,"href":"https:\/\/wp.ufpel.edu.br\/egem2021\/wp-json\/wp\/v2\/pages\/33\/revisions"}],"predecessor-version":[{"id":142,"href":"https:\/\/wp.ufpel.edu.br\/egem2021\/wp-json\/wp\/v2\/pages\/33\/revisions\/142"}],"wp:attachment":[{"href":"https:\/\/wp.ufpel.edu.br\/egem2021\/wp-json\/wp\/v2\/media?parent=33"}],"curies":[{"name":"wp","href":"https:\/\/api.w.org\/{rel}","templated":true}]}}