{"id":145,"date":"2021-01-22T11:29:08","date_gmt":"2021-01-22T14:29:08","guid":{"rendered":"https:\/\/wp.ufpel.edu.br\/egem2021\/?page_id=145"},"modified":"2021-04-05T08:06:25","modified_gmt":"2021-04-05T11:06:25","slug":"inscricoes","status":"publish","type":"page","link":"https:\/\/wp.ufpel.edu.br\/egem2021\/inscricoes\/","title":{"rendered":"Inscri\u00e7\u00f5es"},"content":{"rendered":"<p><span style=\"color: #ff0000;font-size: 18pt\"><strong>Aten\u00e7\u00e3o<\/strong>:<\/span><\/p>\n<p style=\"text-align: justify\"><span style=\"font-size: 14pt;color: #000000\">O XIV EGEM ser\u00e1 gratuito, mas para a inscri\u00e7\u00e3o e a submiss\u00e3o de trabalhos \u00e9 preciso estar quitada a anuidade da <span style=\"color: #333399\"><a style=\"color: #333399\" href=\"http:\/\/www.sbembrasil.org.br\/sbembrasil\/\">SBEM<\/a><\/span>. Aproveite os meses de janeiro e fevereiro para pagar a anuidade da SBEM com valores em promo\u00e7\u00e3o.<\/span><\/p>\n<p><span style=\"font-size: 14pt;color: #000000\">Clique em &#8220;<span style=\"color: #333399\"><a style=\"color: #333399\" href=\"https:\/\/wp.ufpel.edu.br\/egem2021\/seja-socio-da-sbem\/\">Seja s\u00f3cio da SBEM<\/a><\/span>&#8221; e veja algumas dicas!<\/span><\/p>\n<p>&nbsp;<\/p>\n<p><strong><span style=\"color: #008000;font-size: 18pt\">Para realizar sua inscri\u00e7\u00e3o:<\/span><\/strong><\/p>\n<p><span style=\"color: #000000;font-size: 14pt\">Clique <strong><a href=\"https:\/\/forms.gle\/bTpKWrg6Gf5HaTh26\">aqui<\/a><\/strong> e preencha o formul\u00e1rio.\u00a0<\/span><\/p>\n<p><span style=\"color: #000000;font-size: 14pt\">Lembramos que ser\u00e1 preciso anexar no formul\u00e1rio o seu comprovante de quita\u00e7\u00e3o da anuidade 2021 com a SBEM.<\/span><\/p>\n<p><span style=\"color: #000000;font-size: 14pt\"><strong>Per\u00edodo de inscri\u00e7\u00f5es de autores e co-autores<\/strong>: 01\/03 a <del>04\/04<\/del>. <span style=\"color: #ff0000\"><strong>11\/04 (Prorrogado!)<\/strong><\/span><\/span><\/p>\n<p><span style=\"color: #000000;font-size: 14pt\"><strong>Per\u00edodo de inscri\u00e7\u00f5es de OUVINTES<\/strong>: 01\/03 a 18\/07.<\/span><\/p>\n","protected":false},"excerpt":{"rendered":"<p>Aten\u00e7\u00e3o: O XIV EGEM ser\u00e1 gratuito, mas para a inscri\u00e7\u00e3o e a submiss\u00e3o de trabalhos \u00e9 preciso estar quitada a anuidade da SBEM. Aproveite os meses de janeiro e fevereiro para pagar a anuidade da SBEM com valores em promo\u00e7\u00e3o. Clique em &#8220;Seja s\u00f3cio da SBEM&#8221; e veja algumas dicas! &nbsp; Para realizar sua inscri\u00e7\u00e3o: [&hellip;]<\/p>\n","protected":false},"author":1106,"featured_media":0,"parent":0,"menu_order":0,"comment_status":"closed","ping_status":"closed","template":"","meta":{"footnotes":""},"class_list":["post-145","page","type-page","status-publish","hentry"],"_links":{"self":[{"href":"https:\/\/wp.ufpel.edu.br\/egem2021\/wp-json\/wp\/v2\/pages\/145","targetHints":{"allow":["GET"]}}],"collection":[{"href":"https:\/\/wp.ufpel.edu.br\/egem2021\/wp-json\/wp\/v2\/pages"}],"about":[{"href":"https:\/\/wp.ufpel.edu.br\/egem2021\/wp-json\/wp\/v2\/types\/page"}],"author":[{"embeddable":true,"href":"https:\/\/wp.ufpel.edu.br\/egem2021\/wp-json\/wp\/v2\/users\/1106"}],"replies":[{"embeddable":true,"href":"https:\/\/wp.ufpel.edu.br\/egem2021\/wp-json\/wp\/v2\/comments?post=145"}],"version-history":[{"count":9,"href":"https:\/\/wp.ufpel.edu.br\/egem2021\/wp-json\/wp\/v2\/pages\/145\/revisions"}],"predecessor-version":[{"id":339,"href":"https:\/\/wp.ufpel.edu.br\/egem2021\/wp-json\/wp\/v2\/pages\/145\/revisions\/339"}],"wp:attachment":[{"href":"https:\/\/wp.ufpel.edu.br\/egem2021\/wp-json\/wp\/v2\/media?parent=145"}],"curies":[{"name":"wp","href":"https:\/\/api.w.org\/{rel}","templated":true}]}}