{"id":117,"date":"2021-01-13T11:17:50","date_gmt":"2021-01-13T14:17:50","guid":{"rendered":"https:\/\/wp.ufpel.edu.br\/egem2021\/?page_id=117"},"modified":"2021-01-13T11:18:52","modified_gmt":"2021-01-13T14:18:52","slug":"feiras-de-matematica","status":"publish","type":"page","link":"https:\/\/wp.ufpel.edu.br\/egem2021\/feiras-de-matematica\/","title":{"rendered":"Feiras de Matem\u00e1tica"},"content":{"rendered":"<p><span style=\"color: #000000\">As Feiras de Matem\u00e1tica foram concebidas como espa\u00e7os de aproxima\u00e7\u00e3o entre escolas, comunidade e universidade, com vistas \u00e0 melhoria e socializa\u00e7\u00e3o de processos de ensino e de aprendizagem em Matem\u00e1tica.<\/span><\/p>\n<p><strong><span style=\"color: #000000\">Feira de Matem\u00e1tica:<\/span><\/strong><\/p>\n<ul>\n<li><span style=\"color: #000000\">\u00e9 um programa de incentivo ao estudo e a pesquisa pelos estudantes de todas as fases de escolaridade, sob a orienta\u00e7\u00e3o de professores nos espa\u00e7os e per\u00edodos escolares, e de socializa\u00e7\u00e3o desses estudos e pesquisas \u00e0 comunidade, por meio de uma exposi\u00e7\u00e3o;<\/span><\/li>\n<li><span style=\"color: #000000\">constitui-se a partir da intera\u00e7\u00e3o de diferentes sujeitos (estudantes, professores e gestores) e institui\u00e7\u00f5es, e da articula\u00e7\u00e3o que ocorre no desenvolvimento das pesquisas e da mostra dos resultados, desde a organiza\u00e7\u00e3o dos espa\u00e7os f\u00edsicos, da exposi\u00e7\u00e3o no dia da Feira e do processo avaliativo dos trabalhos;<\/span><\/li>\n<li><span style=\"color: #000000\">processo educativo de cunho cient\u00edfico e social que contribui na forma\u00e7\u00e3o e no desenvolvimento dos diferentes sujeitos, especialmente, do professor de Matem\u00e1tica ou daquele que ensina Matem\u00e1tica.<\/span><\/li>\n<\/ul>\n<p>&nbsp;<\/p>\n<p><span style=\"color: #000000\"><strong>Os Projetos submetidos nas Feiras de Matem\u00e1tica est\u00e3o organizadas em:<\/strong><\/span><\/p>\n<p><span style=\"color: #000000\"><strong>Categorias:<\/strong><\/span><\/p>\n<ul>\n<li><span style=\"color: #000000\">Educa\u00e7\u00e3o Especial.<\/span><\/li>\n<li><span style=\"color: #000000\">Educa\u00e7\u00e3o Infantil.<\/span><\/li>\n<li><span style=\"color: #000000\">Ensino Fundamental \u2013 Anos Iniciais.<\/span><\/li>\n<li><span style=\"color: #000000\">Ensino Fundamental \u2013 Anos Finais.<\/span><\/li>\n<li><span style=\"color: #000000\">Ensino M\u00e9dio.<\/span><\/li>\n<li><span style=\"color: #000000\">Ensino Superior.<\/span><\/li>\n<li><span style=\"color: #000000\">Professor.<\/span><\/li>\n<li><span style=\"color: #000000\">Comunidade.<\/span><\/li>\n<\/ul>\n<p><span style=\"color: #000000\"><strong>Modalidades:<\/strong><\/span><\/p>\n<ul>\n<li><span style=\"color: #000000\">Materiais e\/ou Jogos Did\u00e1ticos.<\/span><\/li>\n<li><span style=\"color: #000000\">Matem\u00e1tica Aplicada e\/ou Inter-rela\u00e7\u00e3o com outras disciplinas.<\/span><\/li>\n<li><span style=\"color: #000000\">Matem\u00e1tica Pura.<\/span><\/li>\n<\/ul>\n<p><span style=\"color: #000000\"><strong>\u00a0<\/strong><\/span><\/p>\n<p><span style=\"color: #000000\"><strong>As Feiras de Matem\u00e1tica, como um processo formativo, proporcionam:<\/strong><\/span><\/p>\n<ul>\n<li><span style=\"color: #000000\">a inclus\u00e3o social;<\/span><\/li>\n<li><span style=\"color: #000000\">a forma\u00e7\u00e3o de gestores;<\/span><\/li>\n<li><span style=\"color: #000000\">uma modifica\u00e7\u00e3o no olhar para a \u00e1rea, desencadeando melhorias no ensino e aprendizagem em Matem\u00e1tica;<\/span><\/li>\n<li><span style=\"color: #000000\">ambientes diferenciados de aprendizagem; e<\/span><\/li>\n<li><span style=\"color: #000000\">a qualifica\u00e7\u00e3o cient\u00edfica.<\/span><\/li>\n<\/ul>\n<p>&nbsp;<\/p>\n<p><span style=\"color: #000000\"><strong>\u00a0<\/strong><span style=\"font-size: 14pt\"><strong>Contatos:<\/strong><\/span><\/span><\/p>\n<p><span style=\"color: #000000\"><strong>Facebook:<\/strong> <a href=\"https:\/\/www.facebook.com\/feirasdematematica\/\">https:\/\/www.facebook.com\/feirasdematematica\/<\/a><\/span><\/p>\n<p><span style=\"color: #000000\"><strong>Instagram:<\/strong> feiradematematicanors<\/span><\/p>\n<p><span style=\"color: #000000\"><strong>E-mail:<\/strong> feiradematematicars@gmail.com<\/span><\/p>\n","protected":false},"excerpt":{"rendered":"<p>As Feiras de Matem\u00e1tica foram concebidas como espa\u00e7os de aproxima\u00e7\u00e3o entre escolas, comunidade e universidade, com vistas \u00e0 melhoria e socializa\u00e7\u00e3o de processos de ensino e de aprendizagem em Matem\u00e1tica. Feira de Matem\u00e1tica: \u00e9 um programa de incentivo ao estudo e a pesquisa pelos estudantes de todas as fases de escolaridade, sob a orienta\u00e7\u00e3o de [&hellip;]<\/p>\n","protected":false},"author":1106,"featured_media":0,"parent":0,"menu_order":0,"comment_status":"closed","ping_status":"closed","template":"","meta":{"footnotes":""},"class_list":["post-117","page","type-page","status-publish","hentry"],"_links":{"self":[{"href":"https:\/\/wp.ufpel.edu.br\/egem2021\/wp-json\/wp\/v2\/pages\/117","targetHints":{"allow":["GET"]}}],"collection":[{"href":"https:\/\/wp.ufpel.edu.br\/egem2021\/wp-json\/wp\/v2\/pages"}],"about":[{"href":"https:\/\/wp.ufpel.edu.br\/egem2021\/wp-json\/wp\/v2\/types\/page"}],"author":[{"embeddable":true,"href":"https:\/\/wp.ufpel.edu.br\/egem2021\/wp-json\/wp\/v2\/users\/1106"}],"replies":[{"embeddable":true,"href":"https:\/\/wp.ufpel.edu.br\/egem2021\/wp-json\/wp\/v2\/comments?post=117"}],"version-history":[{"count":2,"href":"https:\/\/wp.ufpel.edu.br\/egem2021\/wp-json\/wp\/v2\/pages\/117\/revisions"}],"predecessor-version":[{"id":119,"href":"https:\/\/wp.ufpel.edu.br\/egem2021\/wp-json\/wp\/v2\/pages\/117\/revisions\/119"}],"wp:attachment":[{"href":"https:\/\/wp.ufpel.edu.br\/egem2021\/wp-json\/wp\/v2\/media?parent=117"}],"curies":[{"name":"wp","href":"https:\/\/api.w.org\/{rel}","templated":true}]}}