{"id":17,"date":"2013-08-13T16:27:47","date_gmt":"2013-08-13T19:27:47","guid":{"rendered":"https:\/\/wp.ufpel.edu.br\/egej2013\/?page_id=17"},"modified":"2013-08-29T16:30:33","modified_gmt":"2013-08-29T19:30:33","slug":"inscricoes","status":"publish","type":"page","link":"https:\/\/wp.ufpel.edu.br\/egej2013\/inscricoes\/","title":{"rendered":"Inscri\u00e7\u00f5es"},"content":{"rendered":"<p><a href=\"https:\/\/wp.ufpel.edu.br\/egej2013\/files\/2013\/08\/inscri\u00e7\u00f5es_p\u00e1ginasite1.jpg\"><img loading=\"lazy\" decoding=\"async\" class=\"alignnone size-full wp-image-97\" alt=\"inscri\u00e7\u00f5es_p\u00e1ginasite\" src=\"https:\/\/wp.ufpel.edu.br\/egej2013\/files\/2013\/08\/inscri\u00e7\u00f5es_p\u00e1ginasite1.jpg\" width=\"1334\" height=\"224\" srcset=\"https:\/\/wp.ufpel.edu.br\/egej2013\/files\/2013\/08\/inscri\u00e7\u00f5es_p\u00e1ginasite1.jpg 1334w, https:\/\/wp.ufpel.edu.br\/egej2013\/files\/2013\/08\/inscri\u00e7\u00f5es_p\u00e1ginasite1-300x50.jpg 300w, https:\/\/wp.ufpel.edu.br\/egej2013\/files\/2013\/08\/inscri\u00e7\u00f5es_p\u00e1ginasite1-1024x171.jpg 1024w\" sizes=\"auto, (max-width: 1334px) 100vw, 1334px\" \/><\/a><\/p>\n<p>&nbsp;<\/p>\n<p style=\"text-align: center\"><strong>Acesse o Link para realizar sua inscri\u00e7\u00e3o:<\/strong>\u00a0<a title=\"Inscreva-se aqui\" href=\"http:\/\/Egej2013.ejcm.com.br\" target=\"_blank\">Egej2013.ejcm.com.br<\/a><\/p>\n","protected":false},"excerpt":{"rendered":"<p>&nbsp; Acesse o Link para realizar sua inscri\u00e7\u00e3o:\u00a0Egej2013.ejcm.com.br<\/p>\n","protected":false},"author":286,"featured_media":0,"parent":0,"menu_order":9,"comment_status":"closed","ping_status":"closed","template":"","meta":{"footnotes":""},"class_list":["post-17","page","type-page","status-publish","hentry","nodate","item-wrap"],"_links":{"self":[{"href":"https:\/\/wp.ufpel.edu.br\/egej2013\/wp-json\/wp\/v2\/pages\/17","targetHints":{"allow":["GET"]}}],"collection":[{"href":"https:\/\/wp.ufpel.edu.br\/egej2013\/wp-json\/wp\/v2\/pages"}],"about":[{"href":"https:\/\/wp.ufpel.edu.br\/egej2013\/wp-json\/wp\/v2\/types\/page"}],"author":[{"embeddable":true,"href":"https:\/\/wp.ufpel.edu.br\/egej2013\/wp-json\/wp\/v2\/users\/286"}],"replies":[{"embeddable":true,"href":"https:\/\/wp.ufpel.edu.br\/egej2013\/wp-json\/wp\/v2\/comments?post=17"}],"version-history":[{"count":7,"href":"https:\/\/wp.ufpel.edu.br\/egej2013\/wp-json\/wp\/v2\/pages\/17\/revisions"}],"predecessor-version":[{"id":98,"href":"https:\/\/wp.ufpel.edu.br\/egej2013\/wp-json\/wp\/v2\/pages\/17\/revisions\/98"}],"wp:attachment":[{"href":"https:\/\/wp.ufpel.edu.br\/egej2013\/wp-json\/wp\/v2\/media?parent=17"}],"curies":[{"name":"wp","href":"https:\/\/api.w.org\/{rel}","templated":true}]}}