{"id":64,"date":"2014-05-21T18:04:20","date_gmt":"2014-05-21T21:04:20","guid":{"rendered":"https:\/\/wp.ufpel.edu.br\/educomunicacaoufpel\/?page_id=64"},"modified":"2014-05-26T18:14:52","modified_gmt":"2014-05-26T21:14:52","slug":"textos","status":"publish","type":"page","link":"https:\/\/wp.ufpel.edu.br\/educomunicacaoufpel\/pesquisa-2\/textos\/","title":{"rendered":"Textos"},"content":{"rendered":"<p>Leituras indicadas:<\/p>\n<p><a href=\"http:\/\/www.usp.br\/nce\/wcp\/arq\/textos\/140.pdf\" target=\"_blank\">COMUNICA\u00c7\u00c3O \/ EDUCA\u00c7\u00c3O EMERG\u00caNCIA DE UM NOVO CAMPO E O PERFIL DE SEUS PROFISSIONAIS<\/a>. Ismar de Oliveira Soares.<\/p>\n<p><a href=\"http:\/\/200.144.189.42\/ojs\/index.php\/comeduc\/article\/viewFile\/4147\/3888\" target=\"_blank\">EDUCOMUNICA\u00c7AO: UM CAMPO DE MEDIA\u00c7\u00d5ES<\/a>. Ismar de Oliveira Soares.<\/p>\n<p><a href=\"http:\/\/www.unifra.br\/professores\/rosana\/Cicilia%2BPeruzzo%2B.pdf\" target=\"_blank\">Revisitando os Conceitos de Comunica\u00e7\u00e3o Popular, Alternativa e Comunit\u00e1ria<\/a>. Cicilia Maria Krohling Peruzzo.<\/p>\n","protected":false},"excerpt":{"rendered":"<p>Leituras indicadas: COMUNICA\u00c7\u00c3O \/ EDUCA\u00c7\u00c3O EMERG\u00caNCIA DE UM NOVO CAMPO E O PERFIL DE SEUS PROFISSIONAIS. Ismar de Oliveira Soares. EDUCOMUNICA\u00c7AO: UM CAMPO DE MEDIA\u00c7\u00d5ES. Ismar de Oliveira Soares. Revisitando os Conceitos de Comunica\u00e7\u00e3o Popular, Alternativa e Comunit\u00e1ria. Cicilia Maria Krohling Peruzzo.<\/p>\n","protected":false},"author":393,"featured_media":0,"parent":79,"menu_order":2,"comment_status":"closed","ping_status":"closed","template":"","meta":{"footnotes":""},"class_list":["post-64","page","type-page","status-publish","hentry","nodate","item-wrap"],"_links":{"self":[{"href":"https:\/\/wp.ufpel.edu.br\/educomunicacaoufpel\/wp-json\/wp\/v2\/pages\/64","targetHints":{"allow":["GET"]}}],"collection":[{"href":"https:\/\/wp.ufpel.edu.br\/educomunicacaoufpel\/wp-json\/wp\/v2\/pages"}],"about":[{"href":"https:\/\/wp.ufpel.edu.br\/educomunicacaoufpel\/wp-json\/wp\/v2\/types\/page"}],"author":[{"embeddable":true,"href":"https:\/\/wp.ufpel.edu.br\/educomunicacaoufpel\/wp-json\/wp\/v2\/users\/393"}],"replies":[{"embeddable":true,"href":"https:\/\/wp.ufpel.edu.br\/educomunicacaoufpel\/wp-json\/wp\/v2\/comments?post=64"}],"version-history":[{"count":3,"href":"https:\/\/wp.ufpel.edu.br\/educomunicacaoufpel\/wp-json\/wp\/v2\/pages\/64\/revisions"}],"predecessor-version":[{"id":157,"href":"https:\/\/wp.ufpel.edu.br\/educomunicacaoufpel\/wp-json\/wp\/v2\/pages\/64\/revisions\/157"}],"up":[{"embeddable":true,"href":"https:\/\/wp.ufpel.edu.br\/educomunicacaoufpel\/wp-json\/wp\/v2\/pages\/79"}],"wp:attachment":[{"href":"https:\/\/wp.ufpel.edu.br\/educomunicacaoufpel\/wp-json\/wp\/v2\/media?parent=64"}],"curies":[{"name":"wp","href":"https:\/\/api.w.org\/{rel}","templated":true}]}}