{"id":60,"date":"2014-05-21T18:03:37","date_gmt":"2014-05-21T21:03:37","guid":{"rendered":"https:\/\/wp.ufpel.edu.br\/educomunicacaoufpel\/?page_id=60"},"modified":"2014-05-26T18:12:21","modified_gmt":"2014-05-26T21:12:21","slug":"geeufpel","status":"publish","type":"page","link":"https:\/\/wp.ufpel.edu.br\/educomunicacaoufpel\/educomunicacao-2\/geeufpel\/","title":{"rendered":"GEEUFPel"},"content":{"rendered":"<p>O Grupo de Pesquisa e Extens\u00e3o em Educomunica\u00e7\u00e3o da Universidade Federal de Pelotas tem por objetivo investigar a aplica\u00e7\u00e3o das metodologias Educomunicativas nas escolas de ensino fundamental e m\u00e9dio, atrav\u00e9s do programa Mais Educa\u00e7\u00e3o do governo federal.<\/p>\n<p>No contexto atual da legitima\u00e7\u00e3o da m\u00eddia como principal fonte de informa\u00e7\u00e3o, ocupando o espa\u00e7o da escola e das demais inst\u00e2ncias e encontro social, o Grupo de Pesquisa em Educomunica\u00e7\u00e3o da UFPel surge<\/p>\n","protected":false},"excerpt":{"rendered":"<p>O Grupo de Pesquisa e Extens\u00e3o em Educomunica\u00e7\u00e3o da Universidade Federal de Pelotas tem por objetivo investigar a aplica\u00e7\u00e3o das metodologias Educomunicativas nas escolas de ensino fundamental e m\u00e9dio, atrav\u00e9s do programa Mais Educa\u00e7\u00e3o do governo federal. No contexto atual da legitima\u00e7\u00e3o da m\u00eddia como principal fonte de informa\u00e7\u00e3o, ocupando o espa\u00e7o da escola e &hellip; <\/p>\n<p><a class=\"more-link btn\" href=\"https:\/\/wp.ufpel.edu.br\/educomunicacaoufpel\/educomunicacao-2\/geeufpel\/\">Continue lendo<\/a><\/p>\n","protected":false},"author":393,"featured_media":0,"parent":81,"menu_order":3,"comment_status":"closed","ping_status":"closed","template":"","meta":{"footnotes":""},"class_list":["post-60","page","type-page","status-publish","hentry","nodate","item-wrap"],"_links":{"self":[{"href":"https:\/\/wp.ufpel.edu.br\/educomunicacaoufpel\/wp-json\/wp\/v2\/pages\/60","targetHints":{"allow":["GET"]}}],"collection":[{"href":"https:\/\/wp.ufpel.edu.br\/educomunicacaoufpel\/wp-json\/wp\/v2\/pages"}],"about":[{"href":"https:\/\/wp.ufpel.edu.br\/educomunicacaoufpel\/wp-json\/wp\/v2\/types\/page"}],"author":[{"embeddable":true,"href":"https:\/\/wp.ufpel.edu.br\/educomunicacaoufpel\/wp-json\/wp\/v2\/users\/393"}],"replies":[{"embeddable":true,"href":"https:\/\/wp.ufpel.edu.br\/educomunicacaoufpel\/wp-json\/wp\/v2\/comments?post=60"}],"version-history":[{"count":2,"href":"https:\/\/wp.ufpel.edu.br\/educomunicacaoufpel\/wp-json\/wp\/v2\/pages\/60\/revisions"}],"predecessor-version":[{"id":153,"href":"https:\/\/wp.ufpel.edu.br\/educomunicacaoufpel\/wp-json\/wp\/v2\/pages\/60\/revisions\/153"}],"up":[{"embeddable":true,"href":"https:\/\/wp.ufpel.edu.br\/educomunicacaoufpel\/wp-json\/wp\/v2\/pages\/81"}],"wp:attachment":[{"href":"https:\/\/wp.ufpel.edu.br\/educomunicacaoufpel\/wp-json\/wp\/v2\/media?parent=60"}],"curies":[{"name":"wp","href":"https:\/\/api.w.org\/{rel}","templated":true}]}}