{"id":56,"date":"2014-05-21T18:03:03","date_gmt":"2014-05-21T21:03:03","guid":{"rendered":"https:\/\/wp.ufpel.edu.br\/educomunicacaoufpel\/?page_id=56"},"modified":"2014-05-26T18:11:12","modified_gmt":"2014-05-26T21:11:12","slug":"o-que-e","status":"publish","type":"page","link":"https:\/\/wp.ufpel.edu.br\/educomunicacaoufpel\/educomunicacao-2\/o-que-e\/","title":{"rendered":"O que \u00e9?"},"content":{"rendered":"<p>A Educomunica\u00e7\u00e3o se define como espa\u00e7o de interven\u00e7\u00e3o social, associando a Comunica\u00e7\u00e3o e a Educa\u00e7\u00e3o num campo interdiscursivo, interdisciplinar e sem fronteiras (SOARES, 2011: 3). Consiste na intersec\u00e7\u00e3o dos campos da Comunica\u00e7\u00e3o e da Educa\u00e7\u00e3o, entendendo como fundamental a leitura cr\u00edtica da m\u00eddia, propiciada atrav\u00e9s da apropria\u00e7\u00e3o t\u00e9cnica da produ\u00e7\u00e3o midi\u00e1tica.<\/p>\n","protected":false},"excerpt":{"rendered":"<p>A Educomunica\u00e7\u00e3o se define como espa\u00e7o de interven\u00e7\u00e3o social, associando a Comunica\u00e7\u00e3o e a Educa\u00e7\u00e3o num campo interdiscursivo, interdisciplinar e sem fronteiras (SOARES, 2011: 3). Consiste na intersec\u00e7\u00e3o dos campos da Comunica\u00e7\u00e3o e da Educa\u00e7\u00e3o, entendendo como fundamental a leitura cr\u00edtica da m\u00eddia, propiciada atrav\u00e9s da apropria\u00e7\u00e3o t\u00e9cnica da produ\u00e7\u00e3o midi\u00e1tica.<\/p>\n","protected":false},"author":393,"featured_media":0,"parent":81,"menu_order":1,"comment_status":"closed","ping_status":"closed","template":"","meta":{"footnotes":""},"class_list":["post-56","page","type-page","status-publish","hentry","nodate","item-wrap"],"_links":{"self":[{"href":"https:\/\/wp.ufpel.edu.br\/educomunicacaoufpel\/wp-json\/wp\/v2\/pages\/56","targetHints":{"allow":["GET"]}}],"collection":[{"href":"https:\/\/wp.ufpel.edu.br\/educomunicacaoufpel\/wp-json\/wp\/v2\/pages"}],"about":[{"href":"https:\/\/wp.ufpel.edu.br\/educomunicacaoufpel\/wp-json\/wp\/v2\/types\/page"}],"author":[{"embeddable":true,"href":"https:\/\/wp.ufpel.edu.br\/educomunicacaoufpel\/wp-json\/wp\/v2\/users\/393"}],"replies":[{"embeddable":true,"href":"https:\/\/wp.ufpel.edu.br\/educomunicacaoufpel\/wp-json\/wp\/v2\/comments?post=56"}],"version-history":[{"count":2,"href":"https:\/\/wp.ufpel.edu.br\/educomunicacaoufpel\/wp-json\/wp\/v2\/pages\/56\/revisions"}],"predecessor-version":[{"id":150,"href":"https:\/\/wp.ufpel.edu.br\/educomunicacaoufpel\/wp-json\/wp\/v2\/pages\/56\/revisions\/150"}],"up":[{"embeddable":true,"href":"https:\/\/wp.ufpel.edu.br\/educomunicacaoufpel\/wp-json\/wp\/v2\/pages\/81"}],"wp:attachment":[{"href":"https:\/\/wp.ufpel.edu.br\/educomunicacaoufpel\/wp-json\/wp\/v2\/media?parent=56"}],"curies":[{"name":"wp","href":"https:\/\/api.w.org\/{rel}","templated":true}]}}