{"id":52,"date":"2014-05-21T17:59:27","date_gmt":"2014-05-21T20:59:27","guid":{"rendered":"https:\/\/wp.ufpel.edu.br\/educomunicacaoufpel\/?page_id=52"},"modified":"2015-11-17T22:24:49","modified_gmt":"2015-11-18T00:24:49","slug":"equipe","status":"publish","type":"page","link":"https:\/\/wp.ufpel.edu.br\/educomunicacaoufpel\/equipe\/","title":{"rendered":"Equipe"},"content":{"rendered":"<p>COORDENA\u00c7\u00c3O:<\/p>\n<p>M\u00e1rcia Dresch<br \/>\nPossui gradua\u00e7\u00e3o em Letras-Portugu\u00eas e Literaturas da L\u00edngua Portuguesa pela Faculdade Porto Alegrense de Educa\u00e7\u00e3o Ci\u00eancias e Letras (1991), mestrado em Letras-Ling\u00fc\u00edstica Aplicada pela Pontif\u00edcia Universidade Cat\u00f3lica do Rio Grande do Sul (1994) e doutorado em Letras-Estudos da Linguagem pela Universidade Federal do Rio Grande do Sul (2007). Atualmente, pertence ao quadro de professores do Centro de Letras e Comunica\u00e7\u00e3o da Universidade Federal de Pelotas. Tem experi\u00eancia na \u00e1rea de Ling\u00fc\u00edstica, com \u00eanfase em An\u00e1lise do Discurso, atuando principalmente nos seguintes temas: ensino, discurso, gram\u00e1tica e argumenta\u00e7\u00e3o.<\/p>\n<p>&nbsp;<\/p>\n<p>BOLSISTAS:<\/p>\n<p>Clara Celina Ribeiro da Rosa<\/p>\n<p>Estudante do 4\u00ba semestre do curso de Jornalismo na Universidade Federal de Pelotas. \u00c9 bolsista do projeto de extens\u00e3o &#8220;Educomunica\u00e7\u00e3o&#8221;.<\/p>\n<p>&nbsp;<\/p>\n<p>J\u00c1 PARTICIPARAM:<\/p>\n<p><span class=\"Apple-style-span\">Anah\u00ed Silveira<\/span><\/p>\n<p><span class=\"Apple-style-span\">Eduarda Schneider Lemes<\/span><\/p>\n<p>Luiza Sperrhake<\/p>\n<p>Mayara Fernandes<\/p>\n<p>Midiane Mendes<\/p>\n<p>Misael Lemes<\/p>\n<p><span class=\"Apple-style-span\">Pedro Henrique Costa Kr\u00fcger<\/span><\/p>\n<p><span class=\"Apple-style-span\">Valqu\u00edria Stephan<\/span><\/p>\n<p><span class=\"Apple-style-span\">Yasmin Yunes<\/span><\/p>\n","protected":false},"excerpt":{"rendered":"<p>COORDENA\u00c7\u00c3O: M\u00e1rcia Dresch Possui gradua\u00e7\u00e3o em Letras-Portugu\u00eas e Literaturas da L\u00edngua Portuguesa pela Faculdade Porto Alegrense de Educa\u00e7\u00e3o Ci\u00eancias e Letras (1991), mestrado em Letras-Ling\u00fc\u00edstica Aplicada pela Pontif\u00edcia Universidade Cat\u00f3lica do Rio Grande do Sul (1994) e doutorado em Letras-Estudos da Linguagem pela Universidade Federal do Rio Grande do Sul (2007). Atualmente, pertence ao quadro &hellip; <\/p>\n<p><a class=\"more-link btn\" href=\"https:\/\/wp.ufpel.edu.br\/educomunicacaoufpel\/equipe\/\">Continue lendo<\/a><\/p>\n","protected":false},"author":393,"featured_media":0,"parent":0,"menu_order":0,"comment_status":"closed","ping_status":"closed","template":"","meta":{"footnotes":""},"class_list":["post-52","page","type-page","status-publish","hentry","nodate","item-wrap"],"_links":{"self":[{"href":"https:\/\/wp.ufpel.edu.br\/educomunicacaoufpel\/wp-json\/wp\/v2\/pages\/52","targetHints":{"allow":["GET"]}}],"collection":[{"href":"https:\/\/wp.ufpel.edu.br\/educomunicacaoufpel\/wp-json\/wp\/v2\/pages"}],"about":[{"href":"https:\/\/wp.ufpel.edu.br\/educomunicacaoufpel\/wp-json\/wp\/v2\/types\/page"}],"author":[{"embeddable":true,"href":"https:\/\/wp.ufpel.edu.br\/educomunicacaoufpel\/wp-json\/wp\/v2\/users\/393"}],"replies":[{"embeddable":true,"href":"https:\/\/wp.ufpel.edu.br\/educomunicacaoufpel\/wp-json\/wp\/v2\/comments?post=52"}],"version-history":[{"count":5,"href":"https:\/\/wp.ufpel.edu.br\/educomunicacaoufpel\/wp-json\/wp\/v2\/pages\/52\/revisions"}],"predecessor-version":[{"id":176,"href":"https:\/\/wp.ufpel.edu.br\/educomunicacaoufpel\/wp-json\/wp\/v2\/pages\/52\/revisions\/176"}],"wp:attachment":[{"href":"https:\/\/wp.ufpel.edu.br\/educomunicacaoufpel\/wp-json\/wp\/v2\/media?parent=52"}],"curies":[{"name":"wp","href":"https:\/\/api.w.org\/{rel}","templated":true}]}}