{"id":185,"date":"2014-09-12T12:40:18","date_gmt":"2014-09-12T15:40:18","guid":{"rendered":"https:\/\/wp.ufpel.edu.br\/educomunicacaoufpel\/?page_id=185"},"modified":"2014-09-12T12:40:44","modified_gmt":"2014-09-12T15:40:44","slug":"producao-academica","status":"publish","type":"page","link":"https:\/\/wp.ufpel.edu.br\/educomunicacaoufpel\/producao-academica\/","title":{"rendered":"Produ\u00e7\u00e3o Acad\u00eamica"},"content":{"rendered":"<p>O Grupo de Pesquisa e Extens\u00e3o em Educomunica\u00e7\u00e3o da UFPel publiciza suas produ\u00e7\u00f5es em Congressos&#8230;<br \/>\nVeja abaixo as produ\u00e7\u00f5es do grupo:<\/p>\n<p><a href=\"http:\/\/formularios.extension.edu.uy\/ExtensoExpositor2013\/archivos\/586_resumen1125.pdf\" target=\"_blank\">PRODU\u00c7\u00c3O DE JORNAL NA ESCOLA COMO INSTRUMENTO DID\u00c1TICO \u2013 UMA ABORDAGEM EDUCOMUNICATIVA<\/a>. Misael Kr\u00fcger Lemes e Vit\u00f3ria Os\u00f3rio Ferreira.<\/p>\n<p><a href=\"http:\/\/cti.ufpel.edu.br\/cic\/arquivos\/2013\/SA_02062.pdf\" target=\"_blank\">A EDUCOMUNICA\u00c7\u00c3O ATRAV\u00c9S DA R\u00c1DIO ESCOLAR: um processo de democratiza\u00e7\u00e3o da m\u00eddia<\/a>. Eduarda Schneider Lemes<\/p>\n","protected":false},"excerpt":{"rendered":"<p>O Grupo de Pesquisa e Extens\u00e3o em Educomunica\u00e7\u00e3o da UFPel publiciza suas produ\u00e7\u00f5es em Congressos&#8230; Veja abaixo as produ\u00e7\u00f5es do grupo: PRODU\u00c7\u00c3O DE JORNAL NA ESCOLA COMO INSTRUMENTO DID\u00c1TICO \u2013 UMA ABORDAGEM EDUCOMUNICATIVA. Misael Kr\u00fcger Lemes e Vit\u00f3ria Os\u00f3rio Ferreira. A EDUCOMUNICA\u00c7\u00c3O ATRAV\u00c9S DA R\u00c1DIO ESCOLAR: um processo de democratiza\u00e7\u00e3o da m\u00eddia. Eduarda Schneider Lemes<\/p>\n","protected":false},"author":393,"featured_media":0,"parent":0,"menu_order":0,"comment_status":"closed","ping_status":"closed","template":"","meta":{"footnotes":""},"class_list":["post-185","page","type-page","status-publish","hentry","nodate","item-wrap"],"_links":{"self":[{"href":"https:\/\/wp.ufpel.edu.br\/educomunicacaoufpel\/wp-json\/wp\/v2\/pages\/185","targetHints":{"allow":["GET"]}}],"collection":[{"href":"https:\/\/wp.ufpel.edu.br\/educomunicacaoufpel\/wp-json\/wp\/v2\/pages"}],"about":[{"href":"https:\/\/wp.ufpel.edu.br\/educomunicacaoufpel\/wp-json\/wp\/v2\/types\/page"}],"author":[{"embeddable":true,"href":"https:\/\/wp.ufpel.edu.br\/educomunicacaoufpel\/wp-json\/wp\/v2\/users\/393"}],"replies":[{"embeddable":true,"href":"https:\/\/wp.ufpel.edu.br\/educomunicacaoufpel\/wp-json\/wp\/v2\/comments?post=185"}],"version-history":[{"count":2,"href":"https:\/\/wp.ufpel.edu.br\/educomunicacaoufpel\/wp-json\/wp\/v2\/pages\/185\/revisions"}],"predecessor-version":[{"id":187,"href":"https:\/\/wp.ufpel.edu.br\/educomunicacaoufpel\/wp-json\/wp\/v2\/pages\/185\/revisions\/187"}],"wp:attachment":[{"href":"https:\/\/wp.ufpel.edu.br\/educomunicacaoufpel\/wp-json\/wp\/v2\/media?parent=185"}],"curies":[{"name":"wp","href":"https:\/\/api.w.org\/{rel}","templated":true}]}}