{"id":617,"date":"2025-10-31T18:10:02","date_gmt":"2025-10-31T21:10:02","guid":{"rendered":"https:\/\/wp.ufpel.edu.br\/educambiental\/?page_id=617"},"modified":"2025-12-27T08:16:43","modified_gmt":"2025-12-27T11:16:43","slug":"noticias","status":"publish","type":"page","link":"https:\/\/wp.ufpel.edu.br\/educambiental\/noticias\/","title":{"rendered":"Not\u00edcias"},"content":{"rendered":"<div style=\"background: linear-gradient(135deg, #f0f8f0 0%, #ffffff 100%); padding: 16px 20px; border-radius: 10px; margin: 16px 0; box-shadow: 0 3px 10px rgba(26, 77, 62, 0.12), 0 5px 15px rgba(35, 107, 82, 0.08); border: 2px solid rgba(141, 198, 63, 0.35); border-left: 7px solid #8dc63f; font-family: Arial, sans-serif;\">\n<div style=\"color: #1a4d3e; font-size: 1.15em; font-weight: bold; margin-bottom: 10px;\"> ATEN\u00c7\u00c3O PARA AS NOVAS DATAS<\/div>\n<ul style=\"margin: 0; padding-left: 18px; color: #1a4d3e; font-size: 1em; line-height: 1.5;\">\n<li><strong>Recesso:<\/strong> 22\/12\/2025 a 03\/02\/2026<\/li>\n<li><strong>Data de Matr\u00edcula:<\/strong> 03 a 05\/02\/2026<\/li>\n<li><strong>In\u00edcio da disciplina de Projetos:<\/strong> 09\/02\/2026 a 06\/03\/2026<\/li>\n<li><strong>F\u00e9rias:<\/strong> 16\/03\/2026 a 31\/03\/2026<\/li>\n<li style=\"margin-top: 8px;\"><span style=\"display: inline-block; padding: 6px 10px; border-radius: 8px; background: rgba(255, 214, 102, 0.35); border: 1px solid rgba(255, 193, 7, 0.55);\"><br \/>\n <strong>ATEN\u00c7\u00c3O:<\/strong> A disciplina de <strong style=\"text-transform: uppercase;\">PROJETOS <span style=\"text-decoration: underline;\">N\u00c3O<\/span> TER\u00c1<\/strong> per\u00edodo de recupera\u00e7\u00e3o das atividades.<br \/>\n<\/span><\/li>\n<li style=\"margin-top: 8px;\"><strong>In\u00edcio da disciplina de TCC:<\/strong> 01\/04\/2026 a <strong>julho\/2026<\/strong><\/li>\n<\/ul>\n<\/div>\n<section class=\"panoramas-selecao\">\n<h1><\/h1>\n<h1><\/h1>\n<h1><\/h1>\n<h1>Resultado das Inscri\u00e7\u00f5es<\/h1>\n<h2>Edital n\u00ba 01\/2025 \u2013 Sele\u00e7\u00e3o de Alunos(as) Organizadores(as)<br \/>\nE-book da Disciplina \u201cPanoramas da Educa\u00e7\u00e3o Ambiental\u201d<\/h2>\n<p class=\"intro\">Divulgamos abaixo a lista de estudantes selecionados(as) para atuarem como<br \/>\norganizadores(as) do e-book da disciplina <strong>\u201cPanoramas da Educa\u00e7\u00e3o Ambiental\u201d<\/strong>,<br \/>\nconforme o Edital n\u00ba 01\/2025.<\/p>\n<div class=\"polo\">\n<h3>Cangu\u00e7u<\/h3>\n<h3><\/h3>\n<p>K\u00e1rolyn Machado da Rosa<br \/>\nGABRIELA MEDEIROS FERREIRA<\/p>\n<h3>Livramento<\/h3>\n<p>Welerson Menezes <span style=\"font-size: 1.8rem;\">Rodrigues de Oliveira<br \/>\nThais Rodrigues Marques<br \/>\n<\/span>Helder Torres de Oliveira (Suplente)<\/p>\n<\/div>\n<div class=\"polo\">\n<h3>Gramado<\/h3>\n<p>PAULA RODRIGUES FONTES<br \/>\nPaula Machado de Ara\u00fajo Ribeiro<\/p>\n<\/div>\n<div class=\"polo\">\n<h3>Esteio<\/h3>\n<\/div>\n<p>Dayani Paranhos Aguillar<br \/>\nPeterson Fernando Kepps da Silva<br \/>\nJuliana In\u00eas Herpich (Suplente)<\/p>\n<div class=\"polo\">\n<h3>Agudo<\/h3>\n<\/div>\n<p>Clayton T\u00f4rres Felizardo<br \/>\nPaulo Henrique dos Santos Corr\u00eaa<br \/>\nCristiano da Silva Ten\u00f3rio (Suplente)<\/p>\n<div class=\"polo\">Em breve ser\u00e3o encaminhadas, por e-mail, orienta\u00e7\u00f5es sobre o in\u00edcio das atividades de organiza\u00e7\u00e3o do e-book.<\/div>\n<\/section>\n","protected":false},"excerpt":{"rendered":"<p>ATEN\u00c7\u00c3O PARA AS NOVAS DATAS Recesso: 22\/12\/2025 a 03\/02\/2026 Data de Matr\u00edcula: 03 a 05\/02\/2026 In\u00edcio da disciplina de Projetos: 09\/02\/2026 a 06\/03\/2026 F\u00e9rias: 16\/03\/2026 a 31\/03\/2026 ATEN\u00c7\u00c3O: A disciplina de PROJETOS N\u00c3O TER\u00c1 per\u00edodo de recupera\u00e7\u00e3o das atividades. In\u00edcio da disciplina de TCC: 01\/04\/2026 a julho\/2026 Resultado das Inscri\u00e7\u00f5es Edital n\u00ba 01\/2025 \u2013 Sele\u00e7\u00e3o&#8230; <\/p>\n<div class=\"link-more\"><a href=\"https:\/\/wp.ufpel.edu.br\/educambiental\/noticias\/\">Leia mais<\/a><\/div>\n","protected":false},"author":426,"featured_media":0,"parent":0,"menu_order":0,"comment_status":"closed","ping_status":"closed","template":"","meta":{"footnotes":""},"class_list":["post-617","page","type-page","status-publish","hentry"],"_links":{"self":[{"href":"https:\/\/wp.ufpel.edu.br\/educambiental\/wp-json\/wp\/v2\/pages\/617","targetHints":{"allow":["GET"]}}],"collection":[{"href":"https:\/\/wp.ufpel.edu.br\/educambiental\/wp-json\/wp\/v2\/pages"}],"about":[{"href":"https:\/\/wp.ufpel.edu.br\/educambiental\/wp-json\/wp\/v2\/types\/page"}],"author":[{"embeddable":true,"href":"https:\/\/wp.ufpel.edu.br\/educambiental\/wp-json\/wp\/v2\/users\/426"}],"replies":[{"embeddable":true,"href":"https:\/\/wp.ufpel.edu.br\/educambiental\/wp-json\/wp\/v2\/comments?post=617"}],"version-history":[{"count":3,"href":"https:\/\/wp.ufpel.edu.br\/educambiental\/wp-json\/wp\/v2\/pages\/617\/revisions"}],"predecessor-version":[{"id":663,"href":"https:\/\/wp.ufpel.edu.br\/educambiental\/wp-json\/wp\/v2\/pages\/617\/revisions\/663"}],"wp:attachment":[{"href":"https:\/\/wp.ufpel.edu.br\/educambiental\/wp-json\/wp\/v2\/media?parent=617"}],"curies":[{"name":"wp","href":"https:\/\/api.w.org\/{rel}","templated":true}]}}