{"id":550,"date":"2024-09-26T19:44:38","date_gmt":"2024-09-26T22:44:38","guid":{"rendered":"https:\/\/wp.ufpel.edu.br\/educambiental\/?page_id=550"},"modified":"2025-12-16T09:50:10","modified_gmt":"2025-12-16T12:50:10","slug":"documentos","status":"publish","type":"page","link":"https:\/\/wp.ufpel.edu.br\/educambiental\/documentos\/","title":{"rendered":"Documentos"},"content":{"rendered":"<p><!-- Bloco de Documentos por Categoria (1 coluna, grupos separados, LINKS ORGANIZADOS) --><\/p>\n<section style=\"font-family: Helvetica, Arial, sans-serif; width: 100%; max-width: 980px; margin: 0 auto; padding: 0 12px; box-sizing: border-box;\"><!-- T\u00edtulo --><\/p>\n<div style=\"background: linear-gradient(135deg, #f3fbf7 0%, #ffffff 100%); padding: 16px 18px; border-radius: 12px; border: 1px solid rgba(26,77,62,.18); box-shadow: 0 6px 18px rgba(26,77,62,.08);\">\n<div style=\"display: flex; align-items: center; gap: 12px; flex-wrap: wrap;\"><span style=\"font-size: 14pt; font-weight: bold; color: #1a4d3e; font-family: helvetica, arial, sans-serif;\">Documentos e Formul\u00e1rios<\/span><\/div>\n<p style=\"margin: 10px 0 0 0; color: #2b2b2b; font-size: 14pt; line-height: 1.45;\"><span style=\"font-family: helvetica, arial, sans-serif; font-size: 14pt;\">Acesse os documentos organizados por categoria. Clique para abrir em nova aba.<\/span><\/p>\n<\/div>\n<p><!-- Grupos (1 coluna) --><\/p>\n<div style=\"display: grid; grid-template-columns: 1fr; gap: 14px; margin-top: 14px;\">\n<p><!-- Grupo: Formul\u00e1rios Acad\u00eamicos --><\/p>\n<div style=\"background: #ffffff; border-radius: 12px; border: 1px solid rgba(26,77,62,.18); box-shadow: 0 6px 18px rgba(26,77,62,.08); overflow: hidden;\">\n<div style=\"padding: 14px 16px; background: linear-gradient(135deg, #eaf7ef 0%, #ffffff 100%); border-bottom: 1px solid rgba(26,77,62,.12);\">\n<h3 style=\"margin: 0; font-size: 1.05rem; color: #1a4d3e; font-weight: bold;\"><span style=\"font-family: helvetica, arial, sans-serif; font-size: 14pt;\">Formul\u00e1rios acad\u00eamicos<\/span><\/h3>\n<p style=\"margin: 6px 0 0 0; color: #3a3a3a; font-size: 0.95rem; line-height: 1.4;\"><span style=\"font-family: helvetica, arial, sans-serif; font-size: 14pt;\">Solicita\u00e7\u00f5es e procedimentos acad\u00eamicos.<\/span><\/p>\n<\/div>\n<ul style=\"list-style: none; margin: 0; padding: 10px 10px 12px 10px;\">\n<li style=\"margin: 8px 0;\"><span style=\"font-family: helvetica, arial, sans-serif; font-size: 14pt;\"><br \/>\n<a style=\"display: flex; align-items: flex-start; gap: 10px; text-decoration: none; padding: 10px 12px; border-radius: 10px; border: 1px solid rgba(26,77,62,.14); background: #fbfdfc;\" href=\"https:\/\/wp.ufpel.edu.br\/educambiental\/files\/2024\/09\/FORM-6-PRPPGI-APROVEITAMENTO-DE-CREDITOS.doc\" target=\"_blank\" rel=\"noopener\"><br \/>\n<span style=\"font-weight: 800; color: #2e7d5a; min-width: 52px;\">DOC<\/span><br \/>\n<span style=\"color: #1a4d3e; font-weight: 600; line-height: 1.35;\"><br \/>\nFormul\u00e1rio de Aproveitamento de Cr\u00e9ditos<br \/>\n<span style=\"display: block; color: #4a4a4a; font-weight: 400; margin-top: 2px;\">Download em .doc<\/span><br \/>\n<\/span><br \/>\n<\/a><br \/>\n<\/span><\/li>\n<li style=\"margin: 8px 0;\"><span style=\"font-family: helvetica, arial, sans-serif; font-size: 14pt;\"><br \/>\n<a style=\"display: flex; align-items: flex-start; gap: 10px; text-decoration: none; padding: 10px 12px; border-radius: 10px; border: 1px solid rgba(26,77,62,.14); background: #fbfdfc;\" href=\"https:\/\/wp.ufpel.edu.br\/educambiental\/files\/2024\/09\/FORM-9-PRPPGI-CANCELAMENTO-DE-MATRICULA-EM-DISCIPLINA-ATUALIZADO.doc\" target=\"_blank\" rel=\"noopener\"><br \/>\n<span style=\"font-weight: 800; color: #2e7d5a; min-width: 52px;\">DOC<\/span><br \/>\n<span style=\"color: #1a4d3e; font-weight: 600; line-height: 1.35;\"><br \/>\nFormul\u00e1rio de Cancelamento de Matr\u00edcula<br \/>\n<span style=\"display: block; color: #4a4a4a; font-weight: 400; margin-top: 2px;\">Download em .doc<\/span><br \/>\n<\/span><br \/>\n<\/a><br \/>\n<\/span><\/li>\n<li style=\"margin: 8px 0;\"><span style=\"font-family: helvetica, arial, sans-serif; font-size: 14pt;\"><br \/>\n<a style=\"display: flex; align-items: flex-start; gap: 10px; text-decoration: none; padding: 10px 12px; border-radius: 10px; border: 1px solid rgba(26,77,62,.14); background: #fbfdfc;\" href=\"https:\/\/wp.ufpel.edu.br\/educambiental\/files\/2024\/09\/FORM-10-PRPPGI-TRANCAMENTO-DE-MATRICULA-ATUALIZADO.doc\" target=\"_blank\" rel=\"noopener\"><br \/>\n<span style=\"font-weight: 800; color: #2e7d5a; min-width: 52px;\">DOC<\/span><br \/>\n<span style=\"color: #1a4d3e; font-weight: 600; line-height: 1.35;\"><br \/>\nFormul\u00e1rio de Trancamento de Matr\u00edcula<br \/>\n<span style=\"display: block; color: #4a4a4a; font-weight: 400; margin-top: 2px;\">Download em .doc<\/span><br \/>\n<\/span><br \/>\n<\/a><br \/>\n<\/span><\/li>\n<\/ul>\n<\/div>\n<p><!-- Grupo: Documentos Institucionais --><\/p>\n<div style=\"background: #ffffff; border-radius: 12px; border: 1px solid rgba(26,77,62,.18); box-shadow: 0 6px 18px rgba(26,77,62,.08); overflow: hidden;\">\n<div style=\"padding: 14px 16px; background: linear-gradient(135deg, #eef6ff 0%, #ffffff 100%); border-bottom: 1px solid rgba(26,77,62,.12);\">\n<h3 style=\"margin: 0; font-size: 1.05rem; color: #1a4d3e; font-weight: bold;\"><span style=\"font-family: helvetica, arial, sans-serif; font-size: 14pt;\">Documentos institucionais<\/span><\/h3>\n<p style=\"margin: 6px 0 0 0; color: #3a3a3a; font-size: 0.95rem; line-height: 1.4;\"><span style=\"font-family: helvetica, arial, sans-serif; font-size: 14pt;\">Regulamentos e documentos do curso.<\/span><\/p>\n<\/div>\n<ul style=\"list-style: none; margin: 0; padding: 10px 10px 12px 10px;\">\n<li style=\"margin: 8px 0;\"><span style=\"font-family: helvetica, arial, sans-serif; font-size: 14pt;\"><br \/>\n<a style=\"display: flex; align-items: flex-start; gap: 10px; text-decoration: none; padding: 10px 12px; border-radius: 10px; border: 1px solid rgba(26,77,62,.14); background: #fbfdff;\" href=\"https:\/\/wp.ufpel.edu.br\/educambiental\/files\/2024\/12\/Proposta-Pedagogica-EEAEES.pdf\" target=\"_blank\" rel=\"noopener\"><br \/>\n<span style=\"font-weight: 800; color: #2e7d5a; min-width: 52px;\">PDF<\/span><br \/>\n<span style=\"color: #1a4d3e; font-weight: 600; line-height: 1.35;\"><br \/>\nProposta Pedag\u00f3gica do Curso<br \/>\n<span style=\"display: block; color: #4a4a4a; font-weight: 400; margin-top: 2px;\">Abrir em .pdf<\/span><br \/>\n<\/span><br \/>\n<\/a><br \/>\n<\/span><\/li>\n<li style=\"margin: 8px 0;\"><span style=\"font-family: helvetica, arial, sans-serif; font-size: 14pt;\"><br \/>\n<a style=\"display: flex; align-items: flex-start; gap: 10px; text-decoration: none; padding: 10px 12px; border-radius: 10px; border: 1px solid rgba(26,77,62,.14); background: #fbfdff;\" href=\"https:\/\/wp.ufpel.edu.br\/educambiental\/files\/2024\/12\/Regimento-Curso-Especializacao-EAEES-EAD-UAB-UFPEL.pdf\" target=\"_blank\" rel=\"noopener\"><br \/>\n<span style=\"font-weight: 800; color: #2e7d5a; min-width: 52px;\">PDF<\/span><br \/>\n<span style=\"color: #1a4d3e; font-weight: 600; line-height: 1.35;\"><br \/>\nRegimento do Curso (EAD UAB\/UFPel)<br \/>\n<span style=\"display: block; color: #4a4a4a; font-weight: 400; margin-top: 2px;\">Abrir em .pdf<\/span><br \/>\n<\/span><br \/>\n<\/a><br \/>\n<\/span><\/li>\n<\/ul>\n<\/div>\n<p><!-- Grupo: Autodeclara\u00e7\u00f5es --><\/p>\n<div style=\"background: #ffffff; border-radius: 12px; border: 1px solid rgba(26,77,62,.18); box-shadow: 0 6px 18px rgba(26,77,62,.08); overflow: hidden;\">\n<div style=\"padding: 14px 16px; background: linear-gradient(135deg, #fff7ee 0%, #ffffff 100%); border-bottom: 1px solid rgba(26,77,62,.12);\">\n<h3 style=\"margin: 0; font-size: 1.05rem; color: #1a4d3e; font-weight: bold;\"><span style=\"font-family: helvetica, arial, sans-serif; font-size: 14pt;\">Autodeclara\u00e7\u00f5es<\/span><\/h3>\n<p style=\"margin: 6px 0 0 0; color: #3a3a3a; font-size: 0.95rem; line-height: 1.4;\"><span style=\"font-family: helvetica, arial, sans-serif; font-size: 14pt;\">Documentos de autodeclara\u00e7\u00e3o e identifica\u00e7\u00e3o.<\/span><\/p>\n<\/div>\n<ul style=\"list-style: none; margin: 0; padding: 10px 10px 12px 10px;\">\n<li style=\"margin: 8px 0;\"><span style=\"font-family: helvetica, arial, sans-serif; font-size: 14pt;\"><br \/>\n<a style=\"display: flex; align-items: flex-start; gap: 10px; text-decoration: none; padding: 10px 12px; border-radius: 10px; border: 1px solid rgba(26,77,62,.14); background: #fffdfb;\" href=\"https:\/\/wp.ufpel.edu.br\/educambiental\/files\/2025\/12\/Autodeclaracao-genero.docx\" target=\"_blank\" rel=\"noopener\"><br \/>\n<strong><span style=\"color: #2e7d5a; min-width: 52px;\">DOCX<\/span><\/strong><br \/>\n<span style=\"color: #1a4d3e; font-weight: 600; line-height: 1.35;\"><br \/>\nAutodeclara\u00e7\u00e3o \u2013 g\u00eanero<br \/>\n<span style=\"display: block; color: #4a4a4a; font-weight: 400; margin-top: 2px;\">Download em .docx<\/span><br \/>\n<\/span><br \/>\n<\/a><br \/>\n<\/span><\/li>\n<li style=\"margin: 8px 0;\"><span style=\"font-family: helvetica, arial, sans-serif; font-size: 14pt;\"><br \/>\n<a style=\"display: flex; align-items: flex-start; gap: 10px; text-decoration: none; padding: 10px 12px; border-radius: 10px; border: 1px solid rgba(26,77,62,.14); background: #fffdfb;\" href=\"https:\/\/wp.ufpel.edu.br\/educambiental\/files\/2025\/12\/Autodeclaracao-Deficiencia.docx\" target=\"_blank\" rel=\"noopener\"><br \/>\n<strong><span style=\"color: #2e7d5a; min-width: 52px;\">DOCX<\/span><\/strong><br \/>\n<span style=\"color: #1a4d3e; font-weight: 600; line-height: 1.35;\"><br \/>\nAutodeclara\u00e7\u00e3o \u2013 Defici\u00eancia<br \/>\n<span style=\"display: block; color: #4a4a4a; font-weight: 400; margin-top: 2px;\">Download em .docx<\/span><br \/>\n<\/span><br \/>\n<\/a><br \/>\n<\/span><\/li>\n<li style=\"margin: 8px 0;\"><span style=\"font-family: helvetica, arial, sans-serif; font-size: 14pt;\"><br \/>\n<a style=\"display: flex; align-items: flex-start; gap: 10px; text-decoration: none; padding: 10px 12px; border-radius: 10px; border: 1px solid rgba(26,77,62,.14); background: #fffdfb;\" href=\"https:\/\/wp.ufpel.edu.br\/educambiental\/files\/2025\/12\/Autodeclaracao-indigenas.docx\" target=\"_blank\" rel=\"noopener\"><br \/>\n<strong><span style=\"color: #2e7d5a; min-width: 52px;\">DOCX<\/span><\/strong><br \/>\n<span style=\"color: #1a4d3e; font-weight: 600; line-height: 1.35;\"><br \/>\nAutodeclara\u00e7\u00e3o \u2013 ind\u00edgenas<br \/>\n<span style=\"display: block; color: #4a4a4a; font-weight: 400; margin-top: 2px;\">Download em .docx<\/span><br \/>\n<\/span><br \/>\n<\/a><br \/>\n<\/span><\/li>\n<li style=\"margin: 8px 0;\"><span style=\"font-family: helvetica, arial, sans-serif; font-size: 14pt;\"><br \/>\n<a style=\"display: flex; align-items: flex-start; gap: 10px; text-decoration: none; padding: 10px 12px; border-radius: 10px; border: 1px solid rgba(26,77,62,.14); background: #fffdfb;\" href=\"https:\/\/wp.ufpel.edu.br\/educambiental\/files\/2025\/12\/Declaracao-pertencimento-Indigena.docx\" target=\"_blank\" rel=\"noopener\"><br \/>\n<strong><span style=\"color: #2e7d5a; min-width: 52px;\">DOCX<\/span><\/strong><br \/>\n<span style=\"color: #1a4d3e; font-weight: 600; line-height: 1.35;\"><br \/>\nDeclara\u00e7\u00e3o \u2013 pertencimento ind\u00edgena<br \/>\n<span style=\"display: block; color: #4a4a4a; font-weight: 400; margin-top: 2px;\">Download em .docx<\/span><br \/>\n<\/span><br \/>\n<\/a><br \/>\n<\/span><\/li>\n<li style=\"margin: 8px 0;\"><span style=\"font-family: helvetica, arial, sans-serif; font-size: 14pt;\"><br \/>\n<a style=\"display: flex; align-items: flex-start; gap: 10px; text-decoration: none; padding: 10px 12px; border-radius: 10px; border: 1px solid rgba(26,77,62,.14); background: #fffdfb;\" href=\"https:\/\/wp.ufpel.edu.br\/educambiental\/files\/2025\/12\/Autodeclaracao-quilombolas.docx\" target=\"_blank\" rel=\"noopener\"><br \/>\n<strong><span style=\"color: #2e7d5a; min-width: 52px;\">DOCX<\/span><\/strong><br \/>\n<span style=\"color: #1a4d3e; font-weight: 600; line-height: 1.35;\"><br \/>\nAutodeclara\u00e7\u00e3o \u2013 quilombolas<br \/>\n<span style=\"display: block; color: #4a4a4a; font-weight: 400; margin-top: 2px;\">Download em .docx<\/span><br \/>\n<\/span><br \/>\n<\/a><br \/>\n<\/span><\/li>\n<li style=\"margin: 8px 0;\"><span style=\"font-family: helvetica, arial, sans-serif; font-size: 14pt;\"><br \/>\n<a style=\"display: flex; align-items: flex-start; gap: 10px; text-decoration: none; padding: 10px 12px; border-radius: 10px; border: 1px solid rgba(26,77,62,.14); background: #fffdfb;\" href=\"https:\/\/wp.ufpel.edu.br\/educambiental\/files\/2025\/12\/Declaracao-pertencimento-etnico-e-de-residencia-quilombola.docx\" target=\"_blank\" rel=\"noopener\"><br \/>\n<strong><span style=\"color: #2e7d5a; min-width: 52px; font-size: 14pt;\">DOCX<\/span><\/strong><br \/>\n<span style=\"color: #1a4d3e; font-weight: 600; line-height: 1.35;\"><br \/>\nDeclara\u00e7\u00e3o \u2013 pertencimento \u00e9tnico e resid\u00eancia quilombola<br \/>\n<span style=\"display: block; color: #4a4a4a; font-weight: 400; margin-top: 2px;\">Download em .docx<\/span><br \/>\n<\/span><br \/>\n<\/a><br \/>\n<\/span><\/li>\n<\/ul>\n<\/div>\n<p><!-- Grupo: Modelos e Planilhas --><\/p>\n<div style=\"background: #ffffff; border-radius: 12px; border: 1px solid rgba(26,77,62,.18); box-shadow: 0 6px 18px rgba(26,77,62,.08); overflow: hidden;\">\n<div style=\"padding: 14px 16px; background: linear-gradient(135deg, #f6f0ff 0%, #ffffff 100%); border-bottom: 1px solid rgba(26,77,62,.12);\">\n<h3 style=\"margin: 0; font-size: 1.05rem; color: #1a4d3e; font-weight: bold;\"><span style=\"font-family: helvetica, arial, sans-serif; font-size: 14pt;\">Modelos e planilhas<\/span><\/h3>\n<p style=\"margin: 6px 0 0 0; color: #3a3a3a; font-size: 0.95rem; line-height: 1.4;\"><span style=\"font-family: helvetica, arial, sans-serif; font-size: 14pt;\">Arquivos de apoio e modelos para avalia\u00e7\u00e3o.<\/span><\/p>\n<\/div>\n<ul style=\"list-style: none; margin: 0; padding: 10px 10px 12px 10px;\">\n<li style=\"margin: 8px 0;\"><span style=\"font-family: helvetica, arial, sans-serif; font-size: 14pt;\"><br \/>\n<a style=\"display: flex; align-items: flex-start; gap: 10px; text-decoration: none; padding: 10px 12px; border-radius: 10px; border: 1px solid rgba(26,77,62,.14); background: #fcfbff;\" href=\"https:\/\/wp.ufpel.edu.br\/educambiental\/files\/2025\/12\/PLANILHA-DE-AVALIACAO-DE-CURRICULO-MODELO-2025.xlsx\" target=\"_blank\" rel=\"noopener\"><br \/>\n<span style=\"font-weight: 800; color: #2e7d5a; min-width: 52px;\">XLSX<\/span><br \/>\n<span style=\"color: #1a4d3e; font-weight: 600; line-height: 1.35;\"><br \/>\nPlanilha de Avalia\u00e7\u00e3o de Curr\u00edculo \u2013 Modelo 2025<br \/>\n<span style=\"display: block; color: #4a4a4a; font-weight: 400; margin-top: 2px;\">Abrir em .xlsx<\/span><br \/>\n<\/span><br \/>\n<\/a><br \/>\n<\/span><\/li>\n<\/ul>\n<\/div>\n<\/div>\n<p><!-- Rodap\u00e9 \/ Observa\u00e7\u00e3o --><\/p>\n<div style=\"margin-top: 14px; padding: 12px 14px; border-radius: 12px; background: #fafafa; border: 1px dashed rgba(26,77,62,.25); color: #2b2b2b; font-size: 0.95rem; line-height: 1.45;\"><span style=\"font-family: helvetica, arial, sans-serif; font-size: 14pt;\"><strong style=\"color: #1a4d3e;\">Observa\u00e7\u00e3o:<\/strong><\/span><br \/>\n<span style=\"font-family: helvetica, arial, sans-serif; font-size: 14pt;\">Outros documentos e\/ou formul\u00e1rios poder\u00e3o ser solicitados pela UAB, devendo o candidato envi\u00e1-los juntamente com a ficha de cadastramento.<\/span><\/div>\n<\/section>\n","protected":false},"excerpt":{"rendered":"<p>Documentos e Formul\u00e1rios Acesse os documentos organizados por categoria. Clique para abrir em nova aba. Formul\u00e1rios acad\u00eamicos Solicita\u00e7\u00f5es e procedimentos acad\u00eamicos. DOC Formul\u00e1rio de Aproveitamento de Cr\u00e9ditos Download em .doc DOC Formul\u00e1rio de Cancelamento de Matr\u00edcula Download em .doc DOC Formul\u00e1rio de Trancamento de Matr\u00edcula Download em .doc Documentos institucionais Regulamentos e documentos do curso&#8230;. <\/p>\n<div class=\"link-more\"><a href=\"https:\/\/wp.ufpel.edu.br\/educambiental\/documentos\/\">Leia mais<\/a><\/div>\n","protected":false},"author":426,"featured_media":0,"parent":0,"menu_order":0,"comment_status":"closed","ping_status":"closed","template":"","meta":{"footnotes":""},"class_list":["post-550","page","type-page","status-publish","hentry"],"_links":{"self":[{"href":"https:\/\/wp.ufpel.edu.br\/educambiental\/wp-json\/wp\/v2\/pages\/550","targetHints":{"allow":["GET"]}}],"collection":[{"href":"https:\/\/wp.ufpel.edu.br\/educambiental\/wp-json\/wp\/v2\/pages"}],"about":[{"href":"https:\/\/wp.ufpel.edu.br\/educambiental\/wp-json\/wp\/v2\/types\/page"}],"author":[{"embeddable":true,"href":"https:\/\/wp.ufpel.edu.br\/educambiental\/wp-json\/wp\/v2\/users\/426"}],"replies":[{"embeddable":true,"href":"https:\/\/wp.ufpel.edu.br\/educambiental\/wp-json\/wp\/v2\/comments?post=550"}],"version-history":[{"count":3,"href":"https:\/\/wp.ufpel.edu.br\/educambiental\/wp-json\/wp\/v2\/pages\/550\/revisions"}],"predecessor-version":[{"id":659,"href":"https:\/\/wp.ufpel.edu.br\/educambiental\/wp-json\/wp\/v2\/pages\/550\/revisions\/659"}],"wp:attachment":[{"href":"https:\/\/wp.ufpel.edu.br\/educambiental\/wp-json\/wp\/v2\/media?parent=550"}],"curies":[{"name":"wp","href":"https:\/\/api.w.org\/{rel}","templated":true}]}}