{"id":323,"date":"2017-05-25T09:55:26","date_gmt":"2017-05-25T12:55:26","guid":{"rendered":"https:\/\/wp.ufpel.edu.br\/educambiental\/?page_id=323"},"modified":"2025-10-31T18:07:20","modified_gmt":"2025-10-31T21:07:20","slug":"processo-seletivo-2","status":"publish","type":"page","link":"https:\/\/wp.ufpel.edu.br\/educambiental\/","title":{"rendered":"Cronograma do curso"},"content":{"rendered":"<div style=\"font-family: 'Segoe UI', Tahoma, Geneva, Verdana, sans-serif; color: #2c3e50;\">\n<section style=\"font-family: 'Archivo', Arial, sans-serif; color: #1a1a1a; line-height: 1.6; max-width: 950px; margin: 0 auto; border: 1px solid #e6efe0; border-radius: 10px; overflow: hidden; box-shadow: 0 6px 18px rgba(74,124,35,.08);\"><!-- Cabe\u00e7alho --><\/p>\n<div style=\"padding: 22px;\">\n<section style=\"font-family: Arial, sans-serif; color: #1b1b1b; line-height: 1.6; max-width: 950px; margin: 0 auto; padding: 10px 8px;\">\n<p style=\"font-size: 14px; color: #2a5520;\">\n<\/section>\n<\/div>\n<\/section>\n<h2><\/h2>\n<h2><\/h2>\n<h2 style=\"text-align: center; font-size: 24pt; margin-bottom: 20px; color: #145a32;\"><strong>Cronograma do Curso &#8211; Turma 2024 &#8211; 2026<\/strong><\/h2>\n<table style=\"border-collapse: collapse; width: 100%; font-size: 14pt; box-shadow: 0 4px 10px rgba(0,0,0,0.1);\">\n<thead>\n<tr style=\"background-color: #27ae60; color: white; text-align: center; height: 55px;\">\n<th style=\"padding: 10px;\">M\u00f3dulos e Disciplinas<\/th>\n<th style=\"padding: 10px;\">Previs\u00e3o de in\u00edcio*<\/th>\n<th style=\"padding: 10px;\">Previs\u00e3o de t\u00e9rmino*<\/th>\n<\/tr>\n<\/thead>\n<tbody>\n<tr style=\"background-color: #ecf9f1;\">\n<td style=\"padding: 15px; text-align: left;\"><strong>M\u00f3dulo I<\/strong><\/p>\n<ul style=\"margin: 8px 0 0 20px; padding: 0;\">\n<li>Educa\u00e7\u00e3o \u00e0 dist\u00e2ncia e ambiente virtual de aprendizagem<\/li>\n<li>Panorama da educa\u00e7\u00e3o ambiental no Brasil<\/li>\n<li>Educa\u00e7\u00e3o ambiental, sujeitos e identidades<\/li>\n<\/ul>\n<\/td>\n<td style=\"text-align: center;\">Agosto de 2024<\/td>\n<td style=\"text-align: center;\">23 de mar\u00e7o de 2025<\/td>\n<\/tr>\n<tr>\n<td style=\"padding: 15px; text-align: left;\"><strong>M\u00f3dulo II<\/strong><\/p>\n<ul style=\"margin: 8px 0 0 20px; padding: 0;\">\n<li>Temas Geradores I: desafios ambientais globais<\/li>\n<li>Temas Geradores II: desafios ambientais brasileiros<\/li>\n<li>Instrumenta\u00e7\u00e3o para a educa\u00e7\u00e3o ambiental e a pr\u00e1tica interdisciplinar I<\/li>\n<\/ul>\n<\/td>\n<td style=\"text-align: center;\">22 de abril de 2025<\/td>\n<td style=\"text-align: center;\">04 de setembro de 2025<\/td>\n<\/tr>\n<tr style=\"background-color: #ecf9f1;\">\n<td style=\"padding: 15px; text-align: left;\"><strong>M\u00f3dulo III<\/strong><\/p>\n<ul style=\"margin: 8px 0 0 20px; padding: 0;\">\n<li>Instrumenta\u00e7\u00e3o para a educa\u00e7\u00e3o ambiental e a pr\u00e1tica interdisciplinar II<\/li>\n<li>Escolas e sociedades<\/li>\n<\/ul>\n<\/td>\n<td style=\"text-align: center;\">08 de setembro de 2025<\/td>\n<td style=\"text-align: center;\">20 de dezembro de 2025<\/td>\n<\/tr>\n<tr>\n<td style=\"padding: 15px; text-align: left;\"><strong>M\u00f3dulo IV<\/strong><\/p>\n<ul style=\"margin: 8px 0 0 20px; padding: 0;\">\n<li>Projetos de pesquisa\/interven\u00e7\u00e3o e semin\u00e1rios tem\u00e1ticos<\/li>\n<li>Relat\u00f3rio do trabalho de conclus\u00e3o de curso (TCC)<\/li>\n<\/ul>\n<\/td>\n<td style=\"text-align: center;\">Fevereiro\/Mar\u00e7o de 2026<\/td>\n<td style=\"text-align: center;\">Agosto de 2026<\/td>\n<\/tr>\n<\/tbody>\n<\/table>\n<p style=\"margin-top: 20px; font-size: 11pt; color: #555; text-align: justify;\">* Importante ressaltar que as datas <strong>dependem da defini\u00e7\u00e3o do calend\u00e1rio acad\u00eamico da UFPel<\/strong><br \/>\ne sua aprova\u00e7\u00e3o pelo COCEPE. Podem variar conforme a din\u00e2mica acad\u00eamica.<\/p>\n<div style=\"text-align: center; margin-top: 25px;\"><a href=\"https:\/\/wp.ufpel.edu.br\/educambiental\/files\/2023\/10\/cropped-cropped-marca2.png\"><br \/>\n<img decoding=\"async\" style=\"width: 180px; height: auto; border-radius: 50%; box-shadow: 0 3px 6px rgba(0,0,0,0.2);\" src=\"https:\/\/wp.ufpel.edu.br\/educambiental\/files\/2023\/10\/cropped-cropped-marca2-318x318.png\" alt=\"Logo Educa\u00e7\u00e3o Ambiental UFPel\" \/><br \/>\n<\/a><\/div>\n<\/div>\n","protected":false},"excerpt":{"rendered":"<p>Cronograma do Curso &#8211; Turma 2024 &#8211; 2026 M\u00f3dulos e Disciplinas Previs\u00e3o de in\u00edcio* Previs\u00e3o de t\u00e9rmino* M\u00f3dulo I Educa\u00e7\u00e3o \u00e0 dist\u00e2ncia e ambiente virtual de aprendizagem Panorama da educa\u00e7\u00e3o ambiental no Brasil Educa\u00e7\u00e3o ambiental, sujeitos e identidades Agosto de 2024 23 de mar\u00e7o de 2025 M\u00f3dulo II Temas Geradores I: desafios ambientais globais Temas&#8230; <\/p>\n<div class=\"link-more\"><a href=\"https:\/\/wp.ufpel.edu.br\/educambiental\/\">Leia mais<\/a><\/div>\n","protected":false},"author":426,"featured_media":0,"parent":0,"menu_order":0,"comment_status":"closed","ping_status":"closed","template":"","meta":{"footnotes":""},"class_list":["post-323","page","type-page","status-publish","hentry"],"_links":{"self":[{"href":"https:\/\/wp.ufpel.edu.br\/educambiental\/wp-json\/wp\/v2\/pages\/323","targetHints":{"allow":["GET"]}}],"collection":[{"href":"https:\/\/wp.ufpel.edu.br\/educambiental\/wp-json\/wp\/v2\/pages"}],"about":[{"href":"https:\/\/wp.ufpel.edu.br\/educambiental\/wp-json\/wp\/v2\/types\/page"}],"author":[{"embeddable":true,"href":"https:\/\/wp.ufpel.edu.br\/educambiental\/wp-json\/wp\/v2\/users\/426"}],"replies":[{"embeddable":true,"href":"https:\/\/wp.ufpel.edu.br\/educambiental\/wp-json\/wp\/v2\/comments?post=323"}],"version-history":[{"count":4,"href":"https:\/\/wp.ufpel.edu.br\/educambiental\/wp-json\/wp\/v2\/pages\/323\/revisions"}],"predecessor-version":[{"id":628,"href":"https:\/\/wp.ufpel.edu.br\/educambiental\/wp-json\/wp\/v2\/pages\/323\/revisions\/628"}],"wp:attachment":[{"href":"https:\/\/wp.ufpel.edu.br\/educambiental\/wp-json\/wp\/v2\/media?parent=323"}],"curies":[{"name":"wp","href":"https:\/\/api.w.org\/{rel}","templated":true}]}}