{"id":202,"date":"2015-11-30T15:12:45","date_gmt":"2015-11-30T17:12:45","guid":{"rendered":"https:\/\/wp.ufpel.edu.br\/educambiental\/?page_id=202"},"modified":"2026-03-04T16:32:36","modified_gmt":"2026-03-04T19:32:36","slug":"editais","status":"publish","type":"page","link":"https:\/\/wp.ufpel.edu.br\/educambiental\/editais\/","title":{"rendered":"Editais"},"content":{"rendered":"<h3 style=\"margin-bottom: 0.5em;\"><a style=\"font-size: 18pt; text-decoration: none; color: #1a4d3e;\" href=\"https:\/\/wp.ufpel.edu.br\/ib\/2025\/12\/16\/edital-01-2025-professor-formador-curso-de-especializacao-em-educacao-ambiental-com-enfase-em-espacos-educadores-sustentaveis-eaess\/\">Edital 01\/2025 \u2013 Professor Formador<\/a><\/h3>\n<h3><a href=\"https:\/\/wp.ufpel.edu.br\/educambiental\/files\/2026\/03\/SEI_3698900_GR_UAB_Edital___Resultado_Final.pdf\">Resultado Final<\/a><\/h3>\n<h3><\/h3>\n<h3><\/h3>\n<p>&nbsp;<\/p>\n<h3><\/h3>\n<h3 style=\"margin-bottom: 0.5em;\"><a style=\"font-size: 18pt; text-decoration: none; color: #1a4d3e;\" href=\"https:\/\/wp.ufpel.edu.br\/ib\/2025\/12\/16\/edital-01-2025-professor-formador-curso-de-especializacao-em-educacao-ambiental-com-enfase-em-espacos-educadores-sustentaveis-eaess\/\">Edital 01\/2025 \u2013 Professor Formador<\/a><\/h3>\n<h3><span style=\"font-size: 14pt;\"><a href=\"https:\/\/wp.ufpel.edu.br\/educambiental\/files\/2026\/02\/SEI_3650554_Ata___Homologacao_de_Inscricoes-APOS-ANALISE-RECURSAL-1.pdf\">Homologa\u00e7\u00e3o das inscri\u00e7\u00f5es ap\u00f3s recursos<\/a><\/span><\/h3>\n<h3><\/h3>\n<hr style=\"margin: 24px 0;\" \/>\n<h3><\/h3>\n<h3 style=\"margin-bottom: 0.5em;\"><a style=\"font-size: 18pt; text-decoration: none; color: #1a4d3e;\" href=\"https:\/\/wp.ufpel.edu.br\/ib\/2025\/12\/16\/edital-01-2025-professor-formador-curso-de-especializacao-em-educacao-ambiental-com-enfase-em-espacos-educadores-sustentaveis-eaess\/\">Edital 01\/2025 \u2013 Professor Formador<\/a><\/h3>\n<p><a href=\"https:\/\/wp.ufpel.edu.br\/educambiental\/files\/2026\/02\/SEI_3633180_Ata___Homologacao_de_Inscricoes.pdf\">Inscri\u00e7\u00f5es homologadas<\/a><\/p>\n<h3 style=\"margin-bottom: 0.5em;\"><a style=\"font-size: 18pt; text-decoration: none; color: #1a4d3e;\" href=\"https:\/\/wp.ufpel.edu.br\/ib\/2025\/12\/16\/edital-01-2025-professor-formador-curso-de-especializacao-em-educacao-ambiental-com-enfase-em-espacos-educadores-sustentaveis-eaess\/\"><br \/>\nEdital 01\/2025 \u2013 Professor Formador<\/a><\/h3>\n<p>Curso de Especializa\u00e7\u00e3o em Educa\u00e7\u00e3o Ambiental com \u00eanfase em Espa\u00e7os Educadores Sustent\u00e1veis (EAESS)<\/p>\n<p style=\"margin-top: 0.3em; color: #555; font-size: 0.95em;\"><time datetime=\"2025-12-16T19:51:24-03:00\">23 de dezembro de 2025<\/time><\/p>\n<article style=\"line-height: 1.6; font-size: 1em; color: #333;\">A Coordena\u00e7\u00e3o Institucional da Universidade Aberta do Brasil da Universidade Federal de Pelotas (UAB\/UFPel) torna p\u00fablica a abertura das inscri\u00e7\u00f5es para a sele\u00e7\u00e3o de bolsistas UAB\/CAPES para a fun\u00e7\u00e3o de <strong>Professor(a) Formador(a)<\/strong>, junto ao<br \/>\n<strong>Curso de Especializa\u00e7\u00e3o em Educa\u00e7\u00e3o Ambiental com \u00eanfase em Espa\u00e7os Educadores Sustent\u00e1veis (EAESS)<\/strong>.Os(as) bolsistas selecionados(as) atuar\u00e3o no apoio ao curso, conforme o regramento estabelecido pela Portaria CAPES n\u00ba 309, de 27 de setembro de 2024; Portaria CAPES n\u00ba 33, de 16 de fevereiro de 2023; Instru\u00e7\u00e3o Normativa CAPES n\u00ba 1, de 01 de outubro de 2024, e demais regulamenta\u00e7\u00f5es aplic\u00e1veis.\u00a0O\u00a0<a href=\"https:\/\/docs.ufpel.edu.br\/index.php\/s\/fuRiStLA3TBawR5\" target=\"_blank\" rel=\"noopener noreferrer\">Edital 01\/2025\u00a0<\/a>tem como objetivo a sele\u00e7\u00e3o de docentes para atuar na orienta\u00e7\u00e3o dos Trabalhos de Conclus\u00e3o de Curso (TCC), com in\u00edcio previsto para o semestre <strong>2026\/1<\/strong>.<\/article>\n<h4><strong><span style=\"color: #ff0000;\">Inscri\u00e7\u00f5es neste <a style=\"color: #ff0000;\" href=\"https:\/\/forms.gle\/14784x6g6j3zeKFP8\">link<\/a><\/span><\/strong><\/h4>\n<h2><\/h2>\n<h2>Alunos:<\/h2>\n<p>23 de agosto de 2024 &#8211; <a href=\"https:\/\/wp.ufpel.edu.br\/educambiental\/files\/2024\/08\/DIVULGACAO-DOS-RESULTADOS-.pdf\">DIVULGA\u00c7\u00c3O DOS RESULTADOS AP\u00d3S RECURSOS<\/a><\/p>\n<p>16 de agosto de 2024 &#8211; <a href=\"https:\/\/wp.ufpel.edu.br\/educambiental\/files\/2024\/08\/SEI_UFPel-2709530-Ata-Homologacao-de-Inscricoes_Assinada_APN_RTF_LBC.pdf\">Ata &#8211; Homologa\u00e7\u00e3o de Inscri\u00e7\u00f5es<\/a><\/p>\n<p>24 de junho de 2024 &#8211; <a href=\"https:\/\/wp.ufpel.edu.br\/educambiental\/files\/2024\/06\/Edital-2024.pdf\">Edital de alunos &#8211; 2024<\/a><br \/>\n23 de julho de 2024 &#8211; <a href=\"https:\/\/wp.ufpel.edu.br\/educambiental\/files\/2024\/07\/SEI_UFPel-2675557-Edital-de-Retificacao-ALUNOS-PRPPG-22-2024-1.pdf\">Prorroga\u00e7\u00e3o das inscri\u00e7\u00f5es<\/a><\/p>\n<p>&nbsp;<\/p>\n<h2>Professor Formador:<\/h2>\n<p><a href=\"https:\/\/wp.ufpel.edu.br\/educambiental\/files\/2024\/08\/SEI_UFPel-2694790-Ata-de-Reuniao-RESULTADO-FINAL-PROF-FORMADOR-2024.pdf\">RESULTADO FINAL PROFESSOR FORMADOR 2024<\/a><\/p>\n<p><a href=\"https:\/\/wp.ufpel.edu.br\/educambiental\/files\/2024\/08\/FORMADORHOMOLOGADOS.pdf\">Candidatos homologados para professor formador<\/a><br \/>\n<a href=\"https:\/\/wp.ufpel.edu.br\/educambiental\/files\/2024\/06\/SEI_UFPel-2647424-Edital-EDITAL-N-02_2024-EAEES-_PROFESSOR-FORMADOR.pdf\" target=\"_blank\" rel=\"noopener\">Edital para professor formador<\/a><br \/>\n<a href=\"https:\/\/drive.google.com\/file\/d\/1tXmDcafS_8LcOcDur0xn0oKwHwa8nyj-\/view\">Retifica\u00e7\u00e3o do edital para professor formador<\/a><br \/>\n<a href=\"https:\/\/docs.google.com\/forms\/d\/13Qc4iRkK242fdYDzx3PiIB03mn7S-gJyiNV89xPvDo0\/edit\">Ficha de inscri\u00e7\u00e3o<\/a><br \/>\n<a href=\"https:\/\/wp.ufpel.edu.br\/educambiental\/files\/2024\/06\/Tabela-de-pontuacao-de-curriculo-PPGEAEES-1.xls\">Tabela de pontua\u00e7\u00e3o de curr\u00edculo<\/a><\/p>\n<h2>Tutor:<\/h2>\n<p><a href=\"https:\/\/wp.ufpel.edu.br\/educambiental\/files\/2024\/08\/RESULTADO-FINAL-Edital-03-2024-EAEES-Selecao-de-Tutor-a-Distancia-Curso-EAEES_-Assinado-APN_RTF_RS.pdf\">RESULTADO FINAL &#8211; Sele\u00e7\u00e3o de Tutor a Dist\u00e2ncia Curso EAEES_ Assinado APN_RTF_RS<\/a><\/p>\n<p><a href=\"https:\/\/wp.ufpel.edu.br\/educambiental\/files\/2024\/08\/TUTORHOMOLOGADOS.pdf\">Candidatos homologados para tutor \u00e0 dist\u00e2ncia<\/a><br \/>\n<a href=\"https:\/\/wp.ufpel.edu.br\/educambiental\/files\/2024\/06\/Edital_03-2024-Selecao_de_Tutor_a_Distancia_Curso_EAEES_assinado-1.pdf\">Edital para tutor \u00e0 dist\u00e2ncia<\/a><br \/>\n<a href=\"https:\/\/wp.ufpel.edu.br\/educambiental\/files\/2024\/07\/SEI_UFPel-2647377-EditalEDITAL-N-03_2024-EAEES_2-1.pdf\">Edital Retificado<\/a><br \/>\n<a href=\"https:\/\/docs.google.com\/forms\/d\/1XORUBI5_Po0hMcg9CvvruSJWK0tF7vyf6WI5DxShfxo\/edit\">Ficha de inscri\u00e7\u00e3o<\/a><br \/>\n<a href=\"https:\/\/wp.ufpel.edu.br\/educambiental\/files\/2024\/06\/Tabela-de-pontuacao-de-curriculo-PPGEAEES-1.xls\">Tabela de pontua\u00e7\u00e3o de curr\u00edculo<\/a><\/p>\n<p>&nbsp;<\/p>\n<h2>Antigos:<\/h2>\n<p>27 de dezembro de 2023 &#8211; <a href=\"https:\/\/wp.ufpel.edu.br\/educambiental\/files\/2023\/12\/EDITAL_01_2024_Coordenador_Curso_EAEES.pdf\">Edital para coordena\u00e7\u00e3o do curso<\/a><\/p>\n<p>08 de fevereiro de 2024 &#8211; <a href=\"https:\/\/wp.ufpel.edu.br\/educambiental\/files\/2024\/02\/HOMOLOGACAO_DO_PROCESSO_SELETIVO_SIMPLIFICADO_PARA_A_FUNCAO_DE_COORDENADOR_DE_CURSO_I_PARA_ATUAR_NO_.pdf\">Homologa\u00e7\u00e3o das inscri\u00e7\u00f5es para coordenador<\/a><br \/>\nComposi\u00e7\u00e3o da banca &#8211; <a href=\"https:\/\/wp.ufpel.edu.br\/educambiental\/files\/2024\/02\/SEI_UFPel-2514827-Portaria-Interna17.pdf\">Portaria<\/a><br \/>\nRecursos \u00e0 homologa\u00e7\u00e3o 06\/02\/2024 a 07\/02\/2024 &#8211; <strong>n\u00e3o houve interposi\u00e7\u00e3o de recursos<\/strong><br \/>\nResultado dos recursos \u00e0 homologa\u00e7\u00e3o 08\/02\/2024 &#8211;<strong> n\u00e3o houve interposi\u00e7\u00e3o de recursos<\/strong><br \/>\nResultado parcial 09\/02\/2024 &#8211; <a href=\"https:\/\/wp.ufpel.edu.br\/educambiental\/files\/2024\/02\/HOMOLOGACAO_DO_RESULTADO_PARCIAL_PROCESSO_SELETIVO_SIMPLIFICADO_PARA_A_FUNCAO_DE_COORDENADOR_DE_CURS.pdf\">Homologa\u00e7\u00e3o do resultado parcial<\/a><br \/>\nRecursos ao resultado parcial 10\/02\/2024 e 11\/02\/2024 &#8211; &#8211;<strong> n\u00e3o houve interposi\u00e7\u00e3o de recursos<\/strong><br \/>\nResultado final a partir de 12\/02\/2024 &#8211; <a href=\"https:\/\/wp.ufpel.edu.br\/educambiental\/files\/2024\/02\/HOMOLOGACAO_DO_RESULTADO_FINAL_PROCESSO_SELETIVO_SIMPLIFICADO_PARA_A_FUNCAO_DE_COORDENADOR_DE_CURSO_.pdf\">Homologa\u00e7\u00e3o do resultado final<\/a><\/p>\n<p>&nbsp;<\/p>\n","protected":false},"excerpt":{"rendered":"<p>Edital 01\/2025 \u2013 Professor Formador Resultado Final &nbsp; Edital 01\/2025 \u2013 Professor Formador Homologa\u00e7\u00e3o das inscri\u00e7\u00f5es ap\u00f3s recursos Edital 01\/2025 \u2013 Professor Formador Inscri\u00e7\u00f5es homologadas Edital 01\/2025 \u2013 Professor Formador Curso de Especializa\u00e7\u00e3o em Educa\u00e7\u00e3o Ambiental com \u00eanfase em Espa\u00e7os Educadores Sustent\u00e1veis (EAESS) 23 de dezembro de 2025 A Coordena\u00e7\u00e3o Institucional da Universidade Aberta do&#8230; <\/p>\n<div class=\"link-more\"><a href=\"https:\/\/wp.ufpel.edu.br\/educambiental\/editais\/\">Leia mais<\/a><\/div>\n","protected":false},"author":426,"featured_media":0,"parent":0,"menu_order":5,"comment_status":"closed","ping_status":"closed","template":"","meta":{"footnotes":""},"class_list":["post-202","page","type-page","status-publish","hentry"],"_links":{"self":[{"href":"https:\/\/wp.ufpel.edu.br\/educambiental\/wp-json\/wp\/v2\/pages\/202","targetHints":{"allow":["GET"]}}],"collection":[{"href":"https:\/\/wp.ufpel.edu.br\/educambiental\/wp-json\/wp\/v2\/pages"}],"about":[{"href":"https:\/\/wp.ufpel.edu.br\/educambiental\/wp-json\/wp\/v2\/types\/page"}],"author":[{"embeddable":true,"href":"https:\/\/wp.ufpel.edu.br\/educambiental\/wp-json\/wp\/v2\/users\/426"}],"replies":[{"embeddable":true,"href":"https:\/\/wp.ufpel.edu.br\/educambiental\/wp-json\/wp\/v2\/comments?post=202"}],"version-history":[{"count":4,"href":"https:\/\/wp.ufpel.edu.br\/educambiental\/wp-json\/wp\/v2\/pages\/202\/revisions"}],"predecessor-version":[{"id":813,"href":"https:\/\/wp.ufpel.edu.br\/educambiental\/wp-json\/wp\/v2\/pages\/202\/revisions\/813"}],"wp:attachment":[{"href":"https:\/\/wp.ufpel.edu.br\/educambiental\/wp-json\/wp\/v2\/media?parent=202"}],"curies":[{"name":"wp","href":"https:\/\/api.w.org\/{rel}","templated":true}]}}