{"id":57,"date":"2026-01-10T18:16:39","date_gmt":"2026-01-10T21:16:39","guid":{"rendered":"https:\/\/wp.ufpel.edu.br\/educacaoespecial\/?page_id=57"},"modified":"2026-01-13T17:23:07","modified_gmt":"2026-01-13T20:23:07","slug":"contato","status":"publish","type":"page","link":"https:\/\/wp.ufpel.edu.br\/educacaoespecial\/contato\/","title":{"rendered":"Contato"},"content":{"rendered":"<p><strong>Curso de Educa\u00e7\u00e3o Especial Inclusiva &#8211; Licenciatura<img class=\"aligncenter wp-image-46 size-medium\" src=\"https:\/\/wp.ufpel.edu.br\/educacaoespecial\/files\/2026\/01\/MARCA-CEEI-UFPEL-01-150-400x325.png\" alt=\"Marca colorida do Curso de Educa\u00e7\u00e3o Especial Inclusiva da UFPel\" width=\"400\" height=\"325\" srcset=\"https:\/\/wp.ufpel.edu.br\/educacaoespecial\/files\/2026\/01\/MARCA-CEEI-UFPEL-01-150-400x325.png 400w, https:\/\/wp.ufpel.edu.br\/educacaoespecial\/files\/2026\/01\/MARCA-CEEI-UFPEL-01-150.png 652w\" sizes=\"(max-width: 400px) 100vw, 400px\" \/><\/strong><\/p>\n<p>Coordenador(a):<\/p>\n<p>Secret\u00e1rio(a):<\/p>\n<p>&nbsp;<\/p>\n<p>Telefone:<\/p>\n<p>e-mail:<\/p>\n<p>Localiza\u00e7\u00e3o: sala<\/p>\n<p>site:\u00a0<a href=\"http:\/\/wp.ufpel.edu.br\/educacaoespecial\" target=\"_blank\" rel=\"noopener\">wp.ufpel.edu.br\/educacaoespecial<\/a><\/p>\n<p>&nbsp;<\/p>\n<p>Hor\u00e1rio de Atendimento ao P\u00fablico:<\/p>\n","protected":false},"excerpt":{"rendered":"<p>Curso de Educa\u00e7\u00e3o Especial Inclusiva &#8211; Licenciatura Coordenador(a): Secret\u00e1rio(a): &nbsp; Telefone: e-mail: Localiza\u00e7\u00e3o: sala site:\u00a0wp.ufpel.edu.br\/educacaoespecial &nbsp; Hor\u00e1rio de Atendimento ao P\u00fablico:<\/p>\n","protected":false},"author":1474,"featured_media":0,"parent":0,"menu_order":2,"comment_status":"closed","ping_status":"closed","template":"","meta":{"footnotes":""},"class_list":["post-57","page","type-page","status-publish","hentry"],"_links":{"self":[{"href":"https:\/\/wp.ufpel.edu.br\/educacaoespecial\/wp-json\/wp\/v2\/pages\/57","targetHints":{"allow":["GET"]}}],"collection":[{"href":"https:\/\/wp.ufpel.edu.br\/educacaoespecial\/wp-json\/wp\/v2\/pages"}],"about":[{"href":"https:\/\/wp.ufpel.edu.br\/educacaoespecial\/wp-json\/wp\/v2\/types\/page"}],"author":[{"embeddable":true,"href":"https:\/\/wp.ufpel.edu.br\/educacaoespecial\/wp-json\/wp\/v2\/users\/1474"}],"replies":[{"embeddable":true,"href":"https:\/\/wp.ufpel.edu.br\/educacaoespecial\/wp-json\/wp\/v2\/comments?post=57"}],"version-history":[{"count":3,"href":"https:\/\/wp.ufpel.edu.br\/educacaoespecial\/wp-json\/wp\/v2\/pages\/57\/revisions"}],"predecessor-version":[{"id":62,"href":"https:\/\/wp.ufpel.edu.br\/educacaoespecial\/wp-json\/wp\/v2\/pages\/57\/revisions\/62"}],"wp:attachment":[{"href":"https:\/\/wp.ufpel.edu.br\/educacaoespecial\/wp-json\/wp\/v2\/media?parent=57"}],"curies":[{"name":"wp","href":"https:\/\/api.w.org\/{rel}","templated":true}]}}