{"id":23,"date":"2026-01-10T16:29:57","date_gmt":"2026-01-10T19:29:57","guid":{"rendered":"https:\/\/wp.ufpel.edu.br\/educacaoespecial\/?page_id=23"},"modified":"2026-01-13T17:25:05","modified_gmt":"2026-01-13T20:25:05","slug":"sobre-o-curso","status":"publish","type":"page","link":"https:\/\/wp.ufpel.edu.br\/educacaoespecial\/sobre-o-curso\/","title":{"rendered":"Sobre o Curso"},"content":{"rendered":"<p><img class=\"aligncenter wp-image-46 size-medium\" src=\"https:\/\/wp.ufpel.edu.br\/educacaoespecial\/files\/2026\/01\/MARCA-CEEI-UFPEL-01-150-400x325.png\" alt=\"Marca colorida do Curso de Educa\u00e7\u00e3o Especial Inclusiva da UFPel\" width=\"400\" height=\"325\" srcset=\"https:\/\/wp.ufpel.edu.br\/educacaoespecial\/files\/2026\/01\/MARCA-CEEI-UFPEL-01-150-400x325.png 400w, https:\/\/wp.ufpel.edu.br\/educacaoespecial\/files\/2026\/01\/MARCA-CEEI-UFPEL-01-150.png 652w\" sizes=\"(max-width: 400px) 100vw, 400px\" \/><\/p>\n<p>&nbsp;<\/p>\n<p>Encontre informa\u00e7\u00f5es sobre o curso de Educa\u00e7\u00e3o Especial Inclusiva da UFPel no link abaixo:<\/p>\n<p><a href=\"https:\/\/institucional.ufpel.edu.br\/cursos\/cod\/8600\" target=\"_blank\" rel=\"noopener\">Sobre o curso<\/a><\/p>\n<p>&nbsp;<\/p>\n<p>Conhe\u00e7a mais sobre a marca do curso e suas vers\u00f5es no link abaixo:<\/p>\n<p><a href=\"https:\/\/wp.ufpel.edu.br\/educacaoespecial\/sobre-o-curso\/marca-do-curso\/\">Marcas do curso<\/a><\/p>\n","protected":false},"excerpt":{"rendered":"<p>&nbsp; Encontre informa\u00e7\u00f5es sobre o curso de Educa\u00e7\u00e3o Especial Inclusiva da UFPel no link abaixo: Sobre o curso &nbsp; Conhe\u00e7a mais sobre a marca do curso e suas vers\u00f5es no link abaixo: Marcas do curso<\/p>\n","protected":false},"author":1474,"featured_media":0,"parent":0,"menu_order":2,"comment_status":"closed","ping_status":"closed","template":"","meta":{"footnotes":""},"class_list":["post-23","page","type-page","status-publish","hentry"],"_links":{"self":[{"href":"https:\/\/wp.ufpel.edu.br\/educacaoespecial\/wp-json\/wp\/v2\/pages\/23","targetHints":{"allow":["GET"]}}],"collection":[{"href":"https:\/\/wp.ufpel.edu.br\/educacaoespecial\/wp-json\/wp\/v2\/pages"}],"about":[{"href":"https:\/\/wp.ufpel.edu.br\/educacaoespecial\/wp-json\/wp\/v2\/types\/page"}],"author":[{"embeddable":true,"href":"https:\/\/wp.ufpel.edu.br\/educacaoespecial\/wp-json\/wp\/v2\/users\/1474"}],"replies":[{"embeddable":true,"href":"https:\/\/wp.ufpel.edu.br\/educacaoespecial\/wp-json\/wp\/v2\/comments?post=23"}],"version-history":[{"count":3,"href":"https:\/\/wp.ufpel.edu.br\/educacaoespecial\/wp-json\/wp\/v2\/pages\/23\/revisions"}],"predecessor-version":[{"id":63,"href":"https:\/\/wp.ufpel.edu.br\/educacaoespecial\/wp-json\/wp\/v2\/pages\/23\/revisions\/63"}],"wp:attachment":[{"href":"https:\/\/wp.ufpel.edu.br\/educacaoespecial\/wp-json\/wp\/v2\/media?parent=23"}],"curies":[{"name":"wp","href":"https:\/\/api.w.org\/{rel}","templated":true}]}}