{"id":63,"date":"2017-11-20T11:07:31","date_gmt":"2017-11-20T13:07:31","guid":{"rendered":"https:\/\/wp.ufpel.edu.br\/eduardodickie\/?page_id=63"},"modified":"2017-11-20T11:07:31","modified_gmt":"2017-11-20T13:07:31","slug":"gestao-de-consultorio","status":"publish","type":"page","link":"https:\/\/wp.ufpel.edu.br\/eduardodickie\/gestao-de-consultorio\/","title":{"rendered":"Gest\u00e3o de consult\u00f3rio"},"content":{"rendered":"<p>Nesta p\u00e1gina est\u00e3o disponibilizados dois arquivos para auxiliar na estimativa do custo fixo do consult\u00f3rio dent\u00e1rio.<\/p>\n<p>O arquivo\u00a0<a href=\"https:\/\/wp.ufpel.edu.br\/eduardodickie\/files\/2017\/11\/ORIENTA\u00c7\u00d5ES_CUSTO_FIXO.pdf\">ORIENTA\u00c7\u00d5ES_CUSTO_FIXO<\/a>\u00a0apresenta as informa\u00e7\u00f5es necess\u00e1rias para utilizar a planilha que calcula os valores do custo (<a href=\"https:\/\/wp.ufpel.edu.br\/eduardodickie\/files\/2017\/11\/Estimativa_Custo_fixo.xlsx\">Estimativa_Custo_fixo<\/a>).<\/p>\n<p>A planilha \u00e9 baseada na planilha de valores referenciais de procedimentos odontol\u00f3gicos que foi substitu\u00edda pela Classifica\u00e7\u00e3o Brasileira Hierarquizada de Procedimentos Odontol\u00f3gicos &#8211; CBHPO.\u00a0 A Comiss\u00e3o Nacional de Conv\u00eanios e Credenciamentos \u2013 CNCC \u2013 apresentou \u00e0 Odontologia Nacional em 2008, a Classifica\u00e7\u00e3o Brasileira Hierarquizada de Procedimentos Odontol\u00f3gicos &#8211; CBHPO. Este trabalho foi proposto como uma nova forma de valora\u00e7\u00e3o dos procedimentos, elaborado atrav\u00e9s de estudos realizados entre as Entidades Odontol\u00f3gicas Nacionais, em conjunto com as Entidades Nacionais de Especialidades e assessorados pela Funda\u00e7\u00e3o Instituto de Pesquisas Econ\u00f4micas \u2013 FIPE, da Universidade de S\u00e3o Paulo \u2013 USP.<\/p>\n<p>A proposta deste planilha inclu\u00ed no c\u00e1lculo o tempo ocioso do consult\u00f3rio.<\/p>\n","protected":false},"excerpt":{"rendered":"<p>Nesta p\u00e1gina est\u00e3o disponibilizados dois arquivos para auxiliar na estimativa do custo fixo do consult\u00f3rio dent\u00e1rio. O arquivo\u00a0ORIENTA\u00c7\u00d5ES_CUSTO_FIXO\u00a0apresenta as informa\u00e7\u00f5es necess\u00e1rias para utilizar a planilha que calcula os valores do custo (Estimativa_Custo_fixo). A planilha \u00e9 baseada na planilha de valores referenciais de procedimentos odontol\u00f3gicos que foi substitu\u00edda pela Classifica\u00e7\u00e3o Brasileira Hierarquizada de Procedimentos Odontol\u00f3gicos &#8211; [&hellip;]<\/p>\n","protected":false},"author":628,"featured_media":0,"parent":0,"menu_order":0,"comment_status":"closed","ping_status":"closed","template":"","meta":{"jetpack_post_was_ever_published":false,"footnotes":""},"class_list":["post-63","page","type-page","status-publish","hentry"],"jetpack_sharing_enabled":true,"jetpack_shortlink":"https:\/\/wp.me\/P9q7Pv-11","jetpack_likes_enabled":true,"jetpack-related-posts":[],"_links":{"self":[{"href":"https:\/\/wp.ufpel.edu.br\/eduardodickie\/wp-json\/wp\/v2\/pages\/63","targetHints":{"allow":["GET"]}}],"collection":[{"href":"https:\/\/wp.ufpel.edu.br\/eduardodickie\/wp-json\/wp\/v2\/pages"}],"about":[{"href":"https:\/\/wp.ufpel.edu.br\/eduardodickie\/wp-json\/wp\/v2\/types\/page"}],"author":[{"embeddable":true,"href":"https:\/\/wp.ufpel.edu.br\/eduardodickie\/wp-json\/wp\/v2\/users\/628"}],"replies":[{"embeddable":true,"href":"https:\/\/wp.ufpel.edu.br\/eduardodickie\/wp-json\/wp\/v2\/comments?post=63"}],"version-history":[{"count":1,"href":"https:\/\/wp.ufpel.edu.br\/eduardodickie\/wp-json\/wp\/v2\/pages\/63\/revisions"}],"predecessor-version":[{"id":67,"href":"https:\/\/wp.ufpel.edu.br\/eduardodickie\/wp-json\/wp\/v2\/pages\/63\/revisions\/67"}],"wp:attachment":[{"href":"https:\/\/wp.ufpel.edu.br\/eduardodickie\/wp-json\/wp\/v2\/media?parent=63"}],"curies":[{"name":"wp","href":"https:\/\/api.w.org\/{rel}","templated":true}]}}