{"id":31,"date":"2016-06-14T11:13:54","date_gmt":"2016-06-14T14:13:54","guid":{"rendered":"https:\/\/wp.ufpel.edu.br\/eduardodickie\/?page_id=31"},"modified":"2016-10-27T10:54:43","modified_gmt":"2016-10-27T12:54:43","slug":"lattes","status":"publish","type":"page","link":"https:\/\/wp.ufpel.edu.br\/eduardodickie\/lattes\/","title":{"rendered":"Lattes"},"content":{"rendered":"<p>Informa\u00e7\u00f5es profissionais<\/p>\n<p>Possui gradua\u00e7\u00e3o em Odontologia pela Universidade Federal do Rio Grande do Sul (1995), mestrado em Odontologia pela Universidade Federal do Rio Grande do Sul (2001) e Doutorado pelo Programa de Epidemiologia da Universidade Federal de Pelotas. \u00c9 professor adjunto da Universidade Federal de Pelotas. Tem experi\u00eancia na \u00e1rea de Odontologia, com \u00eanfase em Sa\u00fade Bucal Coletiva (atuando principalmente nos temas: estudos epidemiol\u00f3gicos, sistemas de informa\u00e7\u00e3o em sa\u00fade e avalia\u00e7\u00e3o de servi\u00e7os) e Odontogeriatria (atuando nos temas: higiene, dentaduras, idosos, assist\u00eancia odontol\u00f3gica para idosos).<\/p>\n<p>Link para o curr\u00edculo lattes:<\/p>\n<p>http:\/\/lattes.cnpq.br\/1006318914677074<\/p>\n","protected":false},"excerpt":{"rendered":"<p>Informa\u00e7\u00f5es profissionais Possui gradua\u00e7\u00e3o em Odontologia pela Universidade Federal do Rio Grande do Sul (1995), mestrado em Odontologia pela Universidade Federal do Rio Grande do Sul (2001) e Doutorado pelo Programa de Epidemiologia da Universidade Federal de Pelotas. \u00c9 professor adjunto da Universidade Federal de Pelotas. Tem experi\u00eancia na \u00e1rea de Odontologia, com \u00eanfase em [&hellip;]<\/p>\n","protected":false},"author":628,"featured_media":0,"parent":0,"menu_order":0,"comment_status":"closed","ping_status":"closed","template":"","meta":{"jetpack_post_was_ever_published":false,"footnotes":""},"class_list":["post-31","page","type-page","status-publish","hentry"],"jetpack_sharing_enabled":true,"jetpack_shortlink":"https:\/\/wp.me\/P9q7Pv-v","jetpack_likes_enabled":true,"jetpack-related-posts":[],"_links":{"self":[{"href":"https:\/\/wp.ufpel.edu.br\/eduardodickie\/wp-json\/wp\/v2\/pages\/31","targetHints":{"allow":["GET"]}}],"collection":[{"href":"https:\/\/wp.ufpel.edu.br\/eduardodickie\/wp-json\/wp\/v2\/pages"}],"about":[{"href":"https:\/\/wp.ufpel.edu.br\/eduardodickie\/wp-json\/wp\/v2\/types\/page"}],"author":[{"embeddable":true,"href":"https:\/\/wp.ufpel.edu.br\/eduardodickie\/wp-json\/wp\/v2\/users\/628"}],"replies":[{"embeddable":true,"href":"https:\/\/wp.ufpel.edu.br\/eduardodickie\/wp-json\/wp\/v2\/comments?post=31"}],"version-history":[{"count":2,"href":"https:\/\/wp.ufpel.edu.br\/eduardodickie\/wp-json\/wp\/v2\/pages\/31\/revisions"}],"predecessor-version":[{"id":39,"href":"https:\/\/wp.ufpel.edu.br\/eduardodickie\/wp-json\/wp\/v2\/pages\/31\/revisions\/39"}],"wp:attachment":[{"href":"https:\/\/wp.ufpel.edu.br\/eduardodickie\/wp-json\/wp\/v2\/media?parent=31"}],"curies":[{"name":"wp","href":"https:\/\/api.w.org\/{rel}","templated":true}]}}