{"id":116,"date":"2018-10-05T10:51:10","date_gmt":"2018-10-05T13:51:10","guid":{"rendered":"https:\/\/wp.ufpel.edu.br\/eduardodickie\/?page_id=116"},"modified":"2018-10-05T11:29:13","modified_gmt":"2018-10-05T14:29:13","slug":"videos","status":"publish","type":"page","link":"https:\/\/wp.ufpel.edu.br\/eduardodickie\/videos\/","title":{"rendered":"V\u00eddeos"},"content":{"rendered":"<p>V\u00eddeos de participa\u00e7\u00e3o em programas e institucionais.<\/p>\n<p>Entrevista &#8211; Pr\u00eamio Inovasus &#8211; Entre n\u00f3s<\/p>\n<p><iframe title=\"23 - 07 - 2015  Sa\u00fade Bucal em Pelotas recebe pr\u00eamio nacional : prefeitura e Ufpel\" width=\"500\" height=\"375\" src=\"https:\/\/www.youtube.com\/embed\/ZGARREoF4X8?feature=oembed\" frameborder=\"0\" allow=\"accelerometer; autoplay; clipboard-write; encrypted-media; gyroscope; picture-in-picture; web-share\" referrerpolicy=\"strict-origin-when-cross-origin\" allowfullscreen><\/iframe><\/p>\n<p>Webdocs E-MAIS Conasems &#8211; Conselho Nacional de Secretarias municipais de Sa\u00fade<\/p>\n<p><iframe title=\"Webdoc Brasil, aqui tem SUS - Pelotas - RS\" width=\"500\" height=\"281\" src=\"https:\/\/www.youtube.com\/embed\/MTi8lSoxfvw?feature=oembed\" frameborder=\"0\" allow=\"accelerometer; autoplay; clipboard-write; encrypted-media; gyroscope; picture-in-picture; web-share\" referrerpolicy=\"strict-origin-when-cross-origin\" allowfullscreen><\/iframe><\/p>\n<p>&nbsp;<\/p>\n<p>&nbsp;<\/p>\n","protected":false},"excerpt":{"rendered":"<p>V\u00eddeos de participa\u00e7\u00e3o em programas e institucionais. Entrevista &#8211; Pr\u00eamio Inovasus &#8211; Entre n\u00f3s Webdocs E-MAIS Conasems &#8211; Conselho Nacional de Secretarias municipais de Sa\u00fade &nbsp; &nbsp;<\/p>\n","protected":false},"author":628,"featured_media":0,"parent":0,"menu_order":0,"comment_status":"closed","ping_status":"closed","template":"","meta":{"jetpack_post_was_ever_published":false,"footnotes":""},"class_list":["post-116","page","type-page","status-publish","hentry"],"jetpack_sharing_enabled":true,"jetpack_shortlink":"https:\/\/wp.me\/P9q7Pv-1S","jetpack_likes_enabled":true,"jetpack-related-posts":[],"_links":{"self":[{"href":"https:\/\/wp.ufpel.edu.br\/eduardodickie\/wp-json\/wp\/v2\/pages\/116","targetHints":{"allow":["GET"]}}],"collection":[{"href":"https:\/\/wp.ufpel.edu.br\/eduardodickie\/wp-json\/wp\/v2\/pages"}],"about":[{"href":"https:\/\/wp.ufpel.edu.br\/eduardodickie\/wp-json\/wp\/v2\/types\/page"}],"author":[{"embeddable":true,"href":"https:\/\/wp.ufpel.edu.br\/eduardodickie\/wp-json\/wp\/v2\/users\/628"}],"replies":[{"embeddable":true,"href":"https:\/\/wp.ufpel.edu.br\/eduardodickie\/wp-json\/wp\/v2\/comments?post=116"}],"version-history":[{"count":7,"href":"https:\/\/wp.ufpel.edu.br\/eduardodickie\/wp-json\/wp\/v2\/pages\/116\/revisions"}],"predecessor-version":[{"id":128,"href":"https:\/\/wp.ufpel.edu.br\/eduardodickie\/wp-json\/wp\/v2\/pages\/116\/revisions\/128"}],"wp:attachment":[{"href":"https:\/\/wp.ufpel.edu.br\/eduardodickie\/wp-json\/wp\/v2\/media?parent=116"}],"curies":[{"name":"wp","href":"https:\/\/api.w.org\/{rel}","templated":true}]}}