{"id":4526,"date":"2025-07-08T14:08:42","date_gmt":"2025-07-08T17:08:42","guid":{"rendered":"https:\/\/wp.ufpel.edu.br\/editoraufpel\/?page_id=4526"},"modified":"2026-03-12T11:01:29","modified_gmt":"2026-03-12T14:01:29","slug":"grafica","status":"publish","type":"page","link":"https:\/\/wp.ufpel.edu.br\/editoraufpel\/grafica\/","title":{"rendered":"Gr\u00e1fica"},"content":{"rendered":"<p><span style=\"font-size: 12pt;\"><a href=\"https:\/\/wp.ufpel.edu.br\/editoraufpel\/equipe\/\">Equipe da Gr\u00e1fica<\/a><\/span><\/p>\n<p><span style=\"font-size: 12pt;\"><a href=\"https:\/\/wp.ufpel.edu.br\/editoraufpel\/como-enviar-seu-arquivo-para-a-grafica\/\">Como enviar seu arquivo para a Gr\u00e1fica<\/a><\/span><\/p>\n<p><span style=\"font-size: 12pt;\"><a href=\"https:\/\/wp.ufpel.edu.br\/editoraufpel\/como-solicitar-orcamento-e-envio-de-material\/\">Como solicitar or\u00e7amento e envio de material<\/a><\/span><\/p>\n<p><span style=\"font-size: 12pt;\"><a href=\"https:\/\/wp.ufpel.edu.br\/editoraufpel\/catalogo-de-servicos-graficos\/\">Cat\u00e1logo de servi\u00e7os gr\u00e1ficos<\/a><\/span><\/p>\n<p><span style=\"font-size: 12pt;\"><a href=\"https:\/\/wp.ufpel.edu.br\/editoraufpel\/fluxo-de-processos-grafica\/\">Fluxo de Processos<\/a><\/span><\/p>\n","protected":false},"excerpt":{"rendered":"<p>Equipe da Gr\u00e1fica Como enviar seu arquivo para a Gr\u00e1fica Como solicitar or\u00e7amento e envio de material Cat\u00e1logo de servi\u00e7os gr\u00e1ficos Fluxo de Processos<\/p>\n","protected":false},"author":304,"featured_media":0,"parent":0,"menu_order":0,"comment_status":"closed","ping_status":"closed","template":"","meta":{"jetpack_post_was_ever_published":false,"footnotes":""},"class_list":["post-4526","page","type-page","status-publish","hentry","post"],"jetpack_sharing_enabled":true,"jetpack_shortlink":"https:\/\/wp.me\/P6W23B-1b0","_links":{"self":[{"href":"https:\/\/wp.ufpel.edu.br\/editoraufpel\/wp-json\/wp\/v2\/pages\/4526","targetHints":{"allow":["GET"]}}],"collection":[{"href":"https:\/\/wp.ufpel.edu.br\/editoraufpel\/wp-json\/wp\/v2\/pages"}],"about":[{"href":"https:\/\/wp.ufpel.edu.br\/editoraufpel\/wp-json\/wp\/v2\/types\/page"}],"author":[{"embeddable":true,"href":"https:\/\/wp.ufpel.edu.br\/editoraufpel\/wp-json\/wp\/v2\/users\/304"}],"replies":[{"embeddable":true,"href":"https:\/\/wp.ufpel.edu.br\/editoraufpel\/wp-json\/wp\/v2\/comments?post=4526"}],"version-history":[{"count":3,"href":"https:\/\/wp.ufpel.edu.br\/editoraufpel\/wp-json\/wp\/v2\/pages\/4526\/revisions"}],"predecessor-version":[{"id":4646,"href":"https:\/\/wp.ufpel.edu.br\/editoraufpel\/wp-json\/wp\/v2\/pages\/4526\/revisions\/4646"}],"wp:attachment":[{"href":"https:\/\/wp.ufpel.edu.br\/editoraufpel\/wp-json\/wp\/v2\/media?parent=4526"}],"curies":[{"name":"wp","href":"https:\/\/api.w.org\/{rel}","templated":true}]}}