{"id":4487,"date":"2025-07-08T08:37:12","date_gmt":"2025-07-08T11:37:12","guid":{"rendered":"https:\/\/wp.ufpel.edu.br\/editoraufpel\/?page_id=4487"},"modified":"2025-08-26T16:30:54","modified_gmt":"2025-08-26T19:30:54","slug":"catalogo-de-servicos-graficos","status":"publish","type":"page","link":"https:\/\/wp.ufpel.edu.br\/editoraufpel\/catalogo-de-servicos-graficos\/","title":{"rendered":"Cat\u00e1logo de servi\u00e7os gr\u00e1ficos"},"content":{"rendered":"<p><span style=\"font-weight: 400;\">A Gr\u00e1fica realiza impress\u00f5es a laser, em cores ou preto e branco, com tamanho m\u00e1ximo A3.\u00a0 Abaixo, listamos os servi\u00e7os mais frequentes. <span style=\"color: #003366;\"><strong>Para demandas espec\u00edficas, entre em contato para verificar a viabilidade.<\/strong><\/span><\/span><\/p>\n<h4><b>Folder<\/b><\/h4>\n<ul>\n<li style=\"font-weight: 400;\" aria-level=\"1\"><span style=\"font-weight: 400;\">Tamanho: A4<\/span><\/li>\n<li style=\"font-weight: 400;\" aria-level=\"1\"><span style=\"font-weight: 400;\">Impress\u00e3o: frente e verso<\/span><\/li>\n<li style=\"font-weight: 400;\" aria-level=\"1\"><span style=\"font-weight: 400;\">Acabamento: dobras e refile das bordas<\/span><\/li>\n<li aria-level=\"1\"><span style=\"font-weight: 400;\">Pap\u00e9is: couch\u00e9 115g\/m\u00b2, sulfite 90g\/m\u00b2<\/span><span style=\"font-weight: 400;\"><br \/>\n<\/span><\/li>\n<\/ul>\n<h4><b>Panfleto<\/b><\/h4>\n<ul>\n<li style=\"font-weight: 400;\" aria-level=\"1\"><span style=\"font-weight: 400;\">Tamanho: A5<\/span><\/li>\n<li style=\"font-weight: 400;\" aria-level=\"1\"><span style=\"font-weight: 400;\">Impress\u00e3o: frente e verso<\/span><\/li>\n<li style=\"font-weight: 400;\" aria-level=\"1\"><span style=\"font-weight: 400;\">Acabamento: refile das bordas<\/span><\/li>\n<li style=\"font-weight: 400;\" aria-level=\"1\"><span style=\"font-weight: 400;\">Pap\u00e9is: couch\u00e9 115g\/m\u00b2, couch\u00e9 170g\/m\u00b2, sulfite 90g\/m\u00b2<\/span><span style=\"font-weight: 400;\"><br \/>\n<\/span><\/li>\n<\/ul>\n<h4><b>Cartaz<\/b><\/h4>\n<ul>\n<li style=\"font-weight: 400;\" aria-level=\"1\"><span style=\"font-weight: 400;\">Tamanho: A3<\/span><\/li>\n<li style=\"font-weight: 400;\" aria-level=\"1\"><span style=\"font-weight: 400;\">Impress\u00e3o: frente<\/span><\/li>\n<li style=\"font-weight: 400;\" aria-level=\"1\"><span style=\"font-weight: 400;\">Pap\u00e9is: couch\u00e9 170g\/m\u00b2, sulfite 90g\/m\u00b2<\/span><\/li>\n<\/ul>\n<h4><b>Crach\u00e1<\/b><\/h4>\n<ul>\n<li style=\"font-weight: 400;\" aria-level=\"1\"><span style=\"font-weight: 400;\">Tamanho: A6<\/span><\/li>\n<li style=\"font-weight: 400;\" aria-level=\"1\"><span style=\"font-weight: 400;\">Impress\u00e3o: frente<\/span><\/li>\n<li style=\"font-weight: 400;\" aria-level=\"1\"><span style=\"font-weight: 400;\">Acabamento: refile das bordas<\/span><\/li>\n<li style=\"font-weight: 400;\" aria-level=\"1\"><span style=\"font-weight: 400;\">Observa\u00e7\u00e3o: sem furos e cord\u00e3o<\/span><\/li>\n<li style=\"font-weight: 400;\" aria-level=\"1\"><span style=\"font-weight: 400;\">Pap\u00e9is: couch\u00e9 230g\/m\u00b2, sulfite 180g\/m\u00b2<\/span><\/li>\n<\/ul>\n<h4><b>Marcador de p\u00e1gina<\/b><\/h4>\n<ul>\n<li style=\"font-weight: 400;\" aria-level=\"1\"><span style=\"font-weight: 400;\">Tamanho: 18 cm x 5 cm<\/span><\/li>\n<li style=\"font-weight: 400;\" aria-level=\"1\"><span style=\"font-weight: 400;\">Impress\u00e3o: frente<\/span><\/li>\n<li style=\"font-weight: 400;\" aria-level=\"1\"><span style=\"font-weight: 400;\">Acabamento: refile das bordas<\/span><\/li>\n<li style=\"font-weight: 400;\" aria-level=\"1\"><span style=\"font-weight: 400;\">Pap\u00e9is: couch\u00e9 230g\/m\u00b2, sulfite 180g\/m\u00b2<\/span><\/li>\n<\/ul>\n<h4><b>Bloco de notas<\/b><\/h4>\n<ul>\n<li style=\"font-weight: 400;\" aria-level=\"1\"><span style=\"font-weight: 400;\">Capa e contracapa coloridas<\/span><\/li>\n<li style=\"font-weight: 400;\" aria-level=\"1\"><span style=\"font-weight: 400;\">Tamanho fechado: A6 e A5<\/span><\/li>\n<li style=\"font-weight: 400;\" aria-level=\"1\"><span style=\"font-weight: 400;\">Miolo: 20 folhas em papel sulfite 75 g\/m\u00b2<\/span><\/li>\n<li style=\"font-weight: 400;\" aria-level=\"1\"><span style=\"font-weight: 400;\">Acabamento: grampo ou espiral<\/span><\/li>\n<li style=\"font-weight: 400;\" aria-level=\"1\"><span style=\"font-weight: 400;\">Pap\u00e9is para capa: couch\u00e9 230g\/m\u00b2,\u00a0 sulfite 180g\/m\u00b2<\/span><\/li>\n<\/ul>\n<p>&nbsp;<\/p>\n<p><strong>Formato papel<\/strong><\/p>\n<p><a href=\"https:\/\/wp.ufpel.edu.br\/editoraufpel\/files\/2025\/08\/papel-A.jpg\"><img loading=\"lazy\" decoding=\"async\" class=\"alignnone wp-image-4556 size-medium\" src=\"https:\/\/wp.ufpel.edu.br\/editoraufpel\/files\/2025\/08\/papel-A-e1756236350903-400x277.jpg\" alt=\"\" width=\"400\" height=\"277\" srcset=\"https:\/\/wp.ufpel.edu.br\/editoraufpel\/files\/2025\/08\/papel-A-e1756236350903-400x277.jpg 400w, https:\/\/wp.ufpel.edu.br\/editoraufpel\/files\/2025\/08\/papel-A-e1756236350903.jpg 510w\" sizes=\"auto, (max-width: 400px) 100vw, 400px\" \/><\/a><\/p>\n<p><span style=\"font-size: 11pt;\"><strong>Gr\u00e1fica da UFPel<\/strong><\/span><br \/>\n<span style=\"font-size: 11pt;\">Rua Lobo da Costa, 447 \u2013 Centro, Pelotas \u2013 RS<\/span><br \/>\n<span style=\"font-size: 11pt;\"><a href=\"mailto:grafica.ufpel@gmail.com\" target=\"_blank\" rel=\"noopener\"><span style=\"color: #3366ff;\">grafica.ufpel@gmail.com<\/span><\/a><\/span><br \/>\n<span style=\"font-size: 11pt;\">(53) 3284-4320<\/span><\/p>\n","protected":false},"excerpt":{"rendered":"<p>A Gr\u00e1fica realiza impress\u00f5es a laser, em cores ou preto e branco, com tamanho m\u00e1ximo A3.\u00a0 Abaixo, listamos os servi\u00e7os mais frequentes. Para demandas espec\u00edficas, entre em contato para verificar a viabilidade. Folder Tamanho: A4 Impress\u00e3o: frente e verso Acabamento: dobras e refile das bordas Pap\u00e9is: couch\u00e9 115g\/m\u00b2, sulfite 90g\/m\u00b2 Panfleto Tamanho: A5 Impress\u00e3o: frente [&hellip;]<\/p>\n","protected":false},"author":304,"featured_media":0,"parent":0,"menu_order":0,"comment_status":"closed","ping_status":"closed","template":"","meta":{"jetpack_post_was_ever_published":false,"footnotes":""},"class_list":["post-4487","page","type-page","status-publish","hentry","post"],"jetpack_sharing_enabled":true,"jetpack_shortlink":"https:\/\/wp.me\/P6W23B-1an","_links":{"self":[{"href":"https:\/\/wp.ufpel.edu.br\/editoraufpel\/wp-json\/wp\/v2\/pages\/4487","targetHints":{"allow":["GET"]}}],"collection":[{"href":"https:\/\/wp.ufpel.edu.br\/editoraufpel\/wp-json\/wp\/v2\/pages"}],"about":[{"href":"https:\/\/wp.ufpel.edu.br\/editoraufpel\/wp-json\/wp\/v2\/types\/page"}],"author":[{"embeddable":true,"href":"https:\/\/wp.ufpel.edu.br\/editoraufpel\/wp-json\/wp\/v2\/users\/304"}],"replies":[{"embeddable":true,"href":"https:\/\/wp.ufpel.edu.br\/editoraufpel\/wp-json\/wp\/v2\/comments?post=4487"}],"version-history":[{"count":3,"href":"https:\/\/wp.ufpel.edu.br\/editoraufpel\/wp-json\/wp\/v2\/pages\/4487\/revisions"}],"predecessor-version":[{"id":4557,"href":"https:\/\/wp.ufpel.edu.br\/editoraufpel\/wp-json\/wp\/v2\/pages\/4487\/revisions\/4557"}],"wp:attachment":[{"href":"https:\/\/wp.ufpel.edu.br\/editoraufpel\/wp-json\/wp\/v2\/media?parent=4487"}],"curies":[{"name":"wp","href":"https:\/\/api.w.org\/{rel}","templated":true}]}}