{"id":4484,"date":"2025-07-08T08:36:53","date_gmt":"2025-07-08T11:36:53","guid":{"rendered":"https:\/\/wp.ufpel.edu.br\/editoraufpel\/?page_id=4484"},"modified":"2025-08-26T16:34:20","modified_gmt":"2025-08-26T19:34:20","slug":"como-solicitar-orcamento-e-envio-de-material","status":"publish","type":"page","link":"https:\/\/wp.ufpel.edu.br\/editoraufpel\/como-solicitar-orcamento-e-envio-de-material\/","title":{"rendered":"Como solicitar or\u00e7amento e envio de material"},"content":{"rendered":"<h4><span style=\"color: #003366;\"><b>1. Solicita\u00e7\u00e3o de or\u00e7amento<\/b><\/span><\/h4>\n<p><span style=\"font-weight: 400;\">Prioritariamente, o or\u00e7amento deve ser solicitado por meio do formul\u00e1rio dispon\u00edvel no endere\u00e7o<a href=\"https:\/\/wp.ufpel.edu.br\/perguntas\/solicitar-atendimento\/\"> https:\/\/wp.ufpel.edu.br\/perguntas\/solicitar-atendimento\/\u00a0<\/a> ou pelo e-mail: <\/span><b>grafica.ufpel@gmail.com<\/b><span style=\"font-weight: 400;\">, informando os seguintes dados:<\/span><\/p>\n<p><strong>Informa\u00e7\u00f5es necess\u00e1rias:<\/strong><\/p>\n<ul>\n<li style=\"font-weight: 400;\" aria-level=\"1\"><span style=\"font-weight: 400;\">Medidas da pe\u00e7a gr\u00e1fica\u00a0<\/span>&nbsp;<\/li>\n<li style=\"font-weight: 400;\" aria-level=\"1\"><span style=\"font-weight: 400;\">Quantidade<\/span>&nbsp;<\/li>\n<li style=\"font-weight: 400;\" aria-level=\"1\"><span style=\"font-weight: 400;\">Tipo de impress\u00e3o (colorida ou preto e branco)<\/span>&nbsp;<\/li>\n<li style=\"font-weight: 400;\" aria-level=\"1\"><span style=\"font-weight: 400;\">Tipo e gramatura do papel<\/span>&nbsp;<\/li>\n<li style=\"font-weight: 400;\" aria-level=\"1\"><span style=\"font-weight: 400;\">Tipo de acabamento (refile, dobra, encaderna\u00e7\u00e3o etc.)<\/span>&nbsp;<\/li>\n<li style=\"font-weight: 400;\" aria-level=\"1\"><span style=\"font-weight: 400;\">Outras informa\u00e7\u00f5es pertinentes<\/span>&nbsp;<\/li>\n<\/ul>\n<p><b>Importante:<\/b><span style=\"font-weight: 400;\"> sempre que poss\u00edvel, anexar o arquivo final para avalia\u00e7\u00e3o. Caso contr\u00e1rio, o or\u00e7amento poder\u00e1 ser ajustado posteriormente, conforme as caracter\u00edsticas reais do material.<\/span><\/p>\n<h4><span style=\"color: #003366;\"><b>2. Envio do arquivo<\/b><\/span><\/h4>\n<p><span style=\"font-weight: 400;\">O arquivo deve estar em conformidade com as especifica\u00e7\u00f5es t\u00e9cnicas descritas na se\u00e7\u00e3o <a href=\"https:\/\/wp.me\/P6W23B-1ah\"><b>Como enviar seu arquivo para a Gr\u00e1fica<\/b><\/a> e ser enviado em formato PDF.\u00a0<\/span><span style=\"font-weight: 400;\"><br \/>\n<\/span><\/p>\n<h4><span style=\"color: #003366;\"><b>3. Autoriza\u00e7\u00e3o e pagamento<\/b><\/span><\/h4>\n<p><span style=\"font-weight: 400;\">Os pagamentos s\u00e3o realizados via <strong>transfer\u00eancia de recursos entre UGRs<\/strong>. Para iniciar a produ\u00e7\u00e3o, \u00e9 necess\u00e1rio que o respons\u00e1vel pela unidade solicitante:<\/span><\/p>\n<ul>\n<li style=\"font-weight: 400;\" aria-level=\"1\"><span style=\"font-weight: 400;\">Autorize a execu\u00e7\u00e3o do servi\u00e7o;<\/span>&nbsp;<\/li>\n<li style=\"font-weight: 400;\" aria-level=\"1\"><span style=\"font-weight: 400;\">Transfira 50% do valor para a UGR da Gr\u00e1fica 154147.<\/span><span style=\"font-weight: 400;\"><br \/>\n<\/span><span style=\"font-weight: 400;\">O restante dever\u00e1 ser quitado ap\u00f3s a retirada do material. Em caso de n\u00e3o execu\u00e7\u00e3o do servi\u00e7o, o valor antecipado ser\u00e1 devolvido.<\/span>&nbsp;<\/li>\n<\/ul>\n<h4><span style=\"color: #003366;\"><b>4. Aprova\u00e7\u00e3o de teste<\/b><\/span><\/h4>\n<p><span style=\"font-weight: 400;\">Uma prova de impress\u00e3o ser\u00e1 gerada ap\u00f3s a aprova\u00e7\u00e3o do or\u00e7amento. O solicitante dever\u00e1 <strong>aprov\u00e1-la presencialmente<\/strong> para que o prazo de produ\u00e7\u00e3o seja iniciado.<\/span><span style=\"font-weight: 400;\"><br \/>\n<\/span><span style=\"font-weight: 400;\"> Caso opte por n\u00e3o realizar a prova, assume integralmente os riscos e custos da produ\u00e7\u00e3o.<\/span><\/p>\n<h4><span style=\"color: #003366;\"><b>5. Prazo de produ\u00e7\u00e3o<\/b><\/span><\/h4>\n<p><span style=\"font-weight: 400;\">O prazo ser\u00e1 informado ap\u00f3s a aprova\u00e7\u00e3o da prova, considerando o tipo de material e a demanda interna da Gr\u00e1fica no momento da solicita\u00e7\u00e3o.<\/span><\/p>\n<h4><span style=\"color: #003366;\"><b>6. Finaliza\u00e7\u00e3o<\/b><\/span><\/h4>\n<p><span style=\"font-weight: 400;\">Quando o material estiver pronto, o solicitante ser\u00e1 avisado por meio do ticket ou e-mail utilizado no pedido. A retirada deve ser feita presencialmente na Gr\u00e1fica.<\/span><\/p>\n<p>&nbsp;<\/p>\n<p><span style=\"font-size: 11pt;\"><strong>Gr\u00e1fica da UFPel<\/strong><\/span><br \/>\n<span style=\"font-size: 11pt;\">Rua Lobo da Costa, 447 \u2013 Centro, Pelotas \u2013 RS<\/span><br \/>\n<span style=\"font-size: 11pt;\"><a href=\"mailto:grafica.ufpel@gmail.com\" target=\"_blank\" rel=\"noopener\"><span style=\"color: #3366ff;\">grafica.ufpel@gmail.com<\/span><\/a><\/span><br \/>\n<span style=\"font-size: 11pt;\">(53) 3284-4320<\/span><\/p>\n","protected":false},"excerpt":{"rendered":"<p>1. Solicita\u00e7\u00e3o de or\u00e7amento Prioritariamente, o or\u00e7amento deve ser solicitado por meio do formul\u00e1rio dispon\u00edvel no endere\u00e7o https:\/\/wp.ufpel.edu.br\/perguntas\/solicitar-atendimento\/\u00a0 ou pelo e-mail: grafica.ufpel@gmail.com, informando os seguintes dados: Informa\u00e7\u00f5es necess\u00e1rias: Medidas da pe\u00e7a gr\u00e1fica\u00a0&nbsp; Quantidade&nbsp; Tipo de impress\u00e3o (colorida ou preto e branco)&nbsp; Tipo e gramatura do papel&nbsp; Tipo de acabamento (refile, dobra, encaderna\u00e7\u00e3o etc.)&nbsp; Outras informa\u00e7\u00f5es [&hellip;]<\/p>\n","protected":false},"author":304,"featured_media":0,"parent":0,"menu_order":0,"comment_status":"closed","ping_status":"closed","template":"","meta":{"jetpack_post_was_ever_published":false,"footnotes":""},"class_list":["post-4484","page","type-page","status-publish","hentry","post"],"jetpack_sharing_enabled":true,"jetpack_shortlink":"https:\/\/wp.me\/P6W23B-1ak","_links":{"self":[{"href":"https:\/\/wp.ufpel.edu.br\/editoraufpel\/wp-json\/wp\/v2\/pages\/4484","targetHints":{"allow":["GET"]}}],"collection":[{"href":"https:\/\/wp.ufpel.edu.br\/editoraufpel\/wp-json\/wp\/v2\/pages"}],"about":[{"href":"https:\/\/wp.ufpel.edu.br\/editoraufpel\/wp-json\/wp\/v2\/types\/page"}],"author":[{"embeddable":true,"href":"https:\/\/wp.ufpel.edu.br\/editoraufpel\/wp-json\/wp\/v2\/users\/304"}],"replies":[{"embeddable":true,"href":"https:\/\/wp.ufpel.edu.br\/editoraufpel\/wp-json\/wp\/v2\/comments?post=4484"}],"version-history":[{"count":3,"href":"https:\/\/wp.ufpel.edu.br\/editoraufpel\/wp-json\/wp\/v2\/pages\/4484\/revisions"}],"predecessor-version":[{"id":4562,"href":"https:\/\/wp.ufpel.edu.br\/editoraufpel\/wp-json\/wp\/v2\/pages\/4484\/revisions\/4562"}],"wp:attachment":[{"href":"https:\/\/wp.ufpel.edu.br\/editoraufpel\/wp-json\/wp\/v2\/media?parent=4484"}],"curies":[{"name":"wp","href":"https:\/\/api.w.org\/{rel}","templated":true}]}}