{"id":4481,"date":"2025-07-08T08:36:17","date_gmt":"2025-07-08T11:36:17","guid":{"rendered":"https:\/\/wp.ufpel.edu.br\/editoraufpel\/?page_id=4481"},"modified":"2025-08-26T16:33:42","modified_gmt":"2025-08-26T19:33:42","slug":"como-enviar-seu-arquivo-para-a-grafica","status":"publish","type":"page","link":"https:\/\/wp.ufpel.edu.br\/editoraufpel\/como-enviar-seu-arquivo-para-a-grafica\/","title":{"rendered":"Como enviar seu arquivo para a Gr\u00e1fica"},"content":{"rendered":"<p><span style=\"font-weight: 400;\">Para garantir a qualidade da impress\u00e3o, o arquivo deve atender \u00e0s especifica\u00e7\u00f5es t\u00e9cnicas conforme descrito nas instru\u00e7\u00f5es abaixo:<\/span><\/p>\n<p style=\"text-align: justify;\"><a href=\"https:\/\/wp.ufpel.edu.br\/editoraufpel\/files\/2025\/08\/Site-grafica-corrigido.pdf\">Orienta\u00e7\u00f5es sobre envio de arquivo para gr\u00e1fica da UFPel <\/a><\/p>\n<h4><\/h4>\n<p>&nbsp;<\/p>\n<p><span style=\"font-size: 11pt;\"><strong>Gr\u00e1fica da UFPel<\/strong><\/span><br \/>\n<span style=\"font-size: 11pt;\">Rua Lobo da Costa, 447 \u2013 Centro, Pelotas \u2013 RS<\/span><br \/>\n<span style=\"font-size: 11pt;\"><a href=\"mailto:grafica.ufpel@gmail.com\" target=\"_blank\" rel=\"noopener\"><span style=\"color: #3366ff;\">grafica.ufpel@gmail.com<\/span><\/a><\/span><br \/>\n<span style=\"font-size: 11pt;\">(53) 3284-4320<\/span><\/p>\n","protected":false},"excerpt":{"rendered":"<p>Para garantir a qualidade da impress\u00e3o, o arquivo deve atender \u00e0s especifica\u00e7\u00f5es t\u00e9cnicas conforme descrito nas instru\u00e7\u00f5es abaixo: Orienta\u00e7\u00f5es sobre envio de arquivo para gr\u00e1fica da UFPel &nbsp; Gr\u00e1fica da UFPel Rua Lobo da Costa, 447 \u2013 Centro, Pelotas \u2013 RS grafica.ufpel@gmail.com (53) 3284-4320<\/p>\n","protected":false},"author":304,"featured_media":0,"parent":0,"menu_order":0,"comment_status":"closed","ping_status":"closed","template":"","meta":{"jetpack_post_was_ever_published":false,"footnotes":""},"class_list":["post-4481","page","type-page","status-publish","hentry","post"],"jetpack_sharing_enabled":true,"jetpack_shortlink":"https:\/\/wp.me\/P6W23B-1ah","_links":{"self":[{"href":"https:\/\/wp.ufpel.edu.br\/editoraufpel\/wp-json\/wp\/v2\/pages\/4481","targetHints":{"allow":["GET"]}}],"collection":[{"href":"https:\/\/wp.ufpel.edu.br\/editoraufpel\/wp-json\/wp\/v2\/pages"}],"about":[{"href":"https:\/\/wp.ufpel.edu.br\/editoraufpel\/wp-json\/wp\/v2\/types\/page"}],"author":[{"embeddable":true,"href":"https:\/\/wp.ufpel.edu.br\/editoraufpel\/wp-json\/wp\/v2\/users\/304"}],"replies":[{"embeddable":true,"href":"https:\/\/wp.ufpel.edu.br\/editoraufpel\/wp-json\/wp\/v2\/comments?post=4481"}],"version-history":[{"count":3,"href":"https:\/\/wp.ufpel.edu.br\/editoraufpel\/wp-json\/wp\/v2\/pages\/4481\/revisions"}],"predecessor-version":[{"id":4552,"href":"https:\/\/wp.ufpel.edu.br\/editoraufpel\/wp-json\/wp\/v2\/pages\/4481\/revisions\/4552"}],"wp:attachment":[{"href":"https:\/\/wp.ufpel.edu.br\/editoraufpel\/wp-json\/wp\/v2\/media?parent=4481"}],"curies":[{"name":"wp","href":"https:\/\/api.w.org\/{rel}","templated":true}]}}