{"id":4404,"date":"2025-04-07T18:35:52","date_gmt":"2025-04-07T21:35:52","guid":{"rendered":"https:\/\/wp.ufpel.edu.br\/editoraufpel\/?page_id=4404"},"modified":"2025-04-08T10:39:41","modified_gmt":"2025-04-08T13:39:41","slug":"guia-de-orientacao-para-submissao-de-obras-em-latex-a-editora-da-ufpel","status":"publish","type":"page","link":"https:\/\/wp.ufpel.edu.br\/editoraufpel\/guia-de-orientacao-para-submissao-de-obras-em-latex-a-editora-da-ufpel\/","title":{"rendered":"Guia de Orienta\u00e7\u00e3o para Submiss\u00e3o de Obras em LaTeX \u00e0 Editora da UFPel"},"content":{"rendered":"<p><span style=\"font-weight: 400; font-family: georgia, palatino, serif; font-size: 12pt;\">A <strong>Editora da Universidade Federal de Pelotas (UFPel)<\/strong> disponibiliza a possibilidade de submiss\u00e3o de obras em <strong><span style=\"color: #ff6600;\">LaTeX<\/span><\/strong>, sistema de edi\u00e7\u00e3o de textos voltado \u00e0 produ\u00e7\u00e3o de documentos cient\u00edficos e acad\u00eamicos de alta qualidade tipogr\u00e1fica. Para garantir a padroniza\u00e7\u00e3o e o bom andamento do processo editorial, <strong>devem ser observadas as orienta\u00e7\u00f5es abaixo<\/strong>:<\/span><\/p>\n<ol>\n<li><span style=\"font-family: georgia, palatino, serif; font-size: 12pt; color: #ff6600;\"><b> Quando Utilizar o LaTeX<\/b><\/span><\/li>\n<\/ol>\n<ul>\n<li style=\"font-weight: 400;\" aria-level=\"1\"><span style=\"font-weight: 400; font-family: georgia, palatino, serif; font-size: 12pt;\">A utiliza\u00e7\u00e3o do LaTeX \u00e9 recomendada para obras que apresentem alta complexidade na diagrama\u00e7\u00e3o, como textos com grande quantidade de f\u00f3rmulas matem\u00e1ticas, tabelas complexas, refer\u00eancias cruzadas ou outros elementos t\u00e9cnicos que demandem o uso desse sistema.<\/span><\/li>\n<li style=\"font-weight: 400;\" aria-level=\"1\"><span style=\"font-family: georgia, palatino, serif; font-size: 12pt;\"><span style=\"font-weight: 400;\">Toda obra que necessite o uso do LaTeX <\/span><b>deve ser submetida j\u00e1 editada em LaTeX<\/b><span style=\"font-weight: 400;\">, utilizando o modelo fornecido pela Editora.<\/span><\/span><\/li>\n<\/ul>\n<ol start=\"2\">\n<li><span style=\"font-family: georgia, palatino, serif; font-size: 12pt; color: #ff6600;\"><b> Envio da Obra em LaTeX<\/b><\/span><\/li>\n<\/ol>\n<p><span style=\"font-weight: 400; font-family: georgia, palatino, serif; font-size: 12pt;\">O autor dever\u00e1 submeter:<\/span><\/p>\n<ul>\n<li style=\"font-weight: 400;\" aria-level=\"1\"><span style=\"font-weight: 400; font-family: georgia, palatino, serif; font-size: 12pt;\">Os arquivos-fonte (.tex), acompanhados de todos os arquivos auxiliares necess\u00e1rios \u00e0 compila\u00e7\u00e3o correta (imagens, bibliografia, macros personalizadas etc.).<\/span><\/li>\n<li style=\"font-weight: 400;\" aria-level=\"1\"><span style=\"font-weight: 400; font-family: georgia, palatino, serif; font-size: 12pt;\">Um arquivo PDF gerado a partir do c\u00f3digo LaTeX, que servir\u00e1 como vers\u00e3o de refer\u00eancia.<\/span><\/li>\n<li style=\"font-weight: 400;\" aria-level=\"1\"><span style=\"font-weight: 400; font-family: georgia, palatino, serif; font-size: 12pt;\">Uma breve descri\u00e7\u00e3o do ambiente utilizado para edi\u00e7\u00e3o (editor, pacotes relevantes, vers\u00e3o do compilador, etc.), caso necess\u00e1rio.<\/span><\/li>\n<\/ul>\n<p><span style=\"font-family: georgia, palatino, serif; font-size: 12pt;\"><span style=\"color: #ffff00; background-color: #ff6600;\"><strong>&#x26a0;<\/strong><\/span><span style=\"font-weight: 400;\"><span style=\"color: #ffff00; background-color: #ff6600;\"><strong> Importante:<\/strong><\/span> Recomenda-se o uso do <a href=\"https:\/\/wp.ufpel.edu.br\/editoraufpel\/files\/2025\/04\/Classe-UFPEL.zip\"><em>template<\/em><\/a> da Editora UFPel para documentos em LaTeX. Em caso de d\u00favidas, entre em contato com a equipe t\u00e9cnica da Editora.<\/span><\/span><\/p>\n<ol start=\"3\">\n<li><span style=\"font-family: georgia, palatino, serif; font-size: 12pt; color: #ff6600;\"><b> Uso do LaTeX sem Submiss\u00e3o \u00e0 Editora<\/b><\/span><\/li>\n<\/ol>\n<p><span style=\"font-family: georgia, palatino, serif; font-size: 12pt;\"><span style=\"font-weight: 400;\">Autores que desejarem utilizar o modelo LaTeX da Editora da UFPel em obras que <\/span><b>n\u00e3o ser\u00e3o submetidas \u00e0 Editora<\/b><span style=\"font-weight: 400;\"> dever\u00e3o incluir, <span style=\"color: #003366;\">obrigatoriamente<\/span>, no colof\u00e3o, o seguinte cr\u00e9dito:<\/span><\/span><\/p>\n<p><span style=\"font-family: georgia, palatino, serif; font-size: 12pt;\"><i><span style=\"font-weight: 400;\">Esta obra foi editada com o modelo de diagrama\u00e7\u00e3o em LaTeX disponibilizado pela Editora da Universidade Federal de Pelotas (UFPel).<\/span><\/i><\/span><\/p>\n<p><span style=\"font-weight: 400; font-family: georgia, palatino, serif; font-size: 12pt;\">Essa men\u00e7\u00e3o \u00e9 obrigat\u00f3ria como forma de reconhecer o trabalho t\u00e9cnico e institucional da Editora no desenvolvimento e disponibiliza\u00e7\u00e3o do modelo.<\/span><\/p>\n","protected":false},"excerpt":{"rendered":"<p>A Editora da Universidade Federal de Pelotas (UFPel) disponibiliza a possibilidade de submiss\u00e3o de obras em LaTeX, sistema de edi\u00e7\u00e3o de textos voltado \u00e0 produ\u00e7\u00e3o de documentos cient\u00edficos e acad\u00eamicos de alta qualidade tipogr\u00e1fica. Para garantir a padroniza\u00e7\u00e3o e o bom andamento do processo editorial, devem ser observadas as orienta\u00e7\u00f5es abaixo: Quando Utilizar o LaTeX [&hellip;]<\/p>\n","protected":false},"author":304,"featured_media":0,"parent":0,"menu_order":0,"comment_status":"closed","ping_status":"closed","template":"","meta":{"jetpack_post_was_ever_published":false,"footnotes":""},"class_list":["post-4404","page","type-page","status-publish","hentry","post"],"jetpack_sharing_enabled":true,"jetpack_shortlink":"https:\/\/wp.me\/P6W23B-192","_links":{"self":[{"href":"https:\/\/wp.ufpel.edu.br\/editoraufpel\/wp-json\/wp\/v2\/pages\/4404","targetHints":{"allow":["GET"]}}],"collection":[{"href":"https:\/\/wp.ufpel.edu.br\/editoraufpel\/wp-json\/wp\/v2\/pages"}],"about":[{"href":"https:\/\/wp.ufpel.edu.br\/editoraufpel\/wp-json\/wp\/v2\/types\/page"}],"author":[{"embeddable":true,"href":"https:\/\/wp.ufpel.edu.br\/editoraufpel\/wp-json\/wp\/v2\/users\/304"}],"replies":[{"embeddable":true,"href":"https:\/\/wp.ufpel.edu.br\/editoraufpel\/wp-json\/wp\/v2\/comments?post=4404"}],"version-history":[{"count":7,"href":"https:\/\/wp.ufpel.edu.br\/editoraufpel\/wp-json\/wp\/v2\/pages\/4404\/revisions"}],"predecessor-version":[{"id":4427,"href":"https:\/\/wp.ufpel.edu.br\/editoraufpel\/wp-json\/wp\/v2\/pages\/4404\/revisions\/4427"}],"wp:attachment":[{"href":"https:\/\/wp.ufpel.edu.br\/editoraufpel\/wp-json\/wp\/v2\/media?parent=4404"}],"curies":[{"name":"wp","href":"https:\/\/api.w.org\/{rel}","templated":true}]}}