{"id":369,"date":"2017-07-31T10:09:59","date_gmt":"2017-07-31T13:09:59","guid":{"rendered":"https:\/\/wp.ufpel.edu.br\/editoraufpel\/?page_id=369"},"modified":"2023-12-15T08:49:18","modified_gmt":"2023-12-15T11:49:18","slug":"publicacoes-impressas","status":"publish","type":"page","link":"https:\/\/wp.ufpel.edu.br\/editoraufpel\/publicacoes-impressas\/","title":{"rendered":"Publica\u00e7\u00f5es Impressas"},"content":{"rendered":"<p><a href=\"https:\/\/wp.ufpel.edu.br\/editoraufpel\/files\/2017\/07\/abeu-logo.png\"><img loading=\"lazy\" decoding=\"async\" class=\"aligncenter size-full wp-image-497\" src=\"https:\/\/wp.ufpel.edu.br\/editoraufpel\/files\/2017\/07\/abeu-logo.png\" alt=\"\" width=\"255\" height=\"168\" \/><\/a>O Cat\u00e1logo de publica\u00e7\u00f5es impressas do N\u00facleo de Editora e Livraria da Universidade Federal de Pelotas pode ser acessado dentro da plataforma<br \/>\n<a href=\"https:\/\/www.abeu.org.br\/search\/?q=&amp;itensPage=10&amp;filters=publisher%3AEditora+UFPel&amp;select_items=&amp;wt=HTML&amp;selectSortKey=score+asc\" target=\"_blank\" rel=\"noopener noreferrer\">ABEU &#8211; Associa\u00e7\u00e3o Brasileira de Editoras Universit\u00e1rias.<\/a><\/p>\n","protected":false},"excerpt":{"rendered":"<p>O Cat\u00e1logo de publica\u00e7\u00f5es impressas do N\u00facleo de Editora e Livraria da Universidade Federal de Pelotas pode ser acessado dentro da plataforma ABEU &#8211; Associa\u00e7\u00e3o Brasileira de Editoras Universit\u00e1rias.<\/p>\n","protected":false},"author":304,"featured_media":0,"parent":0,"menu_order":0,"comment_status":"closed","ping_status":"closed","template":"","meta":{"jetpack_post_was_ever_published":false,"footnotes":""},"class_list":["post-369","page","type-page","status-publish","hentry","post"],"jetpack_sharing_enabled":true,"jetpack_shortlink":"https:\/\/wp.me\/P6W23B-5X","_links":{"self":[{"href":"https:\/\/wp.ufpel.edu.br\/editoraufpel\/wp-json\/wp\/v2\/pages\/369","targetHints":{"allow":["GET"]}}],"collection":[{"href":"https:\/\/wp.ufpel.edu.br\/editoraufpel\/wp-json\/wp\/v2\/pages"}],"about":[{"href":"https:\/\/wp.ufpel.edu.br\/editoraufpel\/wp-json\/wp\/v2\/types\/page"}],"author":[{"embeddable":true,"href":"https:\/\/wp.ufpel.edu.br\/editoraufpel\/wp-json\/wp\/v2\/users\/304"}],"replies":[{"embeddable":true,"href":"https:\/\/wp.ufpel.edu.br\/editoraufpel\/wp-json\/wp\/v2\/comments?post=369"}],"version-history":[{"count":8,"href":"https:\/\/wp.ufpel.edu.br\/editoraufpel\/wp-json\/wp\/v2\/pages\/369\/revisions"}],"predecessor-version":[{"id":4019,"href":"https:\/\/wp.ufpel.edu.br\/editoraufpel\/wp-json\/wp\/v2\/pages\/369\/revisions\/4019"}],"wp:attachment":[{"href":"https:\/\/wp.ufpel.edu.br\/editoraufpel\/wp-json\/wp\/v2\/media?parent=369"}],"curies":[{"name":"wp","href":"https:\/\/api.w.org\/{rel}","templated":true}]}}