{"id":283,"date":"2015-11-19T08:58:31","date_gmt":"2015-11-19T10:58:31","guid":{"rendered":"https:\/\/wp.ufpel.edu.br\/editoraufpel\/?page_id=283"},"modified":"2026-02-13T14:32:33","modified_gmt":"2026-02-13T17:32:33","slug":"institucional","status":"publish","type":"page","link":"https:\/\/wp.ufpel.edu.br\/editoraufpel\/institucional\/","title":{"rendered":"Institucional"},"content":{"rendered":"<p>&nbsp;<\/p>\n<p><a href=\"https:\/\/wp.ufpel.edu.br\/editoraufpel\/files\/2015\/11\/logo_ufpel.png\"><img loading=\"lazy\" decoding=\"async\" class=\"size-full wp-image-442 aligncenter\" src=\"https:\/\/wp.ufpel.edu.br\/editoraufpel\/files\/2015\/11\/logo_ufpel.png\" alt=\"\" width=\"301\" height=\"140\" \/><\/a><\/p>\n<p>&nbsp;<\/p>\n<p><strong>Reitoria<\/strong><br \/>\n<strong>Reitora:<\/strong><em> Ursula Rosa da Silva<\/em><br \/>\n<strong>Vice-Reitor:<\/strong> <em>Eraldo dos Santos Pinheiro<\/em><br \/>\n<strong>Chefe de Gabinete da Reitoria:<\/strong> <em>Renata Vieira Rodrigues Severo<\/em><br \/>\n<strong>Pr\u00f3-Reitor de Ensino:<\/strong> <em>Ant\u00f4nio Maur\u00edcio Medeiros Alves<\/em><br \/>\n<strong>Pr\u00f3-Reitor de Pesquisa e P\u00f3s-Gradua\u00e7\u00e3o:<\/strong> <em>Marcos Britto Corr\u00eaa<\/em><br \/>\n<strong>Pr\u00f3-Reitor de Extens\u00e3o e Cultura:<\/strong><em> F\u00e1bio Garcia Lima<\/em><br \/>\n<strong>Pr\u00f3-Reitora de Planejamento e Desenvolvimento:<\/strong> <em>Aline Ribeiro Paliga<\/em><br \/>\n<strong>Pr\u00f3-Reitora de Assuntos Estudantis:<\/strong> <em>Josy Dias Anacleto<\/em><br \/>\n<strong>Pr\u00f3-Reitora de Gest\u00e3o de Pessoas:<\/strong> <em>Ta\u00eds Ullrich Fonseca<\/em><br \/>\n<strong>Pr\u00f3-Reitora de A\u00e7\u00f5es Afirmativas e Equidade:<\/strong> <em>Claudia Daiane Garcia Molet<\/em><br \/>\n<strong>Superintendente do Campus Cap\u00e3o do Le\u00e3o:<\/strong> <em>Jos\u00e9 Rafael Bordin<\/em><br \/>\n<strong>Superintendente de Gest\u00e3o Administrativa:<\/strong> <em>Mariana Schardosim Tavares<\/em><br \/>\n<strong>Superintendente de Gest\u00e3o da Informa\u00e7\u00e3o e Comunica\u00e7\u00e3o:<\/strong> <em>Christiano Martino Otero \u00c1vila<\/em><br \/>\n<strong>Superintend\u00eancia de Inova\u00e7\u00e3o e Desenvolvimento Interinstitucional:<\/strong> <em>Vin\u00edcius Farias Campos<\/em><br \/>\n<strong>Superintend\u00eancia de Infraestrutura:<\/strong> <em>Everton Bonow<\/em><br \/>\n<strong>Superintend\u00eancia do Hospital Escola:<\/strong><em> Tiago Vieiras Collares<\/em><\/p>\n<p><strong>Conselho Editorial<\/strong><br \/>\n<strong>Presidente do Conselho Editorial:<\/strong> <em>Ana da Rosa Bandeira<\/em><br \/>\n<strong>Representantes das Ci\u00eancias Agr\u00e1rias:<\/strong> <em>Sandra Mara da Encarna\u00e7\u00e3o Fiala Rechsteiner (TITULAR), C\u00e1ssio Cassal Brauner e Viviane Santos Silva Terra<\/em><br \/>\n<strong>Representantes da \u00c1rea das Ci\u00eancias Exatas e da Terra:<\/strong> <em>Aline Joana Rolina Wohlmuth Alves dos Santos (TITULAR), Felipe Padilha Leitzke e Werner Krambeck Sauter<\/em><br \/>\n<strong>Representantes da \u00c1rea das Ci\u00eancias Biol\u00f3gicas:<\/strong><em> Rosangela Ferreira Rodrigues (TITULAR) e Marla Piumbini Rocha<\/em><br \/>\n<strong>Representantes da \u00c1rea das Engenharias:<\/strong> <em>Reginaldo da N\u00f3brega Tavares (TITULAR)<\/em><br \/>\n<strong>Representantes da \u00c1rea das Ci\u00eancias da Sa\u00fade:<\/strong> <em>Claiton Leonetti Lencina (TITULAR)<\/em><br \/>\n<strong>Representantes da \u00c1rea das Ci\u00eancias Sociais Aplicadas:<\/strong> <em>Daniel Lena Marchiori Neto (TITULAR), Bruno Rotta Almeida e Marislei da Silveira Ribeiro<\/em><br \/>\n<strong>Representantes da \u00c1rea das Ci\u00eancias Humanas:<\/strong> <em>Maristani Polidori Zamperetti (TITULAR) e Mauro Dillmann Tavares<\/em><br \/>\n<strong>Representantes da \u00c1rea das Linguagens e Artes:<\/strong> <em>Chris de Azevedo Ramil (TITULAR), Leandro Ernesto Maia e Vanessa Caldeira Leite<\/em><\/p>\n<p>&nbsp;<\/p>\n<p><strong>Editora<\/strong><\/p>\n<p><strong>Se\u00e7\u00e3o de Pr\u00e9-produ\u00e7\u00e3o:<\/strong><br \/>\nIsabel Cochrane |\u00a0<span style=\"font-size: 8pt;\">ADMINISTRATIVO<\/span><br \/>\nSuelen Aires B\u00f6ettge | <span style=\"font-size: 8pt;\">ADMINISTRATIVO<\/span><\/p>\n<p><strong>Se\u00e7\u00e3o de Produ\u00e7\u00e3o:<\/strong><br \/>\nAna da Rosa Bandeira | <span style=\"font-size: 8pt;\">COORDENA\u00c7\u00c3O DE PROJETO<\/span><br \/>\nEliana Peter Braz | <span style=\"font-size: 8pt;\">PREPARA\u00c7\u00c3O DE ORIGINAIS<\/span> | <span style=\"font-size: 8pt;\">REVIS\u00c3O<\/span><br \/>\nMadelon Schimmelpfennig Lopes | <span style=\"font-size: 8pt;\">CATALOGA\u00c7\u00c3O<\/span><br \/>\nAnelise Heidrich | <span style=\"font-size: 8pt;\">REVIS\u00c3O<\/span><br \/>\nSuelen Aires B\u00f6ettge | <span style=\"font-size: 8pt;\">PREPARA\u00c7\u00c3O DE ORIGINAIS | REVIS\u00c3O<\/span><br \/>\nFernanda Figueredo Alves | <span style=\"font-size: 8pt;\">PROJETO GR\u00c1FICO E<\/span>\u00a0<span style=\"font-size: 8pt;\">DIAGRAMA\u00c7\u00c3O<\/span><br \/>\nAlicie Martins de Lima (Bolsista) | <span style=\"font-size: 8pt;\">PROJETO GR\u00c1FICO E<\/span>\u00a0<span style=\"font-size: 8pt;\">DIAGRAMA\u00c7\u00c3O<\/span><\/p>\n<p><strong>Se\u00e7\u00e3o de P\u00f3s-produ\u00e7\u00e3o:<\/strong><br \/>\nMarisa Helena Gonsalves de Moura\u00a0| <span style=\"font-size: 8pt;\">ADMINISTRATIVO<\/span><br \/>\nEliana Peter Braz | <span style=\"font-size: 8pt;\">ADMINISTRATIVO<\/span><br \/>\nNewton Nyamasege Marube | <span style=\"font-size: 8pt;\">ADMINISTRATIVO<\/span><\/p>\n","protected":false},"excerpt":{"rendered":"<p>&nbsp; &nbsp; Reitoria Reitora: Ursula Rosa da Silva Vice-Reitor: Eraldo dos Santos Pinheiro Chefe de Gabinete da Reitoria: Renata Vieira Rodrigues Severo Pr\u00f3-Reitor de Ensino: Ant\u00f4nio Maur\u00edcio Medeiros Alves Pr\u00f3-Reitor de Pesquisa e P\u00f3s-Gradua\u00e7\u00e3o: Marcos Britto Corr\u00eaa Pr\u00f3-Reitor de Extens\u00e3o e Cultura: F\u00e1bio Garcia Lima Pr\u00f3-Reitora de Planejamento e Desenvolvimento: Aline Ribeiro Paliga Pr\u00f3-Reitora de [&hellip;]<\/p>\n","protected":false},"author":304,"featured_media":0,"parent":0,"menu_order":0,"comment_status":"closed","ping_status":"closed","template":"","meta":{"jetpack_post_was_ever_published":false,"footnotes":""},"class_list":["post-283","page","type-page","status-publish","hentry","post"],"jetpack_sharing_enabled":true,"jetpack_shortlink":"https:\/\/wp.me\/P6W23B-4z","_links":{"self":[{"href":"https:\/\/wp.ufpel.edu.br\/editoraufpel\/wp-json\/wp\/v2\/pages\/283","targetHints":{"allow":["GET"]}}],"collection":[{"href":"https:\/\/wp.ufpel.edu.br\/editoraufpel\/wp-json\/wp\/v2\/pages"}],"about":[{"href":"https:\/\/wp.ufpel.edu.br\/editoraufpel\/wp-json\/wp\/v2\/types\/page"}],"author":[{"embeddable":true,"href":"https:\/\/wp.ufpel.edu.br\/editoraufpel\/wp-json\/wp\/v2\/users\/304"}],"replies":[{"embeddable":true,"href":"https:\/\/wp.ufpel.edu.br\/editoraufpel\/wp-json\/wp\/v2\/comments?post=283"}],"version-history":[{"count":3,"href":"https:\/\/wp.ufpel.edu.br\/editoraufpel\/wp-json\/wp\/v2\/pages\/283\/revisions"}],"predecessor-version":[{"id":4637,"href":"https:\/\/wp.ufpel.edu.br\/editoraufpel\/wp-json\/wp\/v2\/pages\/283\/revisions\/4637"}],"wp:attachment":[{"href":"https:\/\/wp.ufpel.edu.br\/editoraufpel\/wp-json\/wp\/v2\/media?parent=283"}],"curies":[{"name":"wp","href":"https:\/\/api.w.org\/{rel}","templated":true}]}}