{"id":263,"date":"2015-11-16T09:19:33","date_gmt":"2015-11-16T11:19:33","guid":{"rendered":"https:\/\/wp.ufpel.edu.br\/editoraufpel\/?page_id=263"},"modified":"2026-02-04T15:32:21","modified_gmt":"2026-02-04T18:32:21","slug":"livrariaelinha","status":"publish","type":"page","link":"https:\/\/wp.ufpel.edu.br\/editoraufpel\/livrariaelinha\/","title":{"rendered":"Livraria e Linha UFPel"},"content":{"rendered":"<p><a href=\"https:\/\/wp.ufpel.edu.br\/editoraufpel\/files\/2018\/05\/livraria.png\"><img loading=\"lazy\" decoding=\"async\" class=\"aligncenter wp-image-602\" src=\"https:\/\/wp.ufpel.edu.br\/editoraufpel\/files\/2018\/05\/livraria-1024x431.png\" alt=\"\" width=\"1522\" height=\"640\" srcset=\"https:\/\/wp.ufpel.edu.br\/editoraufpel\/files\/2018\/05\/livraria-1024x431.png 1024w, https:\/\/wp.ufpel.edu.br\/editoraufpel\/files\/2018\/05\/livraria-400x168.png 400w, https:\/\/wp.ufpel.edu.br\/editoraufpel\/files\/2018\/05\/livraria-768x323.png 768w, https:\/\/wp.ufpel.edu.br\/editoraufpel\/files\/2018\/05\/livraria-600x252.png 600w\" sizes=\"auto, (max-width: 1522px) 100vw, 1522px\" \/><\/a><\/p>\n<p><img loading=\"lazy\" decoding=\"async\" class=\"aligncenter\" src=\"http:\/\/ccs2.ufpel.edu.br\/wp\/wp-content\/uploads\/2015\/11\/DSC_9915.jpg\" alt=\"\" width=\"1479\" height=\"979\" \/><\/p>\n<p style=\"text-align: left;\"><strong>Livraria e Linha UFPel<\/strong><\/p>\n<p style=\"text-align: left;\">Endere\u00e7o: Rua Benjamin Constant, 1071 (Antigo Pr\u00e9dio da Brahma).<\/p>\n<p style=\"text-align: left;\">Telefone: (53)3284-1684.<\/p>\n<p style=\"text-align: left;\">Hor\u00e1rio de atendimento ao p\u00fablico: segunda a sexta, das 8h \u00e0s 18h.<\/p>\n<p><strong>Acesse o site da Livraria e da Linha UFPel:<\/strong><\/p>\n<p style=\"text-align: left;\"><a href=\"http:\/\/loja.livrariaufpel.com.br\/home\"><img loading=\"lazy\" decoding=\"async\" class=\"alignnone size-full wp-image-1218\" src=\"https:\/\/wp.ufpel.edu.br\/editoraufpel\/files\/2023\/03\/linhalivraria-logos.png\" alt=\"\" width=\"180\" height=\"86\" \/><\/a><\/p>\n","protected":false},"excerpt":{"rendered":"<p>Livraria e Linha UFPel Endere\u00e7o: Rua Benjamin Constant, 1071 (Antigo Pr\u00e9dio da Brahma). Telefone: (53)3284-1684. Hor\u00e1rio de atendimento ao p\u00fablico: segunda a sexta, das 8h \u00e0s 18h. Acesse o site da Livraria e da Linha UFPel:<\/p>\n","protected":false},"author":304,"featured_media":0,"parent":0,"menu_order":6,"comment_status":"closed","ping_status":"closed","template":"","meta":{"jetpack_post_was_ever_published":false,"footnotes":""},"class_list":["post-263","page","type-page","status-publish","hentry","post"],"jetpack_sharing_enabled":true,"jetpack_shortlink":"https:\/\/wp.me\/P6W23B-4f","_links":{"self":[{"href":"https:\/\/wp.ufpel.edu.br\/editoraufpel\/wp-json\/wp\/v2\/pages\/263","targetHints":{"allow":["GET"]}}],"collection":[{"href":"https:\/\/wp.ufpel.edu.br\/editoraufpel\/wp-json\/wp\/v2\/pages"}],"about":[{"href":"https:\/\/wp.ufpel.edu.br\/editoraufpel\/wp-json\/wp\/v2\/types\/page"}],"author":[{"embeddable":true,"href":"https:\/\/wp.ufpel.edu.br\/editoraufpel\/wp-json\/wp\/v2\/users\/304"}],"replies":[{"embeddable":true,"href":"https:\/\/wp.ufpel.edu.br\/editoraufpel\/wp-json\/wp\/v2\/comments?post=263"}],"version-history":[{"count":3,"href":"https:\/\/wp.ufpel.edu.br\/editoraufpel\/wp-json\/wp\/v2\/pages\/263\/revisions"}],"predecessor-version":[{"id":4621,"href":"https:\/\/wp.ufpel.edu.br\/editoraufpel\/wp-json\/wp\/v2\/pages\/263\/revisions\/4621"}],"wp:attachment":[{"href":"https:\/\/wp.ufpel.edu.br\/editoraufpel\/wp-json\/wp\/v2\/media?parent=263"}],"curies":[{"name":"wp","href":"https:\/\/api.w.org\/{rel}","templated":true}]}}