{"id":224,"date":"2015-11-10T09:06:42","date_gmt":"2015-11-10T11:06:42","guid":{"rendered":"https:\/\/wp.ufpel.edu.br\/editoraufpel\/?page_id=224"},"modified":"2026-02-06T09:52:00","modified_gmt":"2026-02-06T12:52:00","slug":"como-publicar","status":"publish","type":"page","link":"https:\/\/wp.ufpel.edu.br\/editoraufpel\/documentos\/como-publicar\/","title":{"rendered":"Como Publicar"},"content":{"rendered":"<p>&nbsp;<\/p>\n<p>&nbsp;<\/p>\n<p><a href=\"https:\/\/wp.ufpel.edu.br\/editoraufpel\/files\/2021\/09\/Fluxograma_1024x315-01.png\"><img loading=\"lazy\" decoding=\"async\" class=\"aligncenter wp-image-1000 size-large\" src=\"https:\/\/wp.ufpel.edu.br\/editoraufpel\/files\/2021\/09\/Fluxograma_1024x315-01-1024x315.png\" alt=\"\" width=\"1000\" height=\"308\" srcset=\"https:\/\/wp.ufpel.edu.br\/editoraufpel\/files\/2021\/09\/Fluxograma_1024x315-01-1024x315.png 1024w, https:\/\/wp.ufpel.edu.br\/editoraufpel\/files\/2021\/09\/Fluxograma_1024x315-01-400x123.png 400w, https:\/\/wp.ufpel.edu.br\/editoraufpel\/files\/2021\/09\/Fluxograma_1024x315-01-768x236.png 768w, https:\/\/wp.ufpel.edu.br\/editoraufpel\/files\/2021\/09\/Fluxograma_1024x315-01-1536x473.png 1536w, https:\/\/wp.ufpel.edu.br\/editoraufpel\/files\/2021\/09\/Fluxograma_1024x315-01-2048x630.png 2048w, https:\/\/wp.ufpel.edu.br\/editoraufpel\/files\/2021\/09\/Fluxograma_1024x315-01-600x185.png 600w\" sizes=\"auto, (max-width: 1000px) 100vw, 1000px\" \/><\/a><\/p>\n<p>&nbsp;<\/p>\n<table style=\"border-collapse: collapse; width: 100%;\" border=\"1\">\n<tbody>\n<tr style=\"height: 50px;\">\n<td style=\"width: 7.37564%; height: 80px;\"><strong><span style=\"color: #003366;\"><img loading=\"lazy\" decoding=\"async\" class=\"alignnone\" src=\"https:\/\/wp.ufpel.edu.br\/editoraufpel\/files\/2015\/11\/Untitled-1.png\" alt=\"\" width=\"46\" height=\"46\" \/><\/span><\/strong><\/td>\n<td style=\"width: 82.59%; text-align: center; height: 80px;\"><strong><span style=\"color: #003366; font-size: 13pt;\">O N\u00facleo de Editora, Livraria e Gr\u00e1fica da UFPel informa os novos procedimentos para<\/span><\/strong><br \/>\n<strong><span style=\"color: #003366; font-size: 13pt;\"> submiss\u00e3o de originais<\/span> <span style=\"color: #d68102; font-size: 13pt;\">a partir de 01\/02\/2026<\/span>.<\/strong><\/td>\n<\/tr>\n<\/tbody>\n<\/table>\n<p>&nbsp;<\/p>\n<p><span style=\"color: #d66304;\"><em><span style=\"font-size: 14pt;\"><strong>Como publicar pela Editora da UFPel?<\/strong><\/span><\/em><\/span><\/p>\n<p><span style=\"font-size: 10pt;\"><strong><em>Leia atentamente o <a href=\"http:\/\/guaiaca.ufpel.edu.br\/xmlui\/handle\/prefix\/11628\">&#8220;Manual de reda\u00e7\u00e3o &amp; Guia para elaborar refer\u00eancias&#8221;<\/a> \u00a0antes de realizar a submiss\u00e3o de sua proposta.<\/em><\/strong><\/span><\/p>\n<p>Na submiss\u00e3o, o(a) autor(a)\/organizador(a) dever\u00e1 encaminhar, <span style=\"color: #ff9900;\"><strong>obrigatoriamente<\/strong><\/span>, os seguintes documentos:<\/p>\n<p style=\"padding-left: 40px;\">*Ap\u00f3s a leitura do manual, preencha o <a href=\"https:\/\/wp.ufpel.edu.br\/editoraufpel\/files\/2026\/01\/Formulario-de-proposta-de-publicacao.docx\">Formul\u00e1rio de proposta de publica\u00e7\u00e3o <\/a> e entre em contato com o N\u00facleo de Editora e Livraria pelo telefone (53) 3284-1684 ou enviando um e-mail para preproducaoeditoraufpel@gmail.com;<br \/>\n* <a href=\"https:\/\/wp.ufpel.edu.br\/editoraufpel\/files\/2026\/01\/Termo-de-compromisso.docx\">Termo de compromisso<\/a>;<br \/>\n* Arquivo do texto original completo em formato Word (.doc ou .docx), com identifica\u00e7\u00e3o de autoria. Posteriormente \u00e0 aprecia\u00e7\u00e3o pr\u00e9via, ser\u00e1 solicitado o envio sem identifica\u00e7\u00e3o de autoria, para viabilizar a avalia\u00e7\u00e3o em sistema de parecer cego;\u00a0 \u00a0<span style=\"font-size: 10pt; color: #808080;\">(atualizado em 03\/02\/26)<\/span><br \/>\n* Texto de apresenta\u00e7\u00e3o (em formato de carta de submiss\u00e3o ou introdu\u00e7\u00e3o da obra) contendo entre 500 e no m\u00e1ximo 800 caracteres,\u00a0 dirigida ao Conselho Editorial da Editora, solicitando a an\u00e1lise do material com vistas \u00e0 publica\u00e7\u00e3o, na qual o(a) proponente dever\u00e1 situar o Editor e o Conselho Editorial quanto ao objetivo central da obra; \u00a0 \u00a0<span style=\"font-size: 10pt; color: #808080;\">(atualizado em 03\/02\/26)<\/span><br \/>\n* <a href=\"https:\/\/wp.ufpel.edu.br\/editoraufpel\/files\/2026\/01\/DECLARACAO-DE-PREPARACAO-DE-ORIGINAIS-E-REVISAO-TEXTUAL_Atualizado-19_01_2026.docx\">Declara\u00e7\u00e3o de prepara\u00e7\u00e3o de originais e de revis\u00e3o textual<\/a> realizada por profissional da \u00e1rea de Letras ou Jornalismo;<\/p>\n<p>J\u00e1 os termos listados abaixo, tamb\u00e9m <span style=\"color: #ff9900;\"><strong>obrigat\u00f3rios<\/strong><\/span>,\u00a0 ser\u00e3o solicitados na <strong>fase de produ\u00e7\u00e3o<\/strong> da obra, especificamente durante a <span style=\"color: #333333;\"><strong>etapa de confer\u00eancia da prepara\u00e7\u00e3o de originais e da revis\u00e3o textual<\/strong><\/span>.<\/p>\n<p style=\"padding-left: 40px;\">* <a href=\"https:\/\/wp.ufpel.edu.br\/editoraufpel\/files\/2026\/01\/TERMO-DE-CESSAO-E-TRANSFERENCIA-DE-DIREITOS-AUTORAIS.docx\">Termo de cess\u00e3o e transfer\u00eancia de direitos autorais<\/a>;<br \/>\n* <a href=\"https:\/\/wp.ufpel.edu.br\/editoraufpel\/files\/2026\/01\/TERMO-DE-AUTORIZACAO-DE-USO-DE-IMAGEM-DE-TERCEIROS.docx\">Termo de autoriza\u00e7\u00e3o de uso de imagem pessoal de terceiros<\/a>;<br \/>\n* <a href=\"https:\/\/wp.ufpel.edu.br\/editoraufpel\/files\/2026\/01\/Autorizacao-de-uso-de-imagem-_-Nelu.docx\">Termo de autoriza\u00e7\u00e3o de uso de imagem<\/a> em obra a ser publicada pela Editora UFPel.<\/p>\n<p>Solicitamos a leitura atenta de todos os documentos dispon\u00edveis sobre o processo de publica\u00e7\u00e3o pela Editora da UFPel, a fim de evitar d\u00favidas quanto aos procedimentos e prazos.<\/p>\n<p>Est\u00e3o dispon\u00edveis, tamb\u00e9m, o<strong> <a href=\"https:\/\/wp.ufpel.edu.br\/editoraufpel\/files\/2026\/02\/Contrato-Editorial-jan-2026.docx\">novo contrato<\/a><\/strong>, vigente a partir de janeiro de 2026; o documento <strong>\u201c<a href=\"https:\/\/wp.me\/a6W23B-1cy\">Processo de publica\u00e7\u00e3o de livro na Editora da UFPel<\/a>\u201d<\/strong>, que tem como objetivo esclarecer as etapas envolvidas na publica\u00e7\u00e3o de livros pela Editora da Universidade Federal de Pelotas (UFPel), bem como informar os prazos m\u00e9dios previstos para cada fase; e o<strong> <a href=\"https:\/\/wp.ufpel.edu.br\/editoraufpel\/files\/2026\/01\/Guia-sobre-direitos-autorais-e-uso-de-imagens-Nelu_UFPel.pdf\">Guia sobre direitos autorais e uso de imagens <\/a>,<\/strong> cujo prop\u00f3sito \u00e9 orientar autores, editores e demais envolvidos na produ\u00e7\u00e3o editorial da Editora da UFPel quanto ao uso legal e \u00e9tico de imagens em publica\u00e7\u00f5es acad\u00eamicas e t\u00e9cnicas, garantindo o respeito \u00e0 legisla\u00e7\u00e3o de direitos autorais e \u00e0 integridade das obras e dos autores visuais.<\/p>\n<p><span style=\"font-size: 10pt;\"><strong><span style=\"color: #ff6600;\">*** Obras complexas ( textos com grande quantidade de f\u00f3rmulas matem\u00e1ticas, tabelas complexas etc) devem ser submetidas conforme o\u00a0 <\/span><\/strong><\/span><span style=\"color: #ff9900;\"><b><a href=\"https:\/\/wp.ufpel.edu.br\/editoraufpel\/?page_id=4404&amp;preview=true\">Guia de Orienta\u00e7\u00e3o para Submiss\u00e3o de Obras em LaTeX \u00e0 Editora da UFPel<\/a>\u00a0<\/b><\/span><\/p>\n<p><em><strong>Aten\u00e7\u00e3o:<\/strong><\/em> antes de enviar o seu arquivo confira se ele est\u00e1 de acordo com os itens descritos no &#8220;<a href=\"https:\/\/wp.ufpel.edu.br\/editoraufpel\/files\/2021\/09\/check-list_autores.docx.pdf\" target=\"_blank\" rel=\"noopener\">Roteiro para autoras\/es e organizadoras\/es<\/a>&#8220;.<\/p>\n<p>&nbsp;<\/p>\n","protected":false},"excerpt":{"rendered":"<p>&nbsp; &nbsp; &nbsp; O N\u00facleo de Editora, Livraria e Gr\u00e1fica da UFPel informa os novos procedimentos para submiss\u00e3o de originais a partir de 01\/02\/2026. &nbsp; Como publicar pela Editora da UFPel? Leia atentamente o &#8220;Manual de reda\u00e7\u00e3o &amp; Guia para elaborar refer\u00eancias&#8221; \u00a0antes de realizar a submiss\u00e3o de sua proposta. Na submiss\u00e3o, o(a) autor(a)\/organizador(a) dever\u00e1 [&hellip;]<\/p>\n","protected":false},"author":452,"featured_media":0,"parent":220,"menu_order":0,"comment_status":"closed","ping_status":"closed","template":"","meta":{"jetpack_post_was_ever_published":false,"footnotes":""},"class_list":["post-224","page","type-page","status-publish","hentry","post"],"jetpack_sharing_enabled":true,"jetpack_shortlink":"https:\/\/wp.me\/P6W23B-3C","_links":{"self":[{"href":"https:\/\/wp.ufpel.edu.br\/editoraufpel\/wp-json\/wp\/v2\/pages\/224","targetHints":{"allow":["GET"]}}],"collection":[{"href":"https:\/\/wp.ufpel.edu.br\/editoraufpel\/wp-json\/wp\/v2\/pages"}],"about":[{"href":"https:\/\/wp.ufpel.edu.br\/editoraufpel\/wp-json\/wp\/v2\/types\/page"}],"author":[{"embeddable":true,"href":"https:\/\/wp.ufpel.edu.br\/editoraufpel\/wp-json\/wp\/v2\/users\/452"}],"replies":[{"embeddable":true,"href":"https:\/\/wp.ufpel.edu.br\/editoraufpel\/wp-json\/wp\/v2\/comments?post=224"}],"version-history":[{"count":3,"href":"https:\/\/wp.ufpel.edu.br\/editoraufpel\/wp-json\/wp\/v2\/pages\/224\/revisions"}],"predecessor-version":[{"id":4629,"href":"https:\/\/wp.ufpel.edu.br\/editoraufpel\/wp-json\/wp\/v2\/pages\/224\/revisions\/4629"}],"up":[{"embeddable":true,"href":"https:\/\/wp.ufpel.edu.br\/editoraufpel\/wp-json\/wp\/v2\/pages\/220"}],"wp:attachment":[{"href":"https:\/\/wp.ufpel.edu.br\/editoraufpel\/wp-json\/wp\/v2\/media?parent=224"}],"curies":[{"name":"wp","href":"https:\/\/api.w.org\/{rel}","templated":true}]}}